{"id":949,"date":"2026-01-17T14:24:33","date_gmt":"2026-01-17T14:24:33","guid":{"rendered":"https:\/\/www.axpourtous.fr\/?page_id=949"},"modified":"2026-02-20T15:58:25","modified_gmt":"2026-02-20T15:58:25","slug":"helene-rouzaud-et-rene-roques","status":"publish","type":"page","link":"https:\/\/www.axpourtous.fr\/index.php\/helene-rouzaud-et-rene-roques\/","title":{"rendered":"H\u00e9l\u00e8ne ROUZAUD et Ren\u00e9 ROQUES"},"content":{"rendered":"\t\t<div data-elementor-type=\"wp-page\" data-elementor-id=\"949\" class=\"elementor elementor-949\">\n\t\t\t\t<div class=\"elementor-element elementor-element-f70cfe4 e-flex e-con-boxed e-con e-parent\" data-id=\"f70cfe4\" data-element_type=\"container\" data-e-type=\"container\">\n\t\t\t\t\t<div class=\"e-con-inner\">\n\t\t<div class=\"elementor-element elementor-element-8e6fe41 e-con-full e-flex e-con e-child\" data-id=\"8e6fe41\" data-element_type=\"container\" data-e-type=\"container\">\n\t\t\t\t<div class=\"elementor-element elementor-element-cf22856 elementor-widget elementor-widget-image\" data-id=\"cf22856\" data-element_type=\"widget\" data-e-type=\"widget\" data-widget_type=\"image.default\">\n\t\t\t\t\t\t\t\t\t\t\t\t\t\t\t<img fetchpriority=\"high\" decoding=\"async\" width=\"333\" height=\"500\" src=\"https:\/\/www.axpourtous.fr\/wp-content\/uploads\/2026\/01\/Helene-ROUZAUD.jpg\" class=\"attachment-large size-large wp-image-855\" alt=\"H\u00e9l\u00e8ne ROUZAUD\" srcset=\"https:\/\/www.axpourtous.fr\/wp-content\/uploads\/2026\/01\/Helene-ROUZAUD.jpg 333w, https:\/\/www.axpourtous.fr\/wp-content\/uploads\/2026\/01\/Helene-ROUZAUD-200x300.jpg 200w\" sizes=\"(max-width: 333px) 100vw, 333px\" \/>\t\t\t\t\t\t\t\t\t\t\t\t\t\t\t<\/div>\n\t\t\t\t<\/div>\n\t\t<div class=\"elementor-element elementor-element-f7fae51 e-con-full e-flex e-con e-child\" data-id=\"f7fae51\" data-element_type=\"container\" data-e-type=\"container\">\n\t\t\t\t<div class=\"elementor-element elementor-element-afabb01 elementor-widget elementor-widget-text-editor\" data-id=\"afabb01\" data-element_type=\"widget\" data-e-type=\"widget\" data-widget_type=\"text-editor.default\">\n\t\t\t\t\t\t\t\t\t<p><strong>H\u00e9l\u00e8ne ROUZAUD<\/strong><\/p><p>Je suis \u00e2g\u00e9e de 47 ans et ai grandi dans les Vall\u00e9es d\u2019Ax o\u00f9 j\u2019ai aussi \u00e9lev\u00e9 mes deux enfants maintenant \u00e9tudiants \u00e0 Toulouse. Enseignante depuis 20 ans \u00e0 Ax Les Thermes, j\u2019ai commenc\u00e9 \u00e0 l\u2019\u00e9cole maternelle puis primaire, au plus pr\u00e8s des \u00e9l\u00e8ves, des familles, du quotidien de l\u2019\u00e9cole publique. Ce m\u00e9tier, je l\u2019ai choisi par conviction, et je continue \u00e0 l\u2019exercer avec la m\u00eame exigence et le m\u00eame engagement. Depuis trois ans, j\u2019occupe \u00e9galement les fonctions de directrice d\u2019\u00e9cole, un r\u00f4le qui m\u2019a permis d\u2019\u00e9largir mon regard, de dialoguer avec les partenaires institutionnels et de porter des projets collectifs au service des enfants. Par ailleurs, je pratique r\u00e9guli\u00e8rement les sports de montagne, qui font partie int\u00e9grante de mon \u00e9quilibre personnel et je suis tr\u00e8s attach\u00e9e aux activit\u00e9s culturelles qui contribuent \u00e0 l\u2019ouverture aux autres et \u00e0 la vitalit\u00e9 d\u2019un territoire.<\/p><p>Je crois profond\u00e9ment au travail en commun, \u00e0 la transmission, et \u00e0 l\u2019importance de l\u2019engagement local. Je suis conseill\u00e8re municipale depuis 2022 et je si\u00e8ge \u00e9galement au conseil d\u2019administration d\u2019Ax Animation.<\/p>\t\t\t\t\t\t\t\t<\/div>\n\t\t\t\t<\/div>\n\t\t\t\t\t<\/div>\n\t\t\t\t<\/div>\n\t\t<div class=\"elementor-element elementor-element-dfa419f e-flex e-con-boxed e-con e-parent\" data-id=\"dfa419f\" data-element_type=\"container\" data-e-type=\"container\">\n\t\t\t\t\t<div class=\"e-con-inner\">\n\t\t<div class=\"elementor-element elementor-element-2e9dfdc e-con-full e-flex e-con e-child\" data-id=\"2e9dfdc\" data-element_type=\"container\" data-e-type=\"container\">\n\t\t\t\t<div class=\"elementor-element elementor-element-fb900fc elementor-widget elementor-widget-image\" data-id=\"fb900fc\" data-element_type=\"widget\" data-e-type=\"widget\" data-widget_type=\"image.default\">\n\t\t\t\t\t\t\t\t\t\t\t\t\t\t\t<img decoding=\"async\" width=\"333\" height=\"500\" src=\"https:\/\/www.axpourtous.fr\/wp-content\/uploads\/2026\/01\/Rene-ROQUES.jpg\" class=\"attachment-large size-large wp-image-861\" alt=\"Ren\u00e9 ROQUES\" srcset=\"https:\/\/www.axpourtous.fr\/wp-content\/uploads\/2026\/01\/Rene-ROQUES.jpg 333w, https:\/\/www.axpourtous.fr\/wp-content\/uploads\/2026\/01\/Rene-ROQUES-200x300.jpg 200w\" sizes=\"(max-width: 333px) 100vw, 333px\" \/>\t\t\t\t\t\t\t\t\t\t\t\t\t\t\t<\/div>\n\t\t\t\t<\/div>\n\t\t<div class=\"elementor-element elementor-element-60dcf52 e-con-full e-flex e-con e-child\" data-id=\"60dcf52\" data-element_type=\"container\" data-e-type=\"container\">\n\t\t\t\t<div class=\"elementor-element elementor-element-3cdac34 elementor-widget elementor-widget-text-editor\" data-id=\"3cdac34\" data-element_type=\"widget\" data-e-type=\"widget\" data-widget_type=\"text-editor.default\">\n\t\t\t\t\t\t\t\t\t<p><strong>Ren\u00e9 ROQUES<\/strong><\/p><p>Je suis n\u00e9 \u00e0 Ax, en 1948, au 16 rue du g\u00e9n\u00e9ral De Gaulle. J\u2019ai fr\u00e9quent\u00e9 les \u00e9coles communales d\u2019Ax-les-Thermes puis le Lyc\u00e9e Gabriel Faur\u00e9 \u00e0 Foix.<\/p><p>Apr\u00e8s mes \u00e9tudes, je suis rentr\u00e9 \u00e0 La Poste d\u2019Ax, puis mutation \u00e0 Paris et dans les Alpes Maritimes o\u00f9 j\u2019ai termin\u00e9 ma carri\u00e8re en qualit\u00e9 de chef d\u2019\u00e9tablissement.<\/p><p>En retraite, je suis revenu au pays, vivre dans la maison familiale (quartier d\u2019Encastel).<\/p><p>Je me suis vite impliqu\u00e9 dans diff\u00e9rentes associations : la Fario de la Haute Ari\u00e8ge et aussi comme accompagnateur rando \u00e0 l\u2019Amicale des Montagnards Ax\u00e9ens.<\/p><p>Puis, presque d\u00e8s le d\u00e9but de sa cr\u00e9ation, j\u2019ai \u00e9t\u00e9 nomm\u00e9 vice-pr\u00e9sident des Amis des Chemins d\u2019Ax et du Patrimoine (ACAP) , laquelle \u00e0 re ouvert pr\u00e8s de 25 kilom\u00e8tres de vieux chemins sur Ax et Bonascre.<\/p><p>Je si\u00e8ge au conseil municipal, depuis 2014 et depuis 2020 au conseil communautaire.<\/p><p>Je suis d\u00e9l\u00e9gu\u00e9 de la commune au Syndicat Mixte De l\u2019Eau et Assainissement (SMDEA), aux Communes Foresti\u00e8res, au Syndicat des Rivi\u00e8res (SYMIVAR) et d\u00e9l\u00e9gu\u00e9 suppl\u00e9ant au Syndicat de l\u2019\u00c9lectricit\u00e9 09 (SDE09).<\/p><p>Je me repr\u00e9sente, pour continuer \u00e0 m\u2019investir dans la vie locale, et partager avec la nouvelle \u00e9quipe mon exp\u00e9rience et mes connaissances au profit du bien \u00eatre des Ax\u00e9ennes et Ax\u00e9ens.<\/p>\t\t\t\t\t\t\t\t<\/div>\n\t\t\t\t<\/div>\n\t\t\t\t\t<\/div>\n\t\t\t\t<\/div>\n\t\t<div class=\"elementor-element elementor-element-2ba1045 e-flex e-con-boxed e-con e-parent\" data-id=\"2ba1045\" data-element_type=\"container\" data-e-type=\"container\">\n\t\t\t\t\t<div class=\"e-con-inner\">\n\t\t\t\t<div class=\"elementor-element elementor-element-253ddc0 elementor-widget elementor-widget-text-editor\" data-id=\"253ddc0\" data-element_type=\"widget\" data-e-type=\"widget\" data-widget_type=\"text-editor.default\">\n\t\t\t\t\t\t\t\t\t<p>Une question \u00e0 nous poser ?<\/p><p>Envoyez nous un mail \u00e0 <strong>axpourtous@gmail.com<\/strong> et nous vous r\u00e9pondrons au plus vite.<\/p>\t\t\t\t\t\t\t\t<\/div>\n\t\t\t\t\t<\/div>\n\t\t\t\t<\/div>\n\t\t\t\t<\/div>\n\t\t","protected":false},"excerpt":{"rendered":"<p>H\u00e9l\u00e8ne ROUZAUD Je suis \u00e2g\u00e9e de 47 ans et ai grandi dans les Vall\u00e9es d\u2019Ax o\u00f9 j\u2019ai aussi \u00e9lev\u00e9 mes deux enfants maintenant \u00e9tudiants \u00e0 Toulouse. Enseignante depuis 20 ans \u00e0 Ax Les Thermes, j\u2019ai commenc\u00e9 \u00e0 l\u2019\u00e9cole maternelle puis primaire, au plus pr\u00e8s des \u00e9l\u00e8ves, des familles, du quotidien de l\u2019\u00e9cole publique. Ce m\u00e9tier, [&hellip;]<\/p>\n","protected":false},"author":1,"featured_media":0,"parent":0,"menu_order":0,"comment_status":"closed","ping_status":"closed","template":"","meta":{"_monsterinsights_skip_tracking":false,"_monsterinsights_sitenote_active":false,"_monsterinsights_sitenote_note":"","_monsterinsights_sitenote_category":0,"ocean_post_layout":"","ocean_both_sidebars_style":"","ocean_both_sidebars_content_width":0,"ocean_both_sidebars_sidebars_width":0,"ocean_sidebar":"","ocean_second_sidebar":"","ocean_disable_margins":"enable","ocean_add_body_class":"","ocean_shortcode_before_top_bar":"","ocean_shortcode_after_top_bar":"","ocean_shortcode_before_header":"","ocean_shortcode_after_header":"","ocean_has_shortcode":"","ocean_shortcode_after_title":"","ocean_shortcode_before_footer_widgets":"","ocean_shortcode_after_footer_widgets":"","ocean_shortcode_before_footer_bottom":"","ocean_shortcode_after_footer_bottom":"","ocean_display_top_bar":"default","ocean_display_header":"default","ocean_header_style":"","ocean_center_header_left_menu":"","ocean_custom_header_template":"","ocean_custom_logo":0,"ocean_custom_retina_logo":0,"ocean_custom_logo_max_width":0,"ocean_custom_logo_tablet_max_width":0,"ocean_custom_logo_mobile_max_width":0,"ocean_custom_logo_max_height":0,"ocean_custom_logo_tablet_max_height":0,"ocean_custom_logo_mobile_max_height":0,"ocean_header_custom_menu":"","ocean_menu_typo_font_family":"","ocean_menu_typo_font_subset":"","ocean_menu_typo_font_size":0,"ocean_menu_typo_font_size_tablet":0,"ocean_menu_typo_font_size_mobile":0,"ocean_menu_typo_font_size_unit":"px","ocean_menu_typo_font_weight":"","ocean_menu_typo_font_weight_tablet":"","ocean_menu_typo_font_weight_mobile":"","ocean_menu_typo_transform":"","ocean_menu_typo_transform_tablet":"","ocean_menu_typo_transform_mobile":"","ocean_menu_typo_line_height":0,"ocean_menu_typo_line_height_tablet":0,"ocean_menu_typo_line_height_mobile":0,"ocean_menu_typo_line_height_unit":"","ocean_menu_typo_spacing":0,"ocean_menu_typo_spacing_tablet":0,"ocean_menu_typo_spacing_mobile":0,"ocean_menu_typo_spacing_unit":"","ocean_menu_link_color":"","ocean_menu_link_color_hover":"","ocean_menu_link_color_active":"","ocean_menu_link_background":"","ocean_menu_link_hover_background":"","ocean_menu_link_active_background":"","ocean_menu_social_links_bg":"","ocean_menu_social_hover_links_bg":"","ocean_menu_social_links_color":"","ocean_menu_social_hover_links_color":"","ocean_disable_title":"default","ocean_disable_heading":"default","ocean_post_title":"","ocean_post_subheading":"","ocean_post_title_style":"","ocean_post_title_background_color":"","ocean_post_title_background":0,"ocean_post_title_bg_image_position":"","ocean_post_title_bg_image_attachment":"","ocean_post_title_bg_image_repeat":"","ocean_post_title_bg_image_size":"","ocean_post_title_height":0,"ocean_post_title_bg_overlay":0.5,"ocean_post_title_bg_overlay_color":"","ocean_disable_breadcrumbs":"default","ocean_breadcrumbs_color":"","ocean_breadcrumbs_separator_color":"","ocean_breadcrumbs_links_color":"","ocean_breadcrumbs_links_hover_color":"","ocean_display_footer_widgets":"default","ocean_display_footer_bottom":"default","ocean_custom_footer_template":"","footnotes":""},"class_list":["post-949","page","type-page","status-publish","hentry","entry"],"yoast_head":"<!-- This site is optimized with the Yoast SEO plugin v27.0 - https:\/\/yoast.com\/product\/yoast-seo-wordpress\/ -->\n<title>H\u00e9l\u00e8ne ROUZAUD et Ren\u00e9 ROQUES - Ax Pour Tous<\/title>\n<meta name=\"robots\" content=\"index, follow, max-snippet:-1, max-image-preview:large, max-video-preview:-1\" \/>\n<link rel=\"canonical\" href=\"https:\/\/www.axpourtous.fr\/index.php\/helene-rouzaud-et-rene-roques\/\" \/>\n<meta property=\"og:locale\" content=\"fr_FR\" \/>\n<meta property=\"og:type\" content=\"article\" \/>\n<meta property=\"og:title\" content=\"H\u00e9l\u00e8ne ROUZAUD et Ren\u00e9 ROQUES - Ax Pour Tous\" \/>\n<meta property=\"og:description\" content=\"H\u00e9l\u00e8ne ROUZAUD Je suis \u00e2g\u00e9e de 47 ans et ai grandi dans les Vall\u00e9es d\u2019Ax o\u00f9 j\u2019ai aussi \u00e9lev\u00e9 mes deux enfants maintenant \u00e9tudiants \u00e0 Toulouse. Enseignante depuis 20 ans \u00e0 Ax Les Thermes, j\u2019ai commenc\u00e9 \u00e0 l\u2019\u00e9cole maternelle puis primaire, au plus pr\u00e8s des \u00e9l\u00e8ves, des familles, du quotidien de l\u2019\u00e9cole publique. Ce m\u00e9tier, [&hellip;]\" \/>\n<meta property=\"og:url\" content=\"https:\/\/www.axpourtous.fr\/index.php\/helene-rouzaud-et-rene-roques\/\" \/>\n<meta property=\"og:site_name\" content=\"Ax Pour Tous\" \/>\n<meta property=\"article:modified_time\" content=\"2026-02-20T15:58:25+00:00\" \/>\n<meta property=\"og:image\" content=\"https:\/\/www.axpourtous.fr\/wp-content\/uploads\/2026\/01\/Helene-ROUZAUD.jpg\" \/>\n\t<meta property=\"og:image:width\" content=\"333\" \/>\n\t<meta property=\"og:image:height\" content=\"500\" \/>\n\t<meta property=\"og:image:type\" content=\"image\/jpeg\" \/>\n<meta name=\"twitter:card\" content=\"summary_large_image\" \/>\n<meta name=\"twitter:label1\" content=\"Dur\u00e9e de lecture estim\u00e9e\" \/>\n\t<meta name=\"twitter:data1\" content=\"3 minutes\" \/>\n<script type=\"application\/ld+json\" class=\"yoast-schema-graph\">{\"@context\":\"https:\/\/schema.org\",\"@graph\":[{\"@type\":\"WebPage\",\"@id\":\"https:\/\/www.axpourtous.fr\/index.php\/helene-rouzaud-et-rene-roques\/\",\"url\":\"https:\/\/www.axpourtous.fr\/index.php\/helene-rouzaud-et-rene-roques\/\",\"name\":\"H\u00e9l\u00e8ne ROUZAUD et Ren\u00e9 ROQUES - Ax Pour Tous\",\"isPartOf\":{\"@id\":\"https:\/\/www.axpourtous.fr\/#website\"},\"primaryImageOfPage\":{\"@id\":\"https:\/\/www.axpourtous.fr\/index.php\/helene-rouzaud-et-rene-roques\/#primaryimage\"},\"image\":{\"@id\":\"https:\/\/www.axpourtous.fr\/index.php\/helene-rouzaud-et-rene-roques\/#primaryimage\"},\"thumbnailUrl\":\"https:\/\/www.axpourtous.fr\/wp-content\/uploads\/2026\/01\/Helene-ROUZAUD.jpg\",\"datePublished\":\"2026-01-17T14:24:33+00:00\",\"dateModified\":\"2026-02-20T15:58:25+00:00\",\"breadcrumb\":{\"@id\":\"https:\/\/www.axpourtous.fr\/index.php\/helene-rouzaud-et-rene-roques\/#breadcrumb\"},\"inLanguage\":\"fr-FR\",\"potentialAction\":[{\"@type\":\"ReadAction\",\"target\":[\"https:\/\/www.axpourtous.fr\/index.php\/helene-rouzaud-et-rene-roques\/\"]}]},{\"@type\":\"ImageObject\",\"inLanguage\":\"fr-FR\",\"@id\":\"https:\/\/www.axpourtous.fr\/index.php\/helene-rouzaud-et-rene-roques\/#primaryimage\",\"url\":\"https:\/\/www.axpourtous.fr\/wp-content\/uploads\/2026\/01\/Helene-ROUZAUD.jpg\",\"contentUrl\":\"https:\/\/www.axpourtous.fr\/wp-content\/uploads\/2026\/01\/Helene-ROUZAUD.jpg\",\"width\":333,\"height\":500,\"caption\":\"H\u00e9l\u00e8ne ROUZAUD\"},{\"@type\":\"BreadcrumbList\",\"@id\":\"https:\/\/www.axpourtous.fr\/index.php\/helene-rouzaud-et-rene-roques\/#breadcrumb\",\"itemListElement\":[{\"@type\":\"ListItem\",\"position\":1,\"name\":\"Accueil\",\"item\":\"https:\/\/www.axpourtous.fr\/\"},{\"@type\":\"ListItem\",\"position\":2,\"name\":\"H\u00e9l\u00e8ne ROUZAUD et Ren\u00e9 ROQUES\"}]},{\"@type\":\"WebSite\",\"@id\":\"https:\/\/www.axpourtous.fr\/#website\",\"url\":\"https:\/\/www.axpourtous.fr\/\",\"name\":\"Ax Pour Tous\",\"description\":\"Ax Pour Tous - Partageons Demain\",\"publisher\":{\"@id\":\"https:\/\/www.axpourtous.fr\/#organization\"},\"potentialAction\":[{\"@type\":\"SearchAction\",\"target\":{\"@type\":\"EntryPoint\",\"urlTemplate\":\"https:\/\/www.axpourtous.fr\/?s={search_term_string}\"},\"query-input\":{\"@type\":\"PropertyValueSpecification\",\"valueRequired\":true,\"valueName\":\"search_term_string\"}}],\"inLanguage\":\"fr-FR\"},{\"@type\":\"Organization\",\"@id\":\"https:\/\/www.axpourtous.fr\/#organization\",\"name\":\"Ax Pour Tous\",\"url\":\"https:\/\/www.axpourtous.fr\/\",\"logo\":{\"@type\":\"ImageObject\",\"inLanguage\":\"fr-FR\",\"@id\":\"https:\/\/www.axpourtous.fr\/#\/schema\/logo\/image\/\",\"url\":\"https:\/\/www.axpourtous.fr\/wp-content\/uploads\/2026\/01\/cropped-Logo-Ax-pour-tous-1.jpg\",\"contentUrl\":\"https:\/\/www.axpourtous.fr\/wp-content\/uploads\/2026\/01\/cropped-Logo-Ax-pour-tous-1.jpg\",\"width\":582,\"height\":271,\"caption\":\"Ax Pour Tous\"},\"image\":{\"@id\":\"https:\/\/www.axpourtous.fr\/#\/schema\/logo\/image\/\"}}]}<\/script>\n<!-- \/ Yoast SEO plugin. -->","yoast_head_json":{"title":"H\u00e9l\u00e8ne ROUZAUD et Ren\u00e9 ROQUES - Ax Pour Tous","robots":{"index":"index","follow":"follow","max-snippet":"max-snippet:-1","max-image-preview":"max-image-preview:large","max-video-preview":"max-video-preview:-1"},"canonical":"https:\/\/www.axpourtous.fr\/index.php\/helene-rouzaud-et-rene-roques\/","og_locale":"fr_FR","og_type":"article","og_title":"H\u00e9l\u00e8ne ROUZAUD et Ren\u00e9 ROQUES - Ax Pour Tous","og_description":"H\u00e9l\u00e8ne ROUZAUD Je suis \u00e2g\u00e9e de 47 ans et ai grandi dans les Vall\u00e9es d\u2019Ax o\u00f9 j\u2019ai aussi \u00e9lev\u00e9 mes deux enfants maintenant \u00e9tudiants \u00e0 Toulouse. Enseignante depuis 20 ans \u00e0 Ax Les Thermes, j\u2019ai commenc\u00e9 \u00e0 l\u2019\u00e9cole maternelle puis primaire, au plus pr\u00e8s des \u00e9l\u00e8ves, des familles, du quotidien de l\u2019\u00e9cole publique. Ce m\u00e9tier, [&hellip;]","og_url":"https:\/\/www.axpourtous.fr\/index.php\/helene-rouzaud-et-rene-roques\/","og_site_name":"Ax Pour Tous","article_modified_time":"2026-02-20T15:58:25+00:00","og_image":[{"width":333,"height":500,"url":"https:\/\/www.axpourtous.fr\/wp-content\/uploads\/2026\/01\/Helene-ROUZAUD.jpg","type":"image\/jpeg"}],"twitter_card":"summary_large_image","twitter_misc":{"Dur\u00e9e de lecture estim\u00e9e":"3 minutes"},"schema":{"@context":"https:\/\/schema.org","@graph":[{"@type":"WebPage","@id":"https:\/\/www.axpourtous.fr\/index.php\/helene-rouzaud-et-rene-roques\/","url":"https:\/\/www.axpourtous.fr\/index.php\/helene-rouzaud-et-rene-roques\/","name":"H\u00e9l\u00e8ne ROUZAUD et Ren\u00e9 ROQUES - Ax Pour Tous","isPartOf":{"@id":"https:\/\/www.axpourtous.fr\/#website"},"primaryImageOfPage":{"@id":"https:\/\/www.axpourtous.fr\/index.php\/helene-rouzaud-et-rene-roques\/#primaryimage"},"image":{"@id":"https:\/\/www.axpourtous.fr\/index.php\/helene-rouzaud-et-rene-roques\/#primaryimage"},"thumbnailUrl":"https:\/\/www.axpourtous.fr\/wp-content\/uploads\/2026\/01\/Helene-ROUZAUD.jpg","datePublished":"2026-01-17T14:24:33+00:00","dateModified":"2026-02-20T15:58:25+00:00","breadcrumb":{"@id":"https:\/\/www.axpourtous.fr\/index.php\/helene-rouzaud-et-rene-roques\/#breadcrumb"},"inLanguage":"fr-FR","potentialAction":[{"@type":"ReadAction","target":["https:\/\/www.axpourtous.fr\/index.php\/helene-rouzaud-et-rene-roques\/"]}]},{"@type":"ImageObject","inLanguage":"fr-FR","@id":"https:\/\/www.axpourtous.fr\/index.php\/helene-rouzaud-et-rene-roques\/#primaryimage","url":"https:\/\/www.axpourtous.fr\/wp-content\/uploads\/2026\/01\/Helene-ROUZAUD.jpg","contentUrl":"https:\/\/www.axpourtous.fr\/wp-content\/uploads\/2026\/01\/Helene-ROUZAUD.jpg","width":333,"height":500,"caption":"H\u00e9l\u00e8ne ROUZAUD"},{"@type":"BreadcrumbList","@id":"https:\/\/www.axpourtous.fr\/index.php\/helene-rouzaud-et-rene-roques\/#breadcrumb","itemListElement":[{"@type":"ListItem","position":1,"name":"Accueil","item":"https:\/\/www.axpourtous.fr\/"},{"@type":"ListItem","position":2,"name":"H\u00e9l\u00e8ne ROUZAUD et Ren\u00e9 ROQUES"}]},{"@type":"WebSite","@id":"https:\/\/www.axpourtous.fr\/#website","url":"https:\/\/www.axpourtous.fr\/","name":"Ax Pour Tous","description":"Ax Pour Tous - Partageons Demain","publisher":{"@id":"https:\/\/www.axpourtous.fr\/#organization"},"potentialAction":[{"@type":"SearchAction","target":{"@type":"EntryPoint","urlTemplate":"https:\/\/www.axpourtous.fr\/?s={search_term_string}"},"query-input":{"@type":"PropertyValueSpecification","valueRequired":true,"valueName":"search_term_string"}}],"inLanguage":"fr-FR"},{"@type":"Organization","@id":"https:\/\/www.axpourtous.fr\/#organization","name":"Ax Pour Tous","url":"https:\/\/www.axpourtous.fr\/","logo":{"@type":"ImageObject","inLanguage":"fr-FR","@id":"https:\/\/www.axpourtous.fr\/#\/schema\/logo\/image\/","url":"https:\/\/www.axpourtous.fr\/wp-content\/uploads\/2026\/01\/cropped-Logo-Ax-pour-tous-1.jpg","contentUrl":"https:\/\/www.axpourtous.fr\/wp-content\/uploads\/2026\/01\/cropped-Logo-Ax-pour-tous-1.jpg","width":582,"height":271,"caption":"Ax Pour Tous"},"image":{"@id":"https:\/\/www.axpourtous.fr\/#\/schema\/logo\/image\/"}}]}},"_links":{"self":[{"href":"https:\/\/www.axpourtous.fr\/index.php\/wp-json\/wp\/v2\/pages\/949","targetHints":{"allow":["GET"]}}],"collection":[{"href":"https:\/\/www.axpourtous.fr\/index.php\/wp-json\/wp\/v2\/pages"}],"about":[{"href":"https:\/\/www.axpourtous.fr\/index.php\/wp-json\/wp\/v2\/types\/page"}],"author":[{"embeddable":true,"href":"https:\/\/www.axpourtous.fr\/index.php\/wp-json\/wp\/v2\/users\/1"}],"replies":[{"embeddable":true,"href":"https:\/\/www.axpourtous.fr\/index.php\/wp-json\/wp\/v2\/comments?post=949"}],"version-history":[{"count":19,"href":"https:\/\/www.axpourtous.fr\/index.php\/wp-json\/wp\/v2\/pages\/949\/revisions"}],"predecessor-version":[{"id":2075,"href":"https:\/\/www.axpourtous.fr\/index.php\/wp-json\/wp\/v2\/pages\/949\/revisions\/2075"}],"wp:attachment":[{"href":"https:\/\/www.axpourtous.fr\/index.php\/wp-json\/wp\/v2\/media?parent=949"}],"curies":[{"name":"wp","href":"https:\/\/api.w.org\/{rel}","templated":true}]}}