{"id":902,"date":"2026-01-17T14:08:24","date_gmt":"2026-01-17T14:08:24","guid":{"rendered":"https:\/\/www.axpourtous.fr\/?page_id=902"},"modified":"2026-02-20T15:54:51","modified_gmt":"2026-02-20T15:54:51","slug":"claudine-authier-et-jean-louis-fugairon","status":"publish","type":"page","link":"https:\/\/www.axpourtous.fr\/index.php\/claudine-authier-et-jean-louis-fugairon\/","title":{"rendered":"Claudine AUTHIER et Jean-Louis FUGAIRON"},"content":{"rendered":"\t\t<div data-elementor-type=\"wp-page\" data-elementor-id=\"902\" class=\"elementor elementor-902\">\n\t\t\t\t<div class=\"elementor-element elementor-element-eb9d977 e-flex e-con-boxed e-con e-parent\" data-id=\"eb9d977\" data-element_type=\"container\" data-e-type=\"container\">\n\t\t\t\t\t<div class=\"e-con-inner\">\n\t\t<div class=\"elementor-element elementor-element-b3d8e60 e-con-full e-flex e-con e-child\" data-id=\"b3d8e60\" data-element_type=\"container\" data-e-type=\"container\">\n\t\t\t\t<div class=\"elementor-element elementor-element-ef84d4b elementor-widget elementor-widget-image\" data-id=\"ef84d4b\" data-element_type=\"widget\" data-e-type=\"widget\" data-widget_type=\"image.default\">\n\t\t\t\t\t\t\t\t\t\t\t\t\t\t\t<img fetchpriority=\"high\" decoding=\"async\" width=\"333\" height=\"500\" src=\"https:\/\/www.axpourtous.fr\/wp-content\/uploads\/2026\/01\/Claudine-AUTHIER.jpg\" class=\"attachment-large size-large wp-image-851\" alt=\"Claudine AUTHIER\" srcset=\"https:\/\/www.axpourtous.fr\/wp-content\/uploads\/2026\/01\/Claudine-AUTHIER.jpg 333w, https:\/\/www.axpourtous.fr\/wp-content\/uploads\/2026\/01\/Claudine-AUTHIER-200x300.jpg 200w\" sizes=\"(max-width: 333px) 100vw, 333px\" \/>\t\t\t\t\t\t\t\t\t\t\t\t\t\t\t<\/div>\n\t\t\t\t<\/div>\n\t\t<div class=\"elementor-element elementor-element-079f28b e-con-full e-flex e-con e-child\" data-id=\"079f28b\" data-element_type=\"container\" data-e-type=\"container\">\n\t\t\t\t<div class=\"elementor-element elementor-element-dfbe8a3 elementor-widget elementor-widget-text-editor\" data-id=\"dfbe8a3\" data-element_type=\"widget\" data-e-type=\"widget\" data-widget_type=\"text-editor.default\">\n\t\t\t\t\t\t\t\t\t<p><strong>Claudine AUTHIER<\/strong><\/p><p>J\u2019ai 70 ans, j\u2019habite Ax-les-Thermes, j\u2019ai effectu\u00e9 mes \u00e9tudes au Coll\u00e8ge d\u2019Ax-les-Thermes, puis au lyc\u00e9e Gabriel Faur\u00e9 de Foix. Ensuite, toute une carri\u00e8re dans le secteur bancaire dont je suis retrait\u00e9e.<\/p><p>Je suis proche de la nature et de la montagne en particulier, une montagnarde. J\u2019ai pratiqu\u00e9 randos l\u2019\u00e9t\u00e9, ski de fond l\u2019hiver apr\u00e8s avoir fait mes premi\u00e8res descentes en ski alpin sur notre station, nous avons d\u2019ailleurs le m\u00eame \u00e2ge !<\/p><p>J\u2019ai v\u00e9cu dans une famille d\u2019\u00e9lu, peut-\u00eatre est-ce pour cela que je me suis toujours int\u00e9ress\u00e9e \u00e0 la vie locale. Je m\u2019y suis investie depuis de nombreuses ann\u00e9es puisque j\u2019ai \u00e9t\u00e9 \u00e9lue sur la commune d Ax-les-Thermes durant deux mandats de 2002 \u00e0 2014 en tant que conseill\u00e8re d\u00e9l\u00e9gu\u00e9e en charge entre autre de l\u2019embellissement de la ville et conseill\u00e8re communautaire.<\/p><p>Puis de 2014 \u00e0 2026, j\u2019ai \u00e9t\u00e9 \u00e9lue au poste de 1\u00e8re adjointe et conseill\u00e8re communautaire sur un petit village voisin de la cit\u00e9 thermale. Quand j\u2019ai \u00e9t\u00e9 sollicit\u00e9e, j\u2019ai accept\u00e9 pour des raisons affectives : repartir sur les traces de quelqu\u2019un qui m\u2019\u00e9tait tr\u00e8s cher et qui s\u2019\u00e9tait beaucoup investi dans ce village d\u2019Orgeix.<\/p><p>De 2008 \u00e0 2015, ce fut aussi une p\u00e9riode tr\u00e8s enrichissante pour moi puisque j\u2019ai pu participer indirectement \u00e0 l\u2019\u00e9laboration des orientations et des actions du D\u00e9partement.<\/p><p>Mon premier mandat \u00e9lectif a \u00e9t\u00e9 sur Ax-les-Thermes, j\u2019y reviendrai avec plaisir si vous nous accordez vos suffrages car je suis ax\u00e9enne avant tout.<\/p>\t\t\t\t\t\t\t\t<\/div>\n\t\t\t\t<\/div>\n\t\t\t\t\t<\/div>\n\t\t\t\t<\/div>\n\t\t<div class=\"elementor-element elementor-element-6f9b599 e-flex e-con-boxed e-con e-parent\" data-id=\"6f9b599\" data-element_type=\"container\" data-e-type=\"container\">\n\t\t\t\t\t<div class=\"e-con-inner\">\n\t\t<div class=\"elementor-element elementor-element-f103ac1 e-con-full e-flex e-con e-child\" data-id=\"f103ac1\" data-element_type=\"container\" data-e-type=\"container\">\n\t\t\t\t<div class=\"elementor-element elementor-element-eb1c8c1 elementor-widget elementor-widget-image\" data-id=\"eb1c8c1\" data-element_type=\"widget\" data-e-type=\"widget\" data-widget_type=\"image.default\">\n\t\t\t\t\t\t\t\t\t\t\t\t\t\t\t<img decoding=\"async\" width=\"333\" height=\"500\" src=\"https:\/\/www.axpourtous.fr\/wp-content\/uploads\/2026\/01\/Jean-Louis-FUGAIRON.jpg\" class=\"attachment-large size-large wp-image-857\" alt=\"Jean-Louis FUGAIRON\" srcset=\"https:\/\/www.axpourtous.fr\/wp-content\/uploads\/2026\/01\/Jean-Louis-FUGAIRON.jpg 333w, https:\/\/www.axpourtous.fr\/wp-content\/uploads\/2026\/01\/Jean-Louis-FUGAIRON-200x300.jpg 200w\" sizes=\"(max-width: 333px) 100vw, 333px\" \/>\t\t\t\t\t\t\t\t\t\t\t\t\t\t\t<\/div>\n\t\t\t\t<\/div>\n\t\t<div class=\"elementor-element elementor-element-613fbff e-con-full e-flex e-con e-child\" data-id=\"613fbff\" data-element_type=\"container\" data-e-type=\"container\">\n\t\t\t\t<div class=\"elementor-element elementor-element-5525f40 elementor-widget elementor-widget-text-editor\" data-id=\"5525f40\" data-element_type=\"widget\" data-e-type=\"widget\" data-widget_type=\"text-editor.default\">\n\t\t\t\t\t\t\t\t\t<p><strong>Jean-Louis FUGAIRON<\/strong><\/p><p>C\u00e9libataire, \u00e2g\u00e9 de76ans, j&rsquo;habite au parc du Teich \u00e0 Ax-les-Thermes.<\/p><p>J\u2019ai \u00e9t\u00e9 \u00e9lu durant 7 mandats de 1977 \u00e01989 et de 1995 \u00e02026.<\/p><p>Je suis moniteur de ski \u00e0 l\u2019ESF et assure les saisons de ski depuis 1969, soit 57 ann\u00e9es d&rsquo;enseignement.<\/p><p>Avec ma famille, nous avons tenu le restaurant la T\u00fbte \u00e0 l&rsquo;arriv\u00e9e de la t\u00e9l\u00e9cabine 2 places au Saquet en 1965, puis \u00e0 partir de 1970 nous avons exploit\u00e9 le Grand Caf\u00e9 durant 33 ans.<\/p><p>Durant mes diff\u00e9rents mandats d&rsquo;\u00e9lu, j\u2019ai pu avoir les attributions suivantes :<\/p><ul><li>Conseil de r\u00e9gie de1977 \u00e0 2004<\/li><li>Administrateur \u00e0 la SAVASEM de 2004 \u00e0 2026<\/li><li>Pr\u00e9sident du conseil d&rsquo;orientation des investissements pour la station de ski de 2015 \u00e0 2020<\/li><li>Pr\u00e9sident du groupement pastoral du Saquet (vaches gasconnes)<\/li><li>Pr\u00e9sident de l&rsquo;AFP (Association Fonci\u00e8re Pastorale) de Petches<\/li><li>D\u00e9l\u00e9gu\u00e9 aux travaux durant plusieurs mandats, aux hameaux et \u00e0 Bonascre<\/li><li>Pr\u00e9sident de la commission liste \u00e9lectorale<\/li><li>Membre de la commission des finances et de l\u2019ouverture des plis<\/li><li>Conseiller communautaire pendant plusieurs mandats<\/li><\/ul><p>Je suis \u00e9galement Pr\u00e9sident de la soci\u00e9t\u00e9 de p\u00eache depuis 1977.<\/p><p>J&rsquo;ai \u00e9t\u00e9 Directeur de l\u2019ESF (Ecole du Ski Fran\u00e7ais) de1977 \u00e01983.<\/p><p>J&rsquo;aime la montagne, la nature, la chasse et les animaux.<\/p><p>Je souhaite continuer \u00e0 m&rsquo;investir pour cette ville qui m\u2019a apport\u00e9 beaucoup de plaisir, de joies et de peines. J&rsquo;ai vu notre merveilleuse cit\u00e9 s&rsquo;agrandir, s&rsquo;\u00e9panouir et se diversifier gr\u00e2ce \u00e0 des femmes et des hommes qui ont cru \u00e0 un avenir meilleur.<\/p>\t\t\t\t\t\t\t\t<\/div>\n\t\t\t\t<\/div>\n\t\t\t\t\t<\/div>\n\t\t\t\t<\/div>\n\t\t<div class=\"elementor-element elementor-element-9bf2e69 e-flex e-con-boxed e-con e-parent\" data-id=\"9bf2e69\" data-element_type=\"container\" data-e-type=\"container\">\n\t\t\t\t\t<div class=\"e-con-inner\">\n\t\t\t\t<div class=\"elementor-element elementor-element-9a62c94 elementor-widget elementor-widget-text-editor\" data-id=\"9a62c94\" data-element_type=\"widget\" data-e-type=\"widget\" data-widget_type=\"text-editor.default\">\n\t\t\t\t\t\t\t\t\t<p>Une question \u00e0 nous poser ?<\/p><p>Envoyez nous un mail \u00e0 <strong>axpourtous@gmail.com<\/strong> et nous vous r\u00e9pondrons au plus vite.<\/p>\t\t\t\t\t\t\t\t<\/div>\n\t\t\t\t\t<\/div>\n\t\t\t\t<\/div>\n\t\t\t\t<\/div>\n\t\t","protected":false},"excerpt":{"rendered":"<p>Claudine AUTHIER J\u2019ai 70 ans, j\u2019habite Ax-les-Thermes, j\u2019ai effectu\u00e9 mes \u00e9tudes au Coll\u00e8ge d\u2019Ax-les-Thermes, puis au lyc\u00e9e Gabriel Faur\u00e9 de Foix. Ensuite, toute une carri\u00e8re dans le secteur bancaire dont je suis retrait\u00e9e. Je suis proche de la nature et de la montagne en particulier, une montagnarde. J\u2019ai pratiqu\u00e9 randos l\u2019\u00e9t\u00e9, ski de fond l\u2019hiver [&hellip;]<\/p>\n","protected":false},"author":1,"featured_media":0,"parent":0,"menu_order":0,"comment_status":"closed","ping_status":"closed","template":"","meta":{"_monsterinsights_skip_tracking":false,"_monsterinsights_sitenote_active":false,"_monsterinsights_sitenote_note":"","_monsterinsights_sitenote_category":0,"ocean_post_layout":"","ocean_both_sidebars_style":"","ocean_both_sidebars_content_width":0,"ocean_both_sidebars_sidebars_width":0,"ocean_sidebar":"","ocean_second_sidebar":"","ocean_disable_margins":"enable","ocean_add_body_class":"","ocean_shortcode_before_top_bar":"","ocean_shortcode_after_top_bar":"","ocean_shortcode_before_header":"","ocean_shortcode_after_header":"","ocean_has_shortcode":"","ocean_shortcode_after_title":"","ocean_shortcode_before_footer_widgets":"","ocean_shortcode_after_footer_widgets":"","ocean_shortcode_before_footer_bottom":"","ocean_shortcode_after_footer_bottom":"","ocean_display_top_bar":"default","ocean_display_header":"default","ocean_header_style":"","ocean_center_header_left_menu":"","ocean_custom_header_template":"","ocean_custom_logo":0,"ocean_custom_retina_logo":0,"ocean_custom_logo_max_width":0,"ocean_custom_logo_tablet_max_width":0,"ocean_custom_logo_mobile_max_width":0,"ocean_custom_logo_max_height":0,"ocean_custom_logo_tablet_max_height":0,"ocean_custom_logo_mobile_max_height":0,"ocean_header_custom_menu":"","ocean_menu_typo_font_family":"","ocean_menu_typo_font_subset":"","ocean_menu_typo_font_size":0,"ocean_menu_typo_font_size_tablet":0,"ocean_menu_typo_font_size_mobile":0,"ocean_menu_typo_font_size_unit":"px","ocean_menu_typo_font_weight":"","ocean_menu_typo_font_weight_tablet":"","ocean_menu_typo_font_weight_mobile":"","ocean_menu_typo_transform":"","ocean_menu_typo_transform_tablet":"","ocean_menu_typo_transform_mobile":"","ocean_menu_typo_line_height":0,"ocean_menu_typo_line_height_tablet":0,"ocean_menu_typo_line_height_mobile":0,"ocean_menu_typo_line_height_unit":"","ocean_menu_typo_spacing":0,"ocean_menu_typo_spacing_tablet":0,"ocean_menu_typo_spacing_mobile":0,"ocean_menu_typo_spacing_unit":"","ocean_menu_link_color":"","ocean_menu_link_color_hover":"","ocean_menu_link_color_active":"","ocean_menu_link_background":"","ocean_menu_link_hover_background":"","ocean_menu_link_active_background":"","ocean_menu_social_links_bg":"","ocean_menu_social_hover_links_bg":"","ocean_menu_social_links_color":"","ocean_menu_social_hover_links_color":"","ocean_disable_title":"default","ocean_disable_heading":"default","ocean_post_title":"","ocean_post_subheading":"","ocean_post_title_style":"","ocean_post_title_background_color":"","ocean_post_title_background":0,"ocean_post_title_bg_image_position":"","ocean_post_title_bg_image_attachment":"","ocean_post_title_bg_image_repeat":"","ocean_post_title_bg_image_size":"","ocean_post_title_height":0,"ocean_post_title_bg_overlay":0.5,"ocean_post_title_bg_overlay_color":"","ocean_disable_breadcrumbs":"default","ocean_breadcrumbs_color":"","ocean_breadcrumbs_separator_color":"","ocean_breadcrumbs_links_color":"","ocean_breadcrumbs_links_hover_color":"","ocean_display_footer_widgets":"default","ocean_display_footer_bottom":"default","ocean_custom_footer_template":"","footnotes":""},"class_list":["post-902","page","type-page","status-publish","hentry","entry"],"yoast_head":"<!-- This site is optimized with the Yoast SEO plugin v27.0 - https:\/\/yoast.com\/product\/yoast-seo-wordpress\/ -->\n<title>Claudine AUTHIER et Jean-Louis FUGAIRON - Ax Pour Tous<\/title>\n<meta name=\"robots\" content=\"index, follow, max-snippet:-1, max-image-preview:large, max-video-preview:-1\" \/>\n<link rel=\"canonical\" href=\"https:\/\/www.axpourtous.fr\/index.php\/claudine-authier-et-jean-louis-fugairon\/\" \/>\n<meta property=\"og:locale\" content=\"fr_FR\" \/>\n<meta property=\"og:type\" content=\"article\" \/>\n<meta property=\"og:title\" content=\"Claudine AUTHIER et Jean-Louis FUGAIRON - Ax Pour Tous\" \/>\n<meta property=\"og:description\" content=\"Claudine AUTHIER J\u2019ai 70 ans, j\u2019habite Ax-les-Thermes, j\u2019ai effectu\u00e9 mes \u00e9tudes au Coll\u00e8ge d\u2019Ax-les-Thermes, puis au lyc\u00e9e Gabriel Faur\u00e9 de Foix. Ensuite, toute une carri\u00e8re dans le secteur bancaire dont je suis retrait\u00e9e. Je suis proche de la nature et de la montagne en particulier, une montagnarde. J\u2019ai pratiqu\u00e9 randos l\u2019\u00e9t\u00e9, ski de fond l\u2019hiver [&hellip;]\" \/>\n<meta property=\"og:url\" content=\"https:\/\/www.axpourtous.fr\/index.php\/claudine-authier-et-jean-louis-fugairon\/\" \/>\n<meta property=\"og:site_name\" content=\"Ax Pour Tous\" \/>\n<meta property=\"article:modified_time\" content=\"2026-02-20T15:54:51+00:00\" \/>\n<meta property=\"og:image\" content=\"https:\/\/www.axpourtous.fr\/wp-content\/uploads\/2026\/01\/Claudine-AUTHIER.jpg\" \/>\n\t<meta property=\"og:image:width\" content=\"333\" \/>\n\t<meta property=\"og:image:height\" content=\"500\" \/>\n\t<meta property=\"og:image:type\" content=\"image\/jpeg\" \/>\n<meta name=\"twitter:card\" content=\"summary_large_image\" \/>\n<meta name=\"twitter:label1\" content=\"Dur\u00e9e de lecture estim\u00e9e\" \/>\n\t<meta name=\"twitter:data1\" content=\"3 minutes\" \/>\n<script type=\"application\/ld+json\" class=\"yoast-schema-graph\">{\"@context\":\"https:\/\/schema.org\",\"@graph\":[{\"@type\":\"WebPage\",\"@id\":\"https:\/\/www.axpourtous.fr\/index.php\/claudine-authier-et-jean-louis-fugairon\/\",\"url\":\"https:\/\/www.axpourtous.fr\/index.php\/claudine-authier-et-jean-louis-fugairon\/\",\"name\":\"Claudine AUTHIER et Jean-Louis FUGAIRON - Ax Pour Tous\",\"isPartOf\":{\"@id\":\"https:\/\/www.axpourtous.fr\/#website\"},\"primaryImageOfPage\":{\"@id\":\"https:\/\/www.axpourtous.fr\/index.php\/claudine-authier-et-jean-louis-fugairon\/#primaryimage\"},\"image\":{\"@id\":\"https:\/\/www.axpourtous.fr\/index.php\/claudine-authier-et-jean-louis-fugairon\/#primaryimage\"},\"thumbnailUrl\":\"https:\/\/www.axpourtous.fr\/wp-content\/uploads\/2026\/01\/Claudine-AUTHIER.jpg\",\"datePublished\":\"2026-01-17T14:08:24+00:00\",\"dateModified\":\"2026-02-20T15:54:51+00:00\",\"breadcrumb\":{\"@id\":\"https:\/\/www.axpourtous.fr\/index.php\/claudine-authier-et-jean-louis-fugairon\/#breadcrumb\"},\"inLanguage\":\"fr-FR\",\"potentialAction\":[{\"@type\":\"ReadAction\",\"target\":[\"https:\/\/www.axpourtous.fr\/index.php\/claudine-authier-et-jean-louis-fugairon\/\"]}]},{\"@type\":\"ImageObject\",\"inLanguage\":\"fr-FR\",\"@id\":\"https:\/\/www.axpourtous.fr\/index.php\/claudine-authier-et-jean-louis-fugairon\/#primaryimage\",\"url\":\"https:\/\/www.axpourtous.fr\/wp-content\/uploads\/2026\/01\/Claudine-AUTHIER.jpg\",\"contentUrl\":\"https:\/\/www.axpourtous.fr\/wp-content\/uploads\/2026\/01\/Claudine-AUTHIER.jpg\",\"width\":333,\"height\":500,\"caption\":\"Claudine AUTHIER\"},{\"@type\":\"BreadcrumbList\",\"@id\":\"https:\/\/www.axpourtous.fr\/index.php\/claudine-authier-et-jean-louis-fugairon\/#breadcrumb\",\"itemListElement\":[{\"@type\":\"ListItem\",\"position\":1,\"name\":\"Accueil\",\"item\":\"https:\/\/www.axpourtous.fr\/\"},{\"@type\":\"ListItem\",\"position\":2,\"name\":\"Claudine AUTHIER et Jean-Louis FUGAIRON\"}]},{\"@type\":\"WebSite\",\"@id\":\"https:\/\/www.axpourtous.fr\/#website\",\"url\":\"https:\/\/www.axpourtous.fr\/\",\"name\":\"Ax Pour Tous\",\"description\":\"Ax Pour Tous - Partageons Demain\",\"publisher\":{\"@id\":\"https:\/\/www.axpourtous.fr\/#organization\"},\"potentialAction\":[{\"@type\":\"SearchAction\",\"target\":{\"@type\":\"EntryPoint\",\"urlTemplate\":\"https:\/\/www.axpourtous.fr\/?s={search_term_string}\"},\"query-input\":{\"@type\":\"PropertyValueSpecification\",\"valueRequired\":true,\"valueName\":\"search_term_string\"}}],\"inLanguage\":\"fr-FR\"},{\"@type\":\"Organization\",\"@id\":\"https:\/\/www.axpourtous.fr\/#organization\",\"name\":\"Ax Pour Tous\",\"url\":\"https:\/\/www.axpourtous.fr\/\",\"logo\":{\"@type\":\"ImageObject\",\"inLanguage\":\"fr-FR\",\"@id\":\"https:\/\/www.axpourtous.fr\/#\/schema\/logo\/image\/\",\"url\":\"https:\/\/www.axpourtous.fr\/wp-content\/uploads\/2026\/01\/cropped-Logo-Ax-pour-tous-1.jpg\",\"contentUrl\":\"https:\/\/www.axpourtous.fr\/wp-content\/uploads\/2026\/01\/cropped-Logo-Ax-pour-tous-1.jpg\",\"width\":582,\"height\":271,\"caption\":\"Ax Pour Tous\"},\"image\":{\"@id\":\"https:\/\/www.axpourtous.fr\/#\/schema\/logo\/image\/\"}}]}<\/script>\n<!-- \/ Yoast SEO plugin. -->","yoast_head_json":{"title":"Claudine AUTHIER et Jean-Louis FUGAIRON - Ax Pour Tous","robots":{"index":"index","follow":"follow","max-snippet":"max-snippet:-1","max-image-preview":"max-image-preview:large","max-video-preview":"max-video-preview:-1"},"canonical":"https:\/\/www.axpourtous.fr\/index.php\/claudine-authier-et-jean-louis-fugairon\/","og_locale":"fr_FR","og_type":"article","og_title":"Claudine AUTHIER et Jean-Louis FUGAIRON - Ax Pour Tous","og_description":"Claudine AUTHIER J\u2019ai 70 ans, j\u2019habite Ax-les-Thermes, j\u2019ai effectu\u00e9 mes \u00e9tudes au Coll\u00e8ge d\u2019Ax-les-Thermes, puis au lyc\u00e9e Gabriel Faur\u00e9 de Foix. Ensuite, toute une carri\u00e8re dans le secteur bancaire dont je suis retrait\u00e9e. Je suis proche de la nature et de la montagne en particulier, une montagnarde. J\u2019ai pratiqu\u00e9 randos l\u2019\u00e9t\u00e9, ski de fond l\u2019hiver [&hellip;]","og_url":"https:\/\/www.axpourtous.fr\/index.php\/claudine-authier-et-jean-louis-fugairon\/","og_site_name":"Ax Pour Tous","article_modified_time":"2026-02-20T15:54:51+00:00","og_image":[{"width":333,"height":500,"url":"https:\/\/www.axpourtous.fr\/wp-content\/uploads\/2026\/01\/Claudine-AUTHIER.jpg","type":"image\/jpeg"}],"twitter_card":"summary_large_image","twitter_misc":{"Dur\u00e9e de lecture estim\u00e9e":"3 minutes"},"schema":{"@context":"https:\/\/schema.org","@graph":[{"@type":"WebPage","@id":"https:\/\/www.axpourtous.fr\/index.php\/claudine-authier-et-jean-louis-fugairon\/","url":"https:\/\/www.axpourtous.fr\/index.php\/claudine-authier-et-jean-louis-fugairon\/","name":"Claudine AUTHIER et Jean-Louis FUGAIRON - Ax Pour Tous","isPartOf":{"@id":"https:\/\/www.axpourtous.fr\/#website"},"primaryImageOfPage":{"@id":"https:\/\/www.axpourtous.fr\/index.php\/claudine-authier-et-jean-louis-fugairon\/#primaryimage"},"image":{"@id":"https:\/\/www.axpourtous.fr\/index.php\/claudine-authier-et-jean-louis-fugairon\/#primaryimage"},"thumbnailUrl":"https:\/\/www.axpourtous.fr\/wp-content\/uploads\/2026\/01\/Claudine-AUTHIER.jpg","datePublished":"2026-01-17T14:08:24+00:00","dateModified":"2026-02-20T15:54:51+00:00","breadcrumb":{"@id":"https:\/\/www.axpourtous.fr\/index.php\/claudine-authier-et-jean-louis-fugairon\/#breadcrumb"},"inLanguage":"fr-FR","potentialAction":[{"@type":"ReadAction","target":["https:\/\/www.axpourtous.fr\/index.php\/claudine-authier-et-jean-louis-fugairon\/"]}]},{"@type":"ImageObject","inLanguage":"fr-FR","@id":"https:\/\/www.axpourtous.fr\/index.php\/claudine-authier-et-jean-louis-fugairon\/#primaryimage","url":"https:\/\/www.axpourtous.fr\/wp-content\/uploads\/2026\/01\/Claudine-AUTHIER.jpg","contentUrl":"https:\/\/www.axpourtous.fr\/wp-content\/uploads\/2026\/01\/Claudine-AUTHIER.jpg","width":333,"height":500,"caption":"Claudine AUTHIER"},{"@type":"BreadcrumbList","@id":"https:\/\/www.axpourtous.fr\/index.php\/claudine-authier-et-jean-louis-fugairon\/#breadcrumb","itemListElement":[{"@type":"ListItem","position":1,"name":"Accueil","item":"https:\/\/www.axpourtous.fr\/"},{"@type":"ListItem","position":2,"name":"Claudine AUTHIER et Jean-Louis FUGAIRON"}]},{"@type":"WebSite","@id":"https:\/\/www.axpourtous.fr\/#website","url":"https:\/\/www.axpourtous.fr\/","name":"Ax Pour Tous","description":"Ax Pour Tous - Partageons Demain","publisher":{"@id":"https:\/\/www.axpourtous.fr\/#organization"},"potentialAction":[{"@type":"SearchAction","target":{"@type":"EntryPoint","urlTemplate":"https:\/\/www.axpourtous.fr\/?s={search_term_string}"},"query-input":{"@type":"PropertyValueSpecification","valueRequired":true,"valueName":"search_term_string"}}],"inLanguage":"fr-FR"},{"@type":"Organization","@id":"https:\/\/www.axpourtous.fr\/#organization","name":"Ax Pour Tous","url":"https:\/\/www.axpourtous.fr\/","logo":{"@type":"ImageObject","inLanguage":"fr-FR","@id":"https:\/\/www.axpourtous.fr\/#\/schema\/logo\/image\/","url":"https:\/\/www.axpourtous.fr\/wp-content\/uploads\/2026\/01\/cropped-Logo-Ax-pour-tous-1.jpg","contentUrl":"https:\/\/www.axpourtous.fr\/wp-content\/uploads\/2026\/01\/cropped-Logo-Ax-pour-tous-1.jpg","width":582,"height":271,"caption":"Ax Pour Tous"},"image":{"@id":"https:\/\/www.axpourtous.fr\/#\/schema\/logo\/image\/"}}]}},"_links":{"self":[{"href":"https:\/\/www.axpourtous.fr\/index.php\/wp-json\/wp\/v2\/pages\/902","targetHints":{"allow":["GET"]}}],"collection":[{"href":"https:\/\/www.axpourtous.fr\/index.php\/wp-json\/wp\/v2\/pages"}],"about":[{"href":"https:\/\/www.axpourtous.fr\/index.php\/wp-json\/wp\/v2\/types\/page"}],"author":[{"embeddable":true,"href":"https:\/\/www.axpourtous.fr\/index.php\/wp-json\/wp\/v2\/users\/1"}],"replies":[{"embeddable":true,"href":"https:\/\/www.axpourtous.fr\/index.php\/wp-json\/wp\/v2\/comments?post=902"}],"version-history":[{"count":25,"href":"https:\/\/www.axpourtous.fr\/index.php\/wp-json\/wp\/v2\/pages\/902\/revisions"}],"predecessor-version":[{"id":2063,"href":"https:\/\/www.axpourtous.fr\/index.php\/wp-json\/wp\/v2\/pages\/902\/revisions\/2063"}],"wp:attachment":[{"href":"https:\/\/www.axpourtous.fr\/index.php\/wp-json\/wp\/v2\/media?parent=902"}],"curies":[{"name":"wp","href":"https:\/\/api.w.org\/{rel}","templated":true}]}}