{"id":891,"date":"2026-01-17T14:03:23","date_gmt":"2026-01-17T14:03:23","guid":{"rendered":"https:\/\/www.axpourtous.fr\/?page_id=891"},"modified":"2026-02-20T15:33:12","modified_gmt":"2026-02-20T15:33:12","slug":"sylvie-martin-et-laurent-bernard","status":"publish","type":"page","link":"https:\/\/www.axpourtous.fr\/index.php\/sylvie-martin-et-laurent-bernard\/","title":{"rendered":"Sylvie MARTIN et Laurent BERNARD"},"content":{"rendered":"\t\t<div data-elementor-type=\"wp-page\" data-elementor-id=\"891\" class=\"elementor elementor-891\">\n\t\t\t\t<div class=\"elementor-element elementor-element-40fdb73 e-flex e-con-boxed e-con e-parent\" data-id=\"40fdb73\" data-element_type=\"container\" data-e-type=\"container\">\n\t\t\t\t\t<div class=\"e-con-inner\">\n\t\t<div class=\"elementor-element elementor-element-05e59f2 e-con-full e-flex e-con e-child\" data-id=\"05e59f2\" data-element_type=\"container\" data-e-type=\"container\">\n\t\t\t\t<div class=\"elementor-element elementor-element-5204b1d elementor-widget elementor-widget-image\" data-id=\"5204b1d\" data-element_type=\"widget\" data-e-type=\"widget\" data-widget_type=\"image.default\">\n\t\t\t\t\t\t\t\t\t\t\t\t\t\t\t<img fetchpriority=\"high\" decoding=\"async\" width=\"333\" height=\"500\" src=\"https:\/\/www.axpourtous.fr\/wp-content\/uploads\/2026\/01\/Sylvie-MARTIN.jpg\" class=\"attachment-large size-large wp-image-848\" alt=\"Sylvie MARTIN\" srcset=\"https:\/\/www.axpourtous.fr\/wp-content\/uploads\/2026\/01\/Sylvie-MARTIN.jpg 333w, https:\/\/www.axpourtous.fr\/wp-content\/uploads\/2026\/01\/Sylvie-MARTIN-200x300.jpg 200w\" sizes=\"(max-width: 333px) 100vw, 333px\" \/>\t\t\t\t\t\t\t\t\t\t\t\t\t\t\t<\/div>\n\t\t\t\t<\/div>\n\t\t<div class=\"elementor-element elementor-element-baa9f9f e-con-full e-flex e-con e-child\" data-id=\"baa9f9f\" data-element_type=\"container\" data-e-type=\"container\">\n\t\t\t\t<div class=\"elementor-element elementor-element-43a03b4 elementor-widget elementor-widget-text-editor\" data-id=\"43a03b4\" data-element_type=\"widget\" data-e-type=\"widget\" data-widget_type=\"text-editor.default\">\n\t\t\t\t\t\t\t\t\t<p><strong>Sylvie MARTIN<\/strong><\/p><p>N\u00e9e \u00e0 N\u00e9rac dans le Lot-et-Garonne, dans une famille modeste et aimante, mes \u00e9tudes en comptabilit\u00e9 m&rsquo;ont ensuite amen\u00e9e au Pas de la Case o\u00f9 j&rsquo;ai travaill\u00e9 durant 26 ans d\u2019abord comme salari\u00e9e puis en y tenant mon commerce.<\/p><p>Ag\u00e9e de 61 ans, divorc\u00e9e et sans enfant, je connais Ax depuis plus de 40 ans. S\u00e9duite par la qualit\u00e9 de vie et le dynamisme de la commune, en 2006, j&rsquo;ai achet\u00e9 une maison qui est rapidement devenue ma r\u00e9sidence principale. Je travaille maintenant en Haute Ari\u00e8ge depuis plusieurs ann\u00e9es.<\/p><p>J&rsquo;ai \u00e9t\u00e9 \u00e9lue conseill\u00e8re municipale en 2014, puis en 2020, conseill\u00e8re municipale d\u00e9l\u00e9gu\u00e9e aux budgets. Je fais partie de la Commission Communale des Imp\u00f4ts Directs, membre de la Commission Intercommunale des Imp\u00f4ts Directs et du Comit\u00e9 Communal d&rsquo;Action Sociale.<\/p><p>M&rsquo;investir \u00e0 nouveau pour notre commune au sein d\u2019une nouvelle \u00e9quipe et aupr\u00e8s d\u2019Alain Pibouleau s&rsquo;inscrit pour moi dans la continuit\u00e9 et dans l\u2019envie de faire \u00e9voluer notre ville.<\/p>\t\t\t\t\t\t\t\t<\/div>\n\t\t\t\t<\/div>\n\t\t\t\t\t<\/div>\n\t\t\t\t<\/div>\n\t\t<div class=\"elementor-element elementor-element-e6f1742 e-flex e-con-boxed e-con e-parent\" data-id=\"e6f1742\" data-element_type=\"container\" data-e-type=\"container\">\n\t\t\t\t\t<div class=\"e-con-inner\">\n\t\t<div class=\"elementor-element elementor-element-c799b91 e-con-full e-flex e-con e-child\" data-id=\"c799b91\" data-element_type=\"container\" data-e-type=\"container\">\n\t\t\t\t<div class=\"elementor-element elementor-element-f8214fc elementor-widget elementor-widget-image\" data-id=\"f8214fc\" data-element_type=\"widget\" data-e-type=\"widget\" data-widget_type=\"image.default\">\n\t\t\t\t\t\t\t\t\t\t\t\t\t\t\t<img decoding=\"async\" width=\"333\" height=\"500\" src=\"https:\/\/www.axpourtous.fr\/wp-content\/uploads\/2026\/01\/Laurent-BERNARD.jpg\" class=\"attachment-large size-large wp-image-858\" alt=\"Laurent BERNARD\" srcset=\"https:\/\/www.axpourtous.fr\/wp-content\/uploads\/2026\/01\/Laurent-BERNARD.jpg 333w, https:\/\/www.axpourtous.fr\/wp-content\/uploads\/2026\/01\/Laurent-BERNARD-200x300.jpg 200w\" sizes=\"(max-width: 333px) 100vw, 333px\" \/>\t\t\t\t\t\t\t\t\t\t\t\t\t\t\t<\/div>\n\t\t\t\t<\/div>\n\t\t<div class=\"elementor-element elementor-element-530af6e e-con-full e-flex e-con e-child\" data-id=\"530af6e\" data-element_type=\"container\" data-e-type=\"container\">\n\t\t\t\t<div class=\"elementor-element elementor-element-cc9ad01 elementor-widget elementor-widget-text-editor\" data-id=\"cc9ad01\" data-element_type=\"widget\" data-e-type=\"widget\" data-widget_type=\"text-editor.default\">\n\t\t\t\t\t\t\t\t\t<p><strong>Laurent BERNARD<\/strong><\/p><p>J\u2019ai 56 ans, je suis mari\u00e9 avec Laure depuis 1993 et nous avons deux enfants, Valentin et Pauline.<\/p><p>Je connais la ville d\u2019Ax-les-Thermes depuis mon plus jeune \u00e2ge car mes parents venaient en cure thermale en voisins, nous habitions Carcassonne dans l\u2019Aude, qui m\u2019a vu naitre. La station de ski d\u2019Ax 3 Domaines m\u2019a permis de d\u00e9buter la glisse dans les ann\u00e9es 70 puis progresser jusqu\u2019\u00e0 aujourd\u2019hui. Je pratique r\u00e9guli\u00e8rement dans nos montagnes la randonn\u00e9e, le VTT, le ski de randonn\u00e9e, mais \u00e9galement le tennis et la p\u00e9tanque.<\/p><p>Apr\u00e8s des \u00e9tudes d\u2019ing\u00e9nieur \u00e0 l\u2019ENI de Tarbes et une activit\u00e9 professionnelle sur Toulouse (o\u00f9 j\u2019enseigne toujours le marketing digital et la gestion financi\u00e8re \u00e0 l\u2019universit\u00e9 Paul Sabatier et \u00e0 l\u2019INSA), nous sommes devenus propri\u00e9taires sur Ax-les-Thermes avec Laure en 2010. Elle a exerc\u00e9 le m\u00e9tier d\u2019infirmi\u00e8re lib\u00e9rale \u00e0 la Maison de Sant\u00e9 et a servi en tant que pompier volontaire (ISP) \u00e0 la caserne d\u2019Ax-les-Thermes durant plusieurs ann\u00e9es.<\/p><p>Nous habitons maintenant \u00e0 Entresserres et nos enfants ont fait le choix de vivre et travailler eux aussi dans notre vall\u00e9e. Notre fille est psychologue \u00e0 la Maison de Sant\u00e9 et notre fils est co-g\u00e9rant et associ\u00e9 avec Mario et moi-m\u00eame du restaurant Le Patio en centre-ville.<\/p><p>Tr\u00e8s rapidement, j\u2019ai voulu m\u2019investir dans la vie locale et c\u2019est ainsi que je suis conseiller municipal depuis 2020, charg\u00e9 de la relation avec les commer\u00e7ants et de la communication digitale de la mairie avec Marc LOISON. Je si\u00e8ge \u00e9galement au conseil d\u2019administration de la SAVASEM et de Ax Animation. J&rsquo;ai la volont\u00e9 de continuer toutes les actions entreprises depuis 6 ans en m&rsquo;investissant \u00e0 nouveau pour 6 nouvelles ann\u00e9es au c\u00f4t\u00e9 d&rsquo;Alain PIBOULEAU.<\/p>\t\t\t\t\t\t\t\t<\/div>\n\t\t\t\t<\/div>\n\t\t\t\t\t<\/div>\n\t\t\t\t<\/div>\n\t\t<div class=\"elementor-element elementor-element-77f98a3 e-flex e-con-boxed e-con e-parent\" data-id=\"77f98a3\" data-element_type=\"container\" data-e-type=\"container\">\n\t\t\t\t\t<div class=\"e-con-inner\">\n\t\t\t\t<div class=\"elementor-element elementor-element-2bc6683 elementor-widget elementor-widget-text-editor\" data-id=\"2bc6683\" data-element_type=\"widget\" data-e-type=\"widget\" data-widget_type=\"text-editor.default\">\n\t\t\t\t\t\t\t\t\t<p>Une question \u00e0 nous poser ?<\/p><p>Envoyez nous un mail \u00e0 <strong>axpourtous@gmail.com<\/strong> et nous vous r\u00e9pondrons au plus vite.<\/p>\t\t\t\t\t\t\t\t<\/div>\n\t\t\t\t\t<\/div>\n\t\t\t\t<\/div>\n\t\t\t\t<\/div>\n\t\t","protected":false},"excerpt":{"rendered":"<p>Sylvie MARTIN N\u00e9e \u00e0 N\u00e9rac dans le Lot-et-Garonne, dans une famille modeste et aimante, mes \u00e9tudes en comptabilit\u00e9 m&rsquo;ont ensuite amen\u00e9e au Pas de la Case o\u00f9 j&rsquo;ai travaill\u00e9 durant 26 ans d\u2019abord comme salari\u00e9e puis en y tenant mon commerce. Ag\u00e9e de 61 ans, divorc\u00e9e et sans enfant, je connais Ax depuis plus de [&hellip;]<\/p>\n","protected":false},"author":1,"featured_media":0,"parent":0,"menu_order":0,"comment_status":"closed","ping_status":"closed","template":"","meta":{"_monsterinsights_skip_tracking":false,"_monsterinsights_sitenote_active":false,"_monsterinsights_sitenote_note":"","_monsterinsights_sitenote_category":0,"ocean_post_layout":"","ocean_both_sidebars_style":"","ocean_both_sidebars_content_width":0,"ocean_both_sidebars_sidebars_width":0,"ocean_sidebar":"","ocean_second_sidebar":"","ocean_disable_margins":"enable","ocean_add_body_class":"","ocean_shortcode_before_top_bar":"","ocean_shortcode_after_top_bar":"","ocean_shortcode_before_header":"","ocean_shortcode_after_header":"","ocean_has_shortcode":"","ocean_shortcode_after_title":"","ocean_shortcode_before_footer_widgets":"","ocean_shortcode_after_footer_widgets":"","ocean_shortcode_before_footer_bottom":"","ocean_shortcode_after_footer_bottom":"","ocean_display_top_bar":"default","ocean_display_header":"default","ocean_header_style":"","ocean_center_header_left_menu":"","ocean_custom_header_template":"","ocean_custom_logo":0,"ocean_custom_retina_logo":0,"ocean_custom_logo_max_width":0,"ocean_custom_logo_tablet_max_width":0,"ocean_custom_logo_mobile_max_width":0,"ocean_custom_logo_max_height":0,"ocean_custom_logo_tablet_max_height":0,"ocean_custom_logo_mobile_max_height":0,"ocean_header_custom_menu":"","ocean_menu_typo_font_family":"","ocean_menu_typo_font_subset":"","ocean_menu_typo_font_size":0,"ocean_menu_typo_font_size_tablet":0,"ocean_menu_typo_font_size_mobile":0,"ocean_menu_typo_font_size_unit":"px","ocean_menu_typo_font_weight":"","ocean_menu_typo_font_weight_tablet":"","ocean_menu_typo_font_weight_mobile":"","ocean_menu_typo_transform":"","ocean_menu_typo_transform_tablet":"","ocean_menu_typo_transform_mobile":"","ocean_menu_typo_line_height":0,"ocean_menu_typo_line_height_tablet":0,"ocean_menu_typo_line_height_mobile":0,"ocean_menu_typo_line_height_unit":"","ocean_menu_typo_spacing":0,"ocean_menu_typo_spacing_tablet":0,"ocean_menu_typo_spacing_mobile":0,"ocean_menu_typo_spacing_unit":"","ocean_menu_link_color":"","ocean_menu_link_color_hover":"","ocean_menu_link_color_active":"","ocean_menu_link_background":"","ocean_menu_link_hover_background":"","ocean_menu_link_active_background":"","ocean_menu_social_links_bg":"","ocean_menu_social_hover_links_bg":"","ocean_menu_social_links_color":"","ocean_menu_social_hover_links_color":"","ocean_disable_title":"default","ocean_disable_heading":"default","ocean_post_title":"","ocean_post_subheading":"","ocean_post_title_style":"","ocean_post_title_background_color":"","ocean_post_title_background":0,"ocean_post_title_bg_image_position":"","ocean_post_title_bg_image_attachment":"","ocean_post_title_bg_image_repeat":"","ocean_post_title_bg_image_size":"","ocean_post_title_height":0,"ocean_post_title_bg_overlay":0.5,"ocean_post_title_bg_overlay_color":"","ocean_disable_breadcrumbs":"default","ocean_breadcrumbs_color":"","ocean_breadcrumbs_separator_color":"","ocean_breadcrumbs_links_color":"","ocean_breadcrumbs_links_hover_color":"","ocean_display_footer_widgets":"default","ocean_display_footer_bottom":"default","ocean_custom_footer_template":"","footnotes":""},"class_list":["post-891","page","type-page","status-publish","hentry","entry"],"yoast_head":"<!-- This site is optimized with the Yoast SEO plugin v27.0 - https:\/\/yoast.com\/product\/yoast-seo-wordpress\/ -->\n<title>Sylvie MARTIN et Laurent BERNARD - Ax Pour Tous<\/title>\n<meta name=\"robots\" content=\"index, follow, max-snippet:-1, max-image-preview:large, max-video-preview:-1\" \/>\n<link rel=\"canonical\" href=\"https:\/\/www.axpourtous.fr\/index.php\/sylvie-martin-et-laurent-bernard\/\" \/>\n<meta property=\"og:locale\" content=\"fr_FR\" \/>\n<meta property=\"og:type\" content=\"article\" \/>\n<meta property=\"og:title\" content=\"Sylvie MARTIN et Laurent BERNARD - Ax Pour Tous\" \/>\n<meta property=\"og:description\" content=\"Sylvie MARTIN N\u00e9e \u00e0 N\u00e9rac dans le Lot-et-Garonne, dans une famille modeste et aimante, mes \u00e9tudes en comptabilit\u00e9 m&rsquo;ont ensuite amen\u00e9e au Pas de la Case o\u00f9 j&rsquo;ai travaill\u00e9 durant 26 ans d\u2019abord comme salari\u00e9e puis en y tenant mon commerce. Ag\u00e9e de 61 ans, divorc\u00e9e et sans enfant, je connais Ax depuis plus de [&hellip;]\" \/>\n<meta property=\"og:url\" content=\"https:\/\/www.axpourtous.fr\/index.php\/sylvie-martin-et-laurent-bernard\/\" \/>\n<meta property=\"og:site_name\" content=\"Ax Pour Tous\" \/>\n<meta property=\"article:modified_time\" content=\"2026-02-20T15:33:12+00:00\" \/>\n<meta property=\"og:image\" content=\"https:\/\/www.axpourtous.fr\/wp-content\/uploads\/2026\/01\/Sylvie-MARTIN.jpg\" \/>\n\t<meta property=\"og:image:width\" content=\"333\" \/>\n\t<meta property=\"og:image:height\" content=\"500\" \/>\n\t<meta property=\"og:image:type\" content=\"image\/jpeg\" \/>\n<meta name=\"twitter:card\" content=\"summary_large_image\" \/>\n<meta name=\"twitter:label1\" content=\"Dur\u00e9e de lecture estim\u00e9e\" \/>\n\t<meta name=\"twitter:data1\" content=\"3 minutes\" \/>\n<script type=\"application\/ld+json\" class=\"yoast-schema-graph\">{\"@context\":\"https:\/\/schema.org\",\"@graph\":[{\"@type\":\"WebPage\",\"@id\":\"https:\/\/www.axpourtous.fr\/index.php\/sylvie-martin-et-laurent-bernard\/\",\"url\":\"https:\/\/www.axpourtous.fr\/index.php\/sylvie-martin-et-laurent-bernard\/\",\"name\":\"Sylvie MARTIN et Laurent BERNARD - Ax Pour Tous\",\"isPartOf\":{\"@id\":\"https:\/\/www.axpourtous.fr\/#website\"},\"primaryImageOfPage\":{\"@id\":\"https:\/\/www.axpourtous.fr\/index.php\/sylvie-martin-et-laurent-bernard\/#primaryimage\"},\"image\":{\"@id\":\"https:\/\/www.axpourtous.fr\/index.php\/sylvie-martin-et-laurent-bernard\/#primaryimage\"},\"thumbnailUrl\":\"https:\/\/www.axpourtous.fr\/wp-content\/uploads\/2026\/01\/Sylvie-MARTIN.jpg\",\"datePublished\":\"2026-01-17T14:03:23+00:00\",\"dateModified\":\"2026-02-20T15:33:12+00:00\",\"breadcrumb\":{\"@id\":\"https:\/\/www.axpourtous.fr\/index.php\/sylvie-martin-et-laurent-bernard\/#breadcrumb\"},\"inLanguage\":\"fr-FR\",\"potentialAction\":[{\"@type\":\"ReadAction\",\"target\":[\"https:\/\/www.axpourtous.fr\/index.php\/sylvie-martin-et-laurent-bernard\/\"]}]},{\"@type\":\"ImageObject\",\"inLanguage\":\"fr-FR\",\"@id\":\"https:\/\/www.axpourtous.fr\/index.php\/sylvie-martin-et-laurent-bernard\/#primaryimage\",\"url\":\"https:\/\/www.axpourtous.fr\/wp-content\/uploads\/2026\/01\/Sylvie-MARTIN.jpg\",\"contentUrl\":\"https:\/\/www.axpourtous.fr\/wp-content\/uploads\/2026\/01\/Sylvie-MARTIN.jpg\",\"width\":333,\"height\":500,\"caption\":\"Sylvie MARTIN\"},{\"@type\":\"BreadcrumbList\",\"@id\":\"https:\/\/www.axpourtous.fr\/index.php\/sylvie-martin-et-laurent-bernard\/#breadcrumb\",\"itemListElement\":[{\"@type\":\"ListItem\",\"position\":1,\"name\":\"Accueil\",\"item\":\"https:\/\/www.axpourtous.fr\/\"},{\"@type\":\"ListItem\",\"position\":2,\"name\":\"Sylvie MARTIN et Laurent BERNARD\"}]},{\"@type\":\"WebSite\",\"@id\":\"https:\/\/www.axpourtous.fr\/#website\",\"url\":\"https:\/\/www.axpourtous.fr\/\",\"name\":\"Ax Pour Tous\",\"description\":\"Ax Pour Tous - Partageons Demain\",\"publisher\":{\"@id\":\"https:\/\/www.axpourtous.fr\/#organization\"},\"potentialAction\":[{\"@type\":\"SearchAction\",\"target\":{\"@type\":\"EntryPoint\",\"urlTemplate\":\"https:\/\/www.axpourtous.fr\/?s={search_term_string}\"},\"query-input\":{\"@type\":\"PropertyValueSpecification\",\"valueRequired\":true,\"valueName\":\"search_term_string\"}}],\"inLanguage\":\"fr-FR\"},{\"@type\":\"Organization\",\"@id\":\"https:\/\/www.axpourtous.fr\/#organization\",\"name\":\"Ax Pour Tous\",\"url\":\"https:\/\/www.axpourtous.fr\/\",\"logo\":{\"@type\":\"ImageObject\",\"inLanguage\":\"fr-FR\",\"@id\":\"https:\/\/www.axpourtous.fr\/#\/schema\/logo\/image\/\",\"url\":\"https:\/\/www.axpourtous.fr\/wp-content\/uploads\/2026\/01\/cropped-Logo-Ax-pour-tous-1.jpg\",\"contentUrl\":\"https:\/\/www.axpourtous.fr\/wp-content\/uploads\/2026\/01\/cropped-Logo-Ax-pour-tous-1.jpg\",\"width\":582,\"height\":271,\"caption\":\"Ax Pour Tous\"},\"image\":{\"@id\":\"https:\/\/www.axpourtous.fr\/#\/schema\/logo\/image\/\"}}]}<\/script>\n<!-- \/ Yoast SEO plugin. -->","yoast_head_json":{"title":"Sylvie MARTIN et Laurent BERNARD - Ax Pour Tous","robots":{"index":"index","follow":"follow","max-snippet":"max-snippet:-1","max-image-preview":"max-image-preview:large","max-video-preview":"max-video-preview:-1"},"canonical":"https:\/\/www.axpourtous.fr\/index.php\/sylvie-martin-et-laurent-bernard\/","og_locale":"fr_FR","og_type":"article","og_title":"Sylvie MARTIN et Laurent BERNARD - Ax Pour Tous","og_description":"Sylvie MARTIN N\u00e9e \u00e0 N\u00e9rac dans le Lot-et-Garonne, dans une famille modeste et aimante, mes \u00e9tudes en comptabilit\u00e9 m&rsquo;ont ensuite amen\u00e9e au Pas de la Case o\u00f9 j&rsquo;ai travaill\u00e9 durant 26 ans d\u2019abord comme salari\u00e9e puis en y tenant mon commerce. Ag\u00e9e de 61 ans, divorc\u00e9e et sans enfant, je connais Ax depuis plus de [&hellip;]","og_url":"https:\/\/www.axpourtous.fr\/index.php\/sylvie-martin-et-laurent-bernard\/","og_site_name":"Ax Pour Tous","article_modified_time":"2026-02-20T15:33:12+00:00","og_image":[{"width":333,"height":500,"url":"https:\/\/www.axpourtous.fr\/wp-content\/uploads\/2026\/01\/Sylvie-MARTIN.jpg","type":"image\/jpeg"}],"twitter_card":"summary_large_image","twitter_misc":{"Dur\u00e9e de lecture estim\u00e9e":"3 minutes"},"schema":{"@context":"https:\/\/schema.org","@graph":[{"@type":"WebPage","@id":"https:\/\/www.axpourtous.fr\/index.php\/sylvie-martin-et-laurent-bernard\/","url":"https:\/\/www.axpourtous.fr\/index.php\/sylvie-martin-et-laurent-bernard\/","name":"Sylvie MARTIN et Laurent BERNARD - Ax Pour Tous","isPartOf":{"@id":"https:\/\/www.axpourtous.fr\/#website"},"primaryImageOfPage":{"@id":"https:\/\/www.axpourtous.fr\/index.php\/sylvie-martin-et-laurent-bernard\/#primaryimage"},"image":{"@id":"https:\/\/www.axpourtous.fr\/index.php\/sylvie-martin-et-laurent-bernard\/#primaryimage"},"thumbnailUrl":"https:\/\/www.axpourtous.fr\/wp-content\/uploads\/2026\/01\/Sylvie-MARTIN.jpg","datePublished":"2026-01-17T14:03:23+00:00","dateModified":"2026-02-20T15:33:12+00:00","breadcrumb":{"@id":"https:\/\/www.axpourtous.fr\/index.php\/sylvie-martin-et-laurent-bernard\/#breadcrumb"},"inLanguage":"fr-FR","potentialAction":[{"@type":"ReadAction","target":["https:\/\/www.axpourtous.fr\/index.php\/sylvie-martin-et-laurent-bernard\/"]}]},{"@type":"ImageObject","inLanguage":"fr-FR","@id":"https:\/\/www.axpourtous.fr\/index.php\/sylvie-martin-et-laurent-bernard\/#primaryimage","url":"https:\/\/www.axpourtous.fr\/wp-content\/uploads\/2026\/01\/Sylvie-MARTIN.jpg","contentUrl":"https:\/\/www.axpourtous.fr\/wp-content\/uploads\/2026\/01\/Sylvie-MARTIN.jpg","width":333,"height":500,"caption":"Sylvie MARTIN"},{"@type":"BreadcrumbList","@id":"https:\/\/www.axpourtous.fr\/index.php\/sylvie-martin-et-laurent-bernard\/#breadcrumb","itemListElement":[{"@type":"ListItem","position":1,"name":"Accueil","item":"https:\/\/www.axpourtous.fr\/"},{"@type":"ListItem","position":2,"name":"Sylvie MARTIN et Laurent BERNARD"}]},{"@type":"WebSite","@id":"https:\/\/www.axpourtous.fr\/#website","url":"https:\/\/www.axpourtous.fr\/","name":"Ax Pour Tous","description":"Ax Pour Tous - Partageons Demain","publisher":{"@id":"https:\/\/www.axpourtous.fr\/#organization"},"potentialAction":[{"@type":"SearchAction","target":{"@type":"EntryPoint","urlTemplate":"https:\/\/www.axpourtous.fr\/?s={search_term_string}"},"query-input":{"@type":"PropertyValueSpecification","valueRequired":true,"valueName":"search_term_string"}}],"inLanguage":"fr-FR"},{"@type":"Organization","@id":"https:\/\/www.axpourtous.fr\/#organization","name":"Ax Pour Tous","url":"https:\/\/www.axpourtous.fr\/","logo":{"@type":"ImageObject","inLanguage":"fr-FR","@id":"https:\/\/www.axpourtous.fr\/#\/schema\/logo\/image\/","url":"https:\/\/www.axpourtous.fr\/wp-content\/uploads\/2026\/01\/cropped-Logo-Ax-pour-tous-1.jpg","contentUrl":"https:\/\/www.axpourtous.fr\/wp-content\/uploads\/2026\/01\/cropped-Logo-Ax-pour-tous-1.jpg","width":582,"height":271,"caption":"Ax Pour Tous"},"image":{"@id":"https:\/\/www.axpourtous.fr\/#\/schema\/logo\/image\/"}}]}},"_links":{"self":[{"href":"https:\/\/www.axpourtous.fr\/index.php\/wp-json\/wp\/v2\/pages\/891","targetHints":{"allow":["GET"]}}],"collection":[{"href":"https:\/\/www.axpourtous.fr\/index.php\/wp-json\/wp\/v2\/pages"}],"about":[{"href":"https:\/\/www.axpourtous.fr\/index.php\/wp-json\/wp\/v2\/types\/page"}],"author":[{"embeddable":true,"href":"https:\/\/www.axpourtous.fr\/index.php\/wp-json\/wp\/v2\/users\/1"}],"replies":[{"embeddable":true,"href":"https:\/\/www.axpourtous.fr\/index.php\/wp-json\/wp\/v2\/comments?post=891"}],"version-history":[{"count":19,"href":"https:\/\/www.axpourtous.fr\/index.php\/wp-json\/wp\/v2\/pages\/891\/revisions"}],"predecessor-version":[{"id":2018,"href":"https:\/\/www.axpourtous.fr\/index.php\/wp-json\/wp\/v2\/pages\/891\/revisions\/2018"}],"wp:attachment":[{"href":"https:\/\/www.axpourtous.fr\/index.php\/wp-json\/wp\/v2\/media?parent=891"}],"curies":[{"name":"wp","href":"https:\/\/api.w.org\/{rel}","templated":true}]}}