{"id":870,"date":"2026-01-17T13:50:37","date_gmt":"2026-01-17T13:50:37","guid":{"rendered":"https:\/\/www.axpourtous.fr\/?page_id=870"},"modified":"2026-02-20T16:01:23","modified_gmt":"2026-02-20T16:01:23","slug":"marie-agnes-rossignol-et-dominique-fourcade","status":"publish","type":"page","link":"https:\/\/www.axpourtous.fr\/index.php\/marie-agnes-rossignol-et-dominique-fourcade\/","title":{"rendered":"Marie-Agn\u00e8s ROSSIGNOL et Dominique FOURCADE"},"content":{"rendered":"\t\t<div data-elementor-type=\"wp-page\" data-elementor-id=\"870\" class=\"elementor elementor-870\">\n\t\t\t\t<div class=\"elementor-element elementor-element-00fe73b e-flex e-con-boxed e-con e-parent\" data-id=\"00fe73b\" data-element_type=\"container\" data-e-type=\"container\">\n\t\t\t\t\t<div class=\"e-con-inner\">\n\t\t<div class=\"elementor-element elementor-element-7efc6fe e-con-full e-flex e-con e-child\" data-id=\"7efc6fe\" data-element_type=\"container\" data-e-type=\"container\">\n\t\t\t\t<div class=\"elementor-element elementor-element-d9faca4 elementor-widget elementor-widget-image\" data-id=\"d9faca4\" data-element_type=\"widget\" data-e-type=\"widget\" data-widget_type=\"image.default\">\n\t\t\t\t\t\t\t\t\t\t\t\t\t\t\t<img fetchpriority=\"high\" decoding=\"async\" width=\"333\" height=\"500\" src=\"https:\/\/www.axpourtous.fr\/wp-content\/uploads\/2026\/01\/Marie-Agnes-ROSSIGNOL.jpg\" class=\"attachment-large size-large wp-image-859\" alt=\"Marie-Agn\u00e8s ROSSIGNOL\" srcset=\"https:\/\/www.axpourtous.fr\/wp-content\/uploads\/2026\/01\/Marie-Agnes-ROSSIGNOL.jpg 333w, https:\/\/www.axpourtous.fr\/wp-content\/uploads\/2026\/01\/Marie-Agnes-ROSSIGNOL-200x300.jpg 200w\" sizes=\"(max-width: 333px) 100vw, 333px\" \/>\t\t\t\t\t\t\t\t\t\t\t\t\t\t\t<\/div>\n\t\t\t\t<\/div>\n\t\t<div class=\"elementor-element elementor-element-706a241 e-con-full e-flex e-con e-child\" data-id=\"706a241\" data-element_type=\"container\" data-e-type=\"container\">\n\t\t\t\t<div class=\"elementor-element elementor-element-c426e0e elementor-widget elementor-widget-text-editor\" data-id=\"c426e0e\" data-element_type=\"widget\" data-e-type=\"widget\" data-widget_type=\"text-editor.default\">\n\t\t\t\t\t\t\t\t\t<p><strong>Marie-Agn\u00e8s ROSSIGNOL<\/strong><\/p><p>Ag\u00e9e de 57 ans, install\u00e9e \u00e0 Ax depuis 25 ans, j\u2019ai eu la chance d\u2019y \u00e9lever mes deux enfants et d\u2019y travailler encore aujourd\u2019hui, comme conseill\u00e8re principale d\u2019\u00e9ducation au coll\u00e8ge d\u2019Ax-les-Thermes. Ce m\u00e9tier, au contact quotidien des jeunes et de leurs familles, m\u2019a appris l\u2019importance de l\u2019\u00e9coute, du dialogue et du respect. Il me permet aussi de rester attentive aux r\u00e9alit\u00e9s et aux besoins concrets de celles et ceux qui vivent ici.<\/p><p>Mon engagement municipal a d\u00e9but\u00e9 en 2014, comme conseill\u00e8re municipale, et \u00e9lue communautaire puis adjointe \u00e0 partir de 2017. Depuis six ans, je pr\u00e9side Ax Animation. Cette exp\u00e9rience m\u2019a permis de mesurer, au plus pr\u00e8s des habitants, combien la culture, les \u00e9v\u00e9nements et la vie associative sont essentiels au dynamisme, au lien social et \u00e0 l\u2019attractivit\u00e9 de notre ville.<\/p><p>Je suis convaincue que l\u2019engagement politique se construit collectivement. C\u2019est au sein d\u2019une \u00e9quipe soud\u00e9e, autour d\u2019Alain Pibouleau, que je souhaite poursuivre mon action pour r\u00e9pondre aux besoins du quotidien et continuer \u00e0 faire d\u2019Ax-les-Thermes une ville vivante, solidaire, culturelle et tourn\u00e9e vers l\u2019avenir, au service de toutes et tous.<\/p>\t\t\t\t\t\t\t\t<\/div>\n\t\t\t\t<\/div>\n\t\t\t\t\t<\/div>\n\t\t\t\t<\/div>\n\t\t<div class=\"elementor-element elementor-element-b0e72c6 e-flex e-con-boxed e-con e-parent\" data-id=\"b0e72c6\" data-element_type=\"container\" data-e-type=\"container\">\n\t\t\t\t\t<div class=\"e-con-inner\">\n\t\t<div class=\"elementor-element elementor-element-f088811 e-con-full e-flex e-con e-child\" data-id=\"f088811\" data-element_type=\"container\" data-e-type=\"container\">\n\t\t\t\t<div class=\"elementor-element elementor-element-5a0ed14 elementor-widget elementor-widget-image\" data-id=\"5a0ed14\" data-element_type=\"widget\" data-e-type=\"widget\" data-widget_type=\"image.default\">\n\t\t\t\t\t\t\t\t\t\t\t\t\t\t\t<img decoding=\"async\" width=\"333\" height=\"500\" src=\"https:\/\/www.axpourtous.fr\/wp-content\/uploads\/2026\/01\/Dominique-FOURCADE.jpg\" class=\"attachment-large size-large wp-image-852\" alt=\"Dominique FOURCADE\" srcset=\"https:\/\/www.axpourtous.fr\/wp-content\/uploads\/2026\/01\/Dominique-FOURCADE.jpg 333w, https:\/\/www.axpourtous.fr\/wp-content\/uploads\/2026\/01\/Dominique-FOURCADE-200x300.jpg 200w\" sizes=\"(max-width: 333px) 100vw, 333px\" \/>\t\t\t\t\t\t\t\t\t\t\t\t\t\t\t<\/div>\n\t\t\t\t<\/div>\n\t\t<div class=\"elementor-element elementor-element-c685e30 e-con-full e-flex e-con e-child\" data-id=\"c685e30\" data-element_type=\"container\" data-e-type=\"container\">\n\t\t\t\t<div class=\"elementor-element elementor-element-8ca324c elementor-widget elementor-widget-text-editor\" data-id=\"8ca324c\" data-element_type=\"widget\" data-e-type=\"widget\" data-widget_type=\"text-editor.default\">\n\t\t\t\t\t\t\t\t\t<p><strong>Dominique FOURCADE<\/strong><\/p><p>Je suis candidat aux \u00e9lections municipales parce que je crois profond\u00e9ment en l\u2019avenir de notre ville. Mon engagement municipal a commenc\u00e9 en 1995, \u00e0 un moment o\u00f9 j\u2019ai ressenti que notre commune s\u2019essoufflait et qu\u2019il fallait agir pour enrayer ce d\u00e9clin. Depuis, je n\u2019ai jamais cess\u00e9 de m\u2019impliquer au service du collectif. Maire depuis 2014, j\u2019ai exerc\u00e9 ces mandats avec d\u00e9termination, responsabilit\u00e9 et passion, toujours guid\u00e9 par l\u2019int\u00e9r\u00eat g\u00e9n\u00e9ral.<\/p><p>Au fil des ann\u00e9es, mon action s\u2019est \u00e9galement d\u00e9ploy\u00e9e au sein de la communaut\u00e9 de communes et de nombreuses instances d\u00e9partementales. Cet engagement m\u2019a permis de d\u00e9fendre notre territoire, de tisser des partenariats utiles et de porter la voix de notre commune \u00e0 tous les niveaux. Ari\u00e9geois depuis toujours, ax\u00e9en depuis 45 ans, je suis profond\u00e9ment attach\u00e9 \u00e0 cette ville.<\/p><p>La montagne fait partie de mon identit\u00e9 : ski, randonn\u00e9e, escalade rythment ma vie et nourrissent mon attachement \u00e0 ce territoire d\u2019exception. Kin\u00e9sith\u00e9rapeute aujourd\u2019hui \u00e0 la retraite, j\u2019ai consacr\u00e9 ma carri\u00e8re \u00e0 prendre soin des autres, une valeur que je continue de porter dans mon engagement public.<\/p><p>Je suis aussi un p\u00e8re et un grand-p\u00e8re fier. Mes deux enfants partagent cet attachement \u00e0 Ax : l\u2019a\u00een\u00e9 est pompier et install\u00e9 ici, le second parcourt le monde mais revient d\u00e8s qu\u2019il le peut car Ax-les-Thermes est son point d\u2019attache. Avec vous, je souhaite accompagner l\u2019\u00e9criture d\u2019une nouvelle page de notre histoire communale, aux c\u00f4t\u00e9s d\u2019Alain Pibouleau, avec ambition, humilit\u00e9 et confiance dans l\u2019avenir.<\/p>\t\t\t\t\t\t\t\t<\/div>\n\t\t\t\t<\/div>\n\t\t\t\t\t<\/div>\n\t\t\t\t<\/div>\n\t\t<div class=\"elementor-element elementor-element-fd5126a e-flex e-con-boxed e-con e-parent\" data-id=\"fd5126a\" data-element_type=\"container\" data-e-type=\"container\">\n\t\t\t\t\t<div class=\"e-con-inner\">\n\t\t\t\t<div class=\"elementor-element elementor-element-4cff35c elementor-widget elementor-widget-text-editor\" data-id=\"4cff35c\" data-element_type=\"widget\" data-e-type=\"widget\" data-widget_type=\"text-editor.default\">\n\t\t\t\t\t\t\t\t\t<p>Une question \u00e0 nous poser ?<\/p><p>Envoyez nous un mail \u00e0 <strong>axpourtous@gmail.com<\/strong> et nous vous r\u00e9pondrons au plus vite.<\/p>\t\t\t\t\t\t\t\t<\/div>\n\t\t\t\t\t<\/div>\n\t\t\t\t<\/div>\n\t\t\t\t<\/div>\n\t\t","protected":false},"excerpt":{"rendered":"<p>Marie-Agn\u00e8s ROSSIGNOL Ag\u00e9e de 57 ans, install\u00e9e \u00e0 Ax depuis 25 ans, j\u2019ai eu la chance d\u2019y \u00e9lever mes deux enfants et d\u2019y travailler encore aujourd\u2019hui, comme conseill\u00e8re principale d\u2019\u00e9ducation au coll\u00e8ge d\u2019Ax-les-Thermes. Ce m\u00e9tier, au contact quotidien des jeunes et de leurs familles, m\u2019a appris l\u2019importance de l\u2019\u00e9coute, du dialogue et du respect. Il [&hellip;]<\/p>\n","protected":false},"author":1,"featured_media":0,"parent":0,"menu_order":0,"comment_status":"closed","ping_status":"closed","template":"","meta":{"_monsterinsights_skip_tracking":false,"_monsterinsights_sitenote_active":false,"_monsterinsights_sitenote_note":"","_monsterinsights_sitenote_category":0,"ocean_post_layout":"","ocean_both_sidebars_style":"","ocean_both_sidebars_content_width":0,"ocean_both_sidebars_sidebars_width":0,"ocean_sidebar":"","ocean_second_sidebar":"","ocean_disable_margins":"enable","ocean_add_body_class":"","ocean_shortcode_before_top_bar":"","ocean_shortcode_after_top_bar":"","ocean_shortcode_before_header":"","ocean_shortcode_after_header":"","ocean_has_shortcode":"","ocean_shortcode_after_title":"","ocean_shortcode_before_footer_widgets":"","ocean_shortcode_after_footer_widgets":"","ocean_shortcode_before_footer_bottom":"","ocean_shortcode_after_footer_bottom":"","ocean_display_top_bar":"default","ocean_display_header":"default","ocean_header_style":"","ocean_center_header_left_menu":"","ocean_custom_header_template":"","ocean_custom_logo":0,"ocean_custom_retina_logo":0,"ocean_custom_logo_max_width":0,"ocean_custom_logo_tablet_max_width":0,"ocean_custom_logo_mobile_max_width":0,"ocean_custom_logo_max_height":0,"ocean_custom_logo_tablet_max_height":0,"ocean_custom_logo_mobile_max_height":0,"ocean_header_custom_menu":"","ocean_menu_typo_font_family":"","ocean_menu_typo_font_subset":"","ocean_menu_typo_font_size":0,"ocean_menu_typo_font_size_tablet":0,"ocean_menu_typo_font_size_mobile":0,"ocean_menu_typo_font_size_unit":"px","ocean_menu_typo_font_weight":"","ocean_menu_typo_font_weight_tablet":"","ocean_menu_typo_font_weight_mobile":"","ocean_menu_typo_transform":"","ocean_menu_typo_transform_tablet":"","ocean_menu_typo_transform_mobile":"","ocean_menu_typo_line_height":0,"ocean_menu_typo_line_height_tablet":0,"ocean_menu_typo_line_height_mobile":0,"ocean_menu_typo_line_height_unit":"","ocean_menu_typo_spacing":0,"ocean_menu_typo_spacing_tablet":0,"ocean_menu_typo_spacing_mobile":0,"ocean_menu_typo_spacing_unit":"","ocean_menu_link_color":"","ocean_menu_link_color_hover":"","ocean_menu_link_color_active":"","ocean_menu_link_background":"","ocean_menu_link_hover_background":"","ocean_menu_link_active_background":"","ocean_menu_social_links_bg":"","ocean_menu_social_hover_links_bg":"","ocean_menu_social_links_color":"","ocean_menu_social_hover_links_color":"","ocean_disable_title":"default","ocean_disable_heading":"default","ocean_post_title":"","ocean_post_subheading":"","ocean_post_title_style":"","ocean_post_title_background_color":"","ocean_post_title_background":0,"ocean_post_title_bg_image_position":"","ocean_post_title_bg_image_attachment":"","ocean_post_title_bg_image_repeat":"","ocean_post_title_bg_image_size":"","ocean_post_title_height":0,"ocean_post_title_bg_overlay":0.5,"ocean_post_title_bg_overlay_color":"","ocean_disable_breadcrumbs":"default","ocean_breadcrumbs_color":"","ocean_breadcrumbs_separator_color":"","ocean_breadcrumbs_links_color":"","ocean_breadcrumbs_links_hover_color":"","ocean_display_footer_widgets":"default","ocean_display_footer_bottom":"default","ocean_custom_footer_template":"","footnotes":""},"class_list":["post-870","page","type-page","status-publish","hentry","entry"],"yoast_head":"<!-- This site is optimized with the Yoast SEO plugin v27.0 - https:\/\/yoast.com\/product\/yoast-seo-wordpress\/ -->\n<title>Marie-Agn\u00e8s ROSSIGNOL et Dominique FOURCADE - Ax Pour Tous<\/title>\n<meta name=\"robots\" content=\"index, follow, max-snippet:-1, max-image-preview:large, max-video-preview:-1\" \/>\n<link rel=\"canonical\" href=\"https:\/\/www.axpourtous.fr\/index.php\/marie-agnes-rossignol-et-dominique-fourcade\/\" \/>\n<meta property=\"og:locale\" content=\"fr_FR\" \/>\n<meta property=\"og:type\" content=\"article\" \/>\n<meta property=\"og:title\" content=\"Marie-Agn\u00e8s ROSSIGNOL et Dominique FOURCADE - Ax Pour Tous\" \/>\n<meta property=\"og:description\" content=\"Marie-Agn\u00e8s ROSSIGNOL Ag\u00e9e de 57 ans, install\u00e9e \u00e0 Ax depuis 25 ans, j\u2019ai eu la chance d\u2019y \u00e9lever mes deux enfants et d\u2019y travailler encore aujourd\u2019hui, comme conseill\u00e8re principale d\u2019\u00e9ducation au coll\u00e8ge d\u2019Ax-les-Thermes. Ce m\u00e9tier, au contact quotidien des jeunes et de leurs familles, m\u2019a appris l\u2019importance de l\u2019\u00e9coute, du dialogue et du respect. Il [&hellip;]\" \/>\n<meta property=\"og:url\" content=\"https:\/\/www.axpourtous.fr\/index.php\/marie-agnes-rossignol-et-dominique-fourcade\/\" \/>\n<meta property=\"og:site_name\" content=\"Ax Pour Tous\" \/>\n<meta property=\"article:modified_time\" content=\"2026-02-20T16:01:23+00:00\" \/>\n<meta property=\"og:image\" content=\"https:\/\/www.axpourtous.fr\/wp-content\/uploads\/2026\/01\/Marie-Agnes-ROSSIGNOL.jpg\" \/>\n\t<meta property=\"og:image:width\" content=\"333\" \/>\n\t<meta property=\"og:image:height\" content=\"500\" \/>\n\t<meta property=\"og:image:type\" content=\"image\/jpeg\" \/>\n<meta name=\"twitter:card\" content=\"summary_large_image\" \/>\n<meta name=\"twitter:label1\" content=\"Dur\u00e9e de lecture estim\u00e9e\" \/>\n\t<meta name=\"twitter:data1\" content=\"3 minutes\" \/>\n<script type=\"application\/ld+json\" class=\"yoast-schema-graph\">{\"@context\":\"https:\/\/schema.org\",\"@graph\":[{\"@type\":\"WebPage\",\"@id\":\"https:\/\/www.axpourtous.fr\/index.php\/marie-agnes-rossignol-et-dominique-fourcade\/\",\"url\":\"https:\/\/www.axpourtous.fr\/index.php\/marie-agnes-rossignol-et-dominique-fourcade\/\",\"name\":\"Marie-Agn\u00e8s ROSSIGNOL et Dominique FOURCADE - Ax Pour Tous\",\"isPartOf\":{\"@id\":\"https:\/\/www.axpourtous.fr\/#website\"},\"primaryImageOfPage\":{\"@id\":\"https:\/\/www.axpourtous.fr\/index.php\/marie-agnes-rossignol-et-dominique-fourcade\/#primaryimage\"},\"image\":{\"@id\":\"https:\/\/www.axpourtous.fr\/index.php\/marie-agnes-rossignol-et-dominique-fourcade\/#primaryimage\"},\"thumbnailUrl\":\"https:\/\/www.axpourtous.fr\/wp-content\/uploads\/2026\/01\/Marie-Agnes-ROSSIGNOL.jpg\",\"datePublished\":\"2026-01-17T13:50:37+00:00\",\"dateModified\":\"2026-02-20T16:01:23+00:00\",\"breadcrumb\":{\"@id\":\"https:\/\/www.axpourtous.fr\/index.php\/marie-agnes-rossignol-et-dominique-fourcade\/#breadcrumb\"},\"inLanguage\":\"fr-FR\",\"potentialAction\":[{\"@type\":\"ReadAction\",\"target\":[\"https:\/\/www.axpourtous.fr\/index.php\/marie-agnes-rossignol-et-dominique-fourcade\/\"]}]},{\"@type\":\"ImageObject\",\"inLanguage\":\"fr-FR\",\"@id\":\"https:\/\/www.axpourtous.fr\/index.php\/marie-agnes-rossignol-et-dominique-fourcade\/#primaryimage\",\"url\":\"https:\/\/www.axpourtous.fr\/wp-content\/uploads\/2026\/01\/Marie-Agnes-ROSSIGNOL.jpg\",\"contentUrl\":\"https:\/\/www.axpourtous.fr\/wp-content\/uploads\/2026\/01\/Marie-Agnes-ROSSIGNOL.jpg\",\"width\":333,\"height\":500,\"caption\":\"Marie-Agn\u00e8s ROSSIGNOL\"},{\"@type\":\"BreadcrumbList\",\"@id\":\"https:\/\/www.axpourtous.fr\/index.php\/marie-agnes-rossignol-et-dominique-fourcade\/#breadcrumb\",\"itemListElement\":[{\"@type\":\"ListItem\",\"position\":1,\"name\":\"Accueil\",\"item\":\"https:\/\/www.axpourtous.fr\/\"},{\"@type\":\"ListItem\",\"position\":2,\"name\":\"Marie-Agn\u00e8s ROSSIGNOL et Dominique FOURCADE\"}]},{\"@type\":\"WebSite\",\"@id\":\"https:\/\/www.axpourtous.fr\/#website\",\"url\":\"https:\/\/www.axpourtous.fr\/\",\"name\":\"Ax Pour Tous\",\"description\":\"Ax Pour Tous - Partageons Demain\",\"publisher\":{\"@id\":\"https:\/\/www.axpourtous.fr\/#organization\"},\"potentialAction\":[{\"@type\":\"SearchAction\",\"target\":{\"@type\":\"EntryPoint\",\"urlTemplate\":\"https:\/\/www.axpourtous.fr\/?s={search_term_string}\"},\"query-input\":{\"@type\":\"PropertyValueSpecification\",\"valueRequired\":true,\"valueName\":\"search_term_string\"}}],\"inLanguage\":\"fr-FR\"},{\"@type\":\"Organization\",\"@id\":\"https:\/\/www.axpourtous.fr\/#organization\",\"name\":\"Ax Pour Tous\",\"url\":\"https:\/\/www.axpourtous.fr\/\",\"logo\":{\"@type\":\"ImageObject\",\"inLanguage\":\"fr-FR\",\"@id\":\"https:\/\/www.axpourtous.fr\/#\/schema\/logo\/image\/\",\"url\":\"https:\/\/www.axpourtous.fr\/wp-content\/uploads\/2026\/01\/cropped-Logo-Ax-pour-tous-1.jpg\",\"contentUrl\":\"https:\/\/www.axpourtous.fr\/wp-content\/uploads\/2026\/01\/cropped-Logo-Ax-pour-tous-1.jpg\",\"width\":582,\"height\":271,\"caption\":\"Ax Pour Tous\"},\"image\":{\"@id\":\"https:\/\/www.axpourtous.fr\/#\/schema\/logo\/image\/\"}}]}<\/script>\n<!-- \/ Yoast SEO plugin. -->","yoast_head_json":{"title":"Marie-Agn\u00e8s ROSSIGNOL et Dominique FOURCADE - Ax Pour Tous","robots":{"index":"index","follow":"follow","max-snippet":"max-snippet:-1","max-image-preview":"max-image-preview:large","max-video-preview":"max-video-preview:-1"},"canonical":"https:\/\/www.axpourtous.fr\/index.php\/marie-agnes-rossignol-et-dominique-fourcade\/","og_locale":"fr_FR","og_type":"article","og_title":"Marie-Agn\u00e8s ROSSIGNOL et Dominique FOURCADE - Ax Pour Tous","og_description":"Marie-Agn\u00e8s ROSSIGNOL Ag\u00e9e de 57 ans, install\u00e9e \u00e0 Ax depuis 25 ans, j\u2019ai eu la chance d\u2019y \u00e9lever mes deux enfants et d\u2019y travailler encore aujourd\u2019hui, comme conseill\u00e8re principale d\u2019\u00e9ducation au coll\u00e8ge d\u2019Ax-les-Thermes. Ce m\u00e9tier, au contact quotidien des jeunes et de leurs familles, m\u2019a appris l\u2019importance de l\u2019\u00e9coute, du dialogue et du respect. Il [&hellip;]","og_url":"https:\/\/www.axpourtous.fr\/index.php\/marie-agnes-rossignol-et-dominique-fourcade\/","og_site_name":"Ax Pour Tous","article_modified_time":"2026-02-20T16:01:23+00:00","og_image":[{"width":333,"height":500,"url":"https:\/\/www.axpourtous.fr\/wp-content\/uploads\/2026\/01\/Marie-Agnes-ROSSIGNOL.jpg","type":"image\/jpeg"}],"twitter_card":"summary_large_image","twitter_misc":{"Dur\u00e9e de lecture estim\u00e9e":"3 minutes"},"schema":{"@context":"https:\/\/schema.org","@graph":[{"@type":"WebPage","@id":"https:\/\/www.axpourtous.fr\/index.php\/marie-agnes-rossignol-et-dominique-fourcade\/","url":"https:\/\/www.axpourtous.fr\/index.php\/marie-agnes-rossignol-et-dominique-fourcade\/","name":"Marie-Agn\u00e8s ROSSIGNOL et Dominique FOURCADE - Ax Pour Tous","isPartOf":{"@id":"https:\/\/www.axpourtous.fr\/#website"},"primaryImageOfPage":{"@id":"https:\/\/www.axpourtous.fr\/index.php\/marie-agnes-rossignol-et-dominique-fourcade\/#primaryimage"},"image":{"@id":"https:\/\/www.axpourtous.fr\/index.php\/marie-agnes-rossignol-et-dominique-fourcade\/#primaryimage"},"thumbnailUrl":"https:\/\/www.axpourtous.fr\/wp-content\/uploads\/2026\/01\/Marie-Agnes-ROSSIGNOL.jpg","datePublished":"2026-01-17T13:50:37+00:00","dateModified":"2026-02-20T16:01:23+00:00","breadcrumb":{"@id":"https:\/\/www.axpourtous.fr\/index.php\/marie-agnes-rossignol-et-dominique-fourcade\/#breadcrumb"},"inLanguage":"fr-FR","potentialAction":[{"@type":"ReadAction","target":["https:\/\/www.axpourtous.fr\/index.php\/marie-agnes-rossignol-et-dominique-fourcade\/"]}]},{"@type":"ImageObject","inLanguage":"fr-FR","@id":"https:\/\/www.axpourtous.fr\/index.php\/marie-agnes-rossignol-et-dominique-fourcade\/#primaryimage","url":"https:\/\/www.axpourtous.fr\/wp-content\/uploads\/2026\/01\/Marie-Agnes-ROSSIGNOL.jpg","contentUrl":"https:\/\/www.axpourtous.fr\/wp-content\/uploads\/2026\/01\/Marie-Agnes-ROSSIGNOL.jpg","width":333,"height":500,"caption":"Marie-Agn\u00e8s ROSSIGNOL"},{"@type":"BreadcrumbList","@id":"https:\/\/www.axpourtous.fr\/index.php\/marie-agnes-rossignol-et-dominique-fourcade\/#breadcrumb","itemListElement":[{"@type":"ListItem","position":1,"name":"Accueil","item":"https:\/\/www.axpourtous.fr\/"},{"@type":"ListItem","position":2,"name":"Marie-Agn\u00e8s ROSSIGNOL et Dominique FOURCADE"}]},{"@type":"WebSite","@id":"https:\/\/www.axpourtous.fr\/#website","url":"https:\/\/www.axpourtous.fr\/","name":"Ax Pour Tous","description":"Ax Pour Tous - Partageons Demain","publisher":{"@id":"https:\/\/www.axpourtous.fr\/#organization"},"potentialAction":[{"@type":"SearchAction","target":{"@type":"EntryPoint","urlTemplate":"https:\/\/www.axpourtous.fr\/?s={search_term_string}"},"query-input":{"@type":"PropertyValueSpecification","valueRequired":true,"valueName":"search_term_string"}}],"inLanguage":"fr-FR"},{"@type":"Organization","@id":"https:\/\/www.axpourtous.fr\/#organization","name":"Ax Pour Tous","url":"https:\/\/www.axpourtous.fr\/","logo":{"@type":"ImageObject","inLanguage":"fr-FR","@id":"https:\/\/www.axpourtous.fr\/#\/schema\/logo\/image\/","url":"https:\/\/www.axpourtous.fr\/wp-content\/uploads\/2026\/01\/cropped-Logo-Ax-pour-tous-1.jpg","contentUrl":"https:\/\/www.axpourtous.fr\/wp-content\/uploads\/2026\/01\/cropped-Logo-Ax-pour-tous-1.jpg","width":582,"height":271,"caption":"Ax Pour Tous"},"image":{"@id":"https:\/\/www.axpourtous.fr\/#\/schema\/logo\/image\/"}}]}},"_links":{"self":[{"href":"https:\/\/www.axpourtous.fr\/index.php\/wp-json\/wp\/v2\/pages\/870","targetHints":{"allow":["GET"]}}],"collection":[{"href":"https:\/\/www.axpourtous.fr\/index.php\/wp-json\/wp\/v2\/pages"}],"about":[{"href":"https:\/\/www.axpourtous.fr\/index.php\/wp-json\/wp\/v2\/types\/page"}],"author":[{"embeddable":true,"href":"https:\/\/www.axpourtous.fr\/index.php\/wp-json\/wp\/v2\/users\/1"}],"replies":[{"embeddable":true,"href":"https:\/\/www.axpourtous.fr\/index.php\/wp-json\/wp\/v2\/comments?post=870"}],"version-history":[{"count":23,"href":"https:\/\/www.axpourtous.fr\/index.php\/wp-json\/wp\/v2\/pages\/870\/revisions"}],"predecessor-version":[{"id":2084,"href":"https:\/\/www.axpourtous.fr\/index.php\/wp-json\/wp\/v2\/pages\/870\/revisions\/2084"}],"wp:attachment":[{"href":"https:\/\/www.axpourtous.fr\/index.php\/wp-json\/wp\/v2\/media?parent=870"}],"curies":[{"name":"wp","href":"https:\/\/api.w.org\/{rel}","templated":true}]}}