{"id":665,"date":"2026-01-12T15:51:30","date_gmt":"2026-01-12T15:51:30","guid":{"rendered":"https:\/\/www.axpourtous.fr\/?page_id=665"},"modified":"2026-02-20T15:24:51","modified_gmt":"2026-02-20T15:24:51","slug":"gie","status":"publish","type":"page","link":"https:\/\/www.axpourtous.fr\/index.php\/gie\/","title":{"rendered":"Le GIE (Groupement d&rsquo;Int\u00e9r\u00eat Economique)"},"content":{"rendered":"\t\t<div data-elementor-type=\"wp-page\" data-elementor-id=\"665\" class=\"elementor elementor-665\">\n\t\t\t\t<div class=\"elementor-element elementor-element-c79a6af e-flex e-con-boxed e-con e-parent\" data-id=\"c79a6af\" data-element_type=\"container\" data-e-type=\"container\">\n\t\t\t\t\t<div class=\"e-con-inner\">\n\t\t\t\t<div class=\"elementor-element elementor-element-81c1011 elementor-widget elementor-widget-text-editor\" data-id=\"81c1011\" data-element_type=\"widget\" data-e-type=\"widget\" data-widget_type=\"text-editor.default\">\n\t\t\t\t\t\t\t\t\t<p><strong>AX, une destination qui avance ensemble : pourquoi cr\u00e9er un GIE ?<\/strong><\/p><p>\u00c0 Ax-les-Thermes, le tourisme n\u2019est pas un secteur parmi d\u2019autres : c\u2019est un pilier de notre \u00e9conomie locale, de l\u2019emploi et de l\u2019attractivit\u00e9 du territoire. Ski, thermalisme, nature, culture, \u00e9v\u00e9nements, tourisme d\u2019affaires\u2026 notre ville vit toute l\u2019ann\u00e9e gr\u00e2ce \u00e0 la compl\u00e9mentarit\u00e9 de ses activit\u00e9s.<\/p><p>Aujourd\u2019hui, pour franchir une nouvelle \u00e9tape et faire d\u2019AX une destination forte, lisible et durable, il \u00e9tait important de cr\u00e9er un <strong>Groupement d\u2019Int\u00e9r\u00eat \u00c9conomique (GIE)<\/strong> d\u00e9di\u00e9 \u00e0 la strat\u00e9gie de destination.<\/p><p><strong>Qu\u2019est-ce qu\u2019un GIE ?<\/strong><\/p><p>Un <strong>GIE (Groupement d\u2019Int\u00e9r\u00eat \u00c9conomique)<\/strong> est une structure juridique qui permet \u00e0 plusieurs acteurs \u2013 publics et priv\u00e9s \u2013 de :<\/p><ul><li>Mutualiser leurs moyens (financiers, humains, techniques)<\/li><li>Coordonner leurs actions<\/li><li>D\u00e9finir une strat\u00e9gie commune<\/li><li>Gagner en efficacit\u00e9 et en visibilit\u00e9<\/li><\/ul><p>Le GIE ne remplace pas les structures existantes. Il les rassemble autour d\u2019un objectif partag\u00e9 : <strong>d\u00e9velopper l\u2019attractivit\u00e9 d\u2019AX au b\u00e9n\u00e9fice des habitants et des visiteurs<\/strong>.<\/p><p>C\u2019est un outil souple, op\u00e9rationnel et transparent, avec :<\/p><ul><li>Un pilotage partag\u00e9<\/li><li>Des objectifs clairs<\/li><li>Des indicateurs de r\u00e9sultats<\/li><li>Un meilleur retour sur investissement pour chaque euro engag\u00e9<\/li><\/ul><p><strong>Pourquoi en avons-nous besoin \u00e0 AX ?<\/strong><\/p><p>Le diagnostic partag\u00e9 entre les acteurs du territoire a fait \u00e9merger plusieurs constats :<\/p><p><strong>Des forces majeures<\/strong><\/p><ul><li>Une destination 4 saisons : montagne, ski, thermalisme, culture<\/li><li>Une accessibilit\u00e9 renforc\u00e9e (train, proximit\u00e9 de Toulouse)<\/li><li>Une mont\u00e9e en gamme de l\u2019h\u00e9bergement<\/li><li>Des capacit\u00e9s d\u2019accueil pour les \u00e9v\u00e9nements et les s\u00e9minaires<\/li><li>Des acteurs motiv\u00e9s pour travailler ensemble<\/li><\/ul><p><strong>Mais aussi des points de friction<\/strong><\/p><ul><li>Une offre difficile \u00e0 lire pour les visiteurs<\/li><li>Une communication parfois cloisonn\u00e9e<\/li><li>Une mobilit\u00e9 \u00e0 am\u00e9liorer (navettes, liaisons centre \u2194 station)<\/li><li>Une forte saisonnalit\u00e9<\/li><li>Un manque de coordination sur les \u00e9v\u00e9nements<\/li><\/ul><p>\u00a0Le GIE est la r\u00e9ponse concr\u00e8te \u00e0 ces enjeux : structurer, coordonner, amplifier.<\/p><p><strong>Qui est membre du GIE ?<\/strong><\/p><p>Le GIE rassemble les acteurs cl\u00e9s de la destination :<\/p><ul><li>La commune d\u2019Ax-les-Thermes<\/li><li>La Communaut\u00e9 de Communes<\/li><li>La station (SAVASEM)<\/li><li>Les thermes et bains (STAx)<\/li><li>L\u2019Office de tourisme<\/li><li>Les acteurs culturels et \u00e9v\u00e9nementiels<\/li><li>Les h\u00e9bergeurs (h\u00f4tels, camping, r\u00e9sidences)<\/li><li>Les restaurateurs<\/li><li>Les commer\u00e7ants et artisans<\/li><li>Les acteurs du sport et des loisirs<\/li><li>Les partenaires priv\u00e9s (casino, h\u00f4tellerie, structures d\u2019activit\u00e9s)<\/li><\/ul><p>Mais au-del\u00e0 des institutions et des entreprises, <strong>les Ax\u00e9ens ont toute leur place<\/strong> : une destination attractive est d\u2019abord une ville o\u00f9 il fait bon vivre.<\/p><p><strong>Nos engagements pour demain<\/strong><\/p><p><strong>\u00a0Structurer une destination lisible et attractive<\/strong><\/p><ul><li>Am\u00e9liorer les infrastructures d\u2019accueil, les mobilit\u00e9s et les \u00e9quipements<\/li><li>Renforcer la coh\u00e9rence entre thermalisme, ski, sport 4 saisons, nature, culture et \u00e9v\u00e9nements<\/li><li>D\u00e9velopper des offres packag\u00e9es (h\u00e9bergement + cure + activit\u00e9 + \u00e9v\u00e9nement)<\/li><li>Affirmer une signature forte :<\/li><\/ul><p><strong>AX \u2013 Bien-\u00eatre, montagne et convivialit\u00e9<\/strong><\/p><p><strong>\u00a0Dynamiser l\u2019\u00e9conomie locale toute l\u2019ann\u00e9e<\/strong><\/p><ul><li>Construire un calendrier d\u2019\u00e9v\u00e9nements \u00e9quilibr\u00e9<\/li><li>D\u00e9velopper l\u2019intersaison (printemps, automne)<\/li><li>Structurer le tourisme d\u2019affaires et les s\u00e9minaires<\/li><li>Soutenir les sites et exp\u00e9riences embl\u00e9matiques<\/li><li>Favoriser l\u2019emploi \u00e0 l\u2019ann\u00e9e par la mutualisation<\/li><\/ul><p>Objectif : lisser la saisonnalit\u00e9 et s\u00e9curiser l\u2019activit\u00e9 \u00e9conomique.<\/p><p><strong>\u00a0Faire des Ax\u00e9ens les ambassadeurs de leur ville<\/strong><\/p><ul><li>Meilleure information locale<\/li><li>Communication coordonn\u00e9e<\/li><li>Implication des habitants dans le r\u00e9cit et l\u2019identit\u00e9 de la destination<\/li><li>Am\u00e9lioration concr\u00e8te du cadre de vie<\/li><\/ul><p>Car une destination forte est d\u2019abord une ville fi\u00e8re d\u2019elle-m\u00eame.<\/p><p><strong>Une m\u00e9thode responsable et transparente<\/strong><\/p><p>Le GIE reposera sur :<\/p><ul><li>\u00a0Une mutualisation claire des moyens<\/li><li>Un pilotage partag\u00e9 (\u00e9lus + acteurs \u00e9conomiques)<\/li><li>\u00a0Des indicateurs de performance (fr\u00e9quentation, satisfaction, retomb\u00e9es \u00e9conomiques)<\/li><li>\u00a0Des d\u00e9cisions politiques assum\u00e9es<\/li><li>\u00a0Une animation d\u00e9di\u00e9e pour garantir l\u2019efficacit\u00e9<\/li><\/ul><p>Chaque action devra r\u00e9pondre \u00e0 une question simple :<br \/><strong>Quel b\u00e9n\u00e9fice pour AX et pour les Ax\u00e9ens ?<\/strong><\/p><p><strong>Pourquoi c\u2019est strat\u00e9gique pour la ville<\/strong><\/p><p>Le GIE permettra :<\/p><ul><li>De renforcer l\u2019attractivit\u00e9 d\u2019AX face \u00e0 la concurrence<\/li><li>D\u2019optimiser les investissements publics et priv\u00e9s<\/li><li>De d\u00e9velopper l\u2019emploi local<\/li><li>D\u2019am\u00e9liorer la qualit\u00e9 de vie<\/li><li>De construire une destination \u00e9conomiquement \u00e9quilibr\u00e9e et durable<\/li><\/ul><p>Il s\u2019agit d\u2019un choix structurant pour l\u2019avenir :<br \/>passer d\u2019une juxtaposition d\u2019initiatives \u00e0 <strong>une v\u00e9ritable strat\u00e9gie de destination collective<\/strong>.<\/p><p>Nous voulons une ville :<\/p><ul><li>Attractive pour les visiteurs<\/li><li>Dynamique pour les entrepreneurs<\/li><li>Agr\u00e9able \u00e0 vivre pour les habitants<\/li><li>Durable \u00e9conomiquement et \u00e9cologiquement<\/li><\/ul><p>Le GIE est l\u2019outil indispensable pour faire d\u2019AX une destination forte, coh\u00e9rente et ambitieuse.<\/p><p><strong>AX avance quand AX avance ensemble.<\/strong><\/p>\t\t\t\t\t\t\t\t<\/div>\n\t\t\t\t\t<\/div>\n\t\t\t\t<\/div>\n\t\t<div class=\"elementor-element elementor-element-162310b e-flex e-con-boxed e-con e-parent\" data-id=\"162310b\" data-element_type=\"container\" data-e-type=\"container\">\n\t\t\t\t\t<div class=\"e-con-inner\">\n\t\t\t\t<div class=\"elementor-element elementor-element-a4b05fd elementor-widget elementor-widget-text-editor\" data-id=\"a4b05fd\" data-element_type=\"widget\" data-e-type=\"widget\" data-widget_type=\"text-editor.default\">\n\t\t\t\t\t\t\t\t\t<p>Anim\u00e9s par une m\u00eame confiance dans notre ville, l\u2019ensemble des acteurs s\u2019engagent collectivement autour d\u2019axes de travail \u00e0 forts enjeux pour qu\u2019Ax-les-Thermes se d\u00e9marque comme une destination lisible, attractive et singuli\u00e8re.<\/p>\t\t\t\t\t\t\t\t<\/div>\n\t\t\t\t\t<\/div>\n\t\t\t\t<\/div>\n\t\t<div class=\"elementor-element elementor-element-d007531 e-flex e-con-boxed e-con e-parent\" data-id=\"d007531\" data-element_type=\"container\" data-e-type=\"container\">\n\t\t\t\t\t<div class=\"e-con-inner\">\n\t\t\t\t<div class=\"elementor-element elementor-element-95fd7e8 elementor-widget elementor-widget-text-editor\" data-id=\"95fd7e8\" data-element_type=\"widget\" data-e-type=\"widget\" data-widget_type=\"text-editor.default\">\n\t\t\t\t\t\t\t\t\t<p>Une question \u00e0 nous poser ?<\/p><p>Envoyez nous un mail \u00e0 <strong>axpourtous@gmail.com<\/strong> et nous vous r\u00e9pondrons au plus vite.<\/p>\t\t\t\t\t\t\t\t<\/div>\n\t\t\t\t\t<\/div>\n\t\t\t\t<\/div>\n\t\t\t\t<\/div>\n\t\t","protected":false},"excerpt":{"rendered":"<p>AX, une destination qui avance ensemble : pourquoi cr\u00e9er un GIE ? \u00c0 Ax-les-Thermes, le tourisme n\u2019est pas un secteur parmi d\u2019autres : c\u2019est un pilier de notre \u00e9conomie locale, de l\u2019emploi et de l\u2019attractivit\u00e9 du territoire. Ski, thermalisme, nature, culture, \u00e9v\u00e9nements, tourisme d\u2019affaires\u2026 notre ville vit toute l\u2019ann\u00e9e gr\u00e2ce \u00e0 la compl\u00e9mentarit\u00e9 de ses [&hellip;]<\/p>\n","protected":false},"author":1,"featured_media":0,"parent":0,"menu_order":0,"comment_status":"closed","ping_status":"closed","template":"","meta":{"_monsterinsights_skip_tracking":false,"_monsterinsights_sitenote_active":false,"_monsterinsights_sitenote_note":"","_monsterinsights_sitenote_category":0,"ocean_post_layout":"","ocean_both_sidebars_style":"","ocean_both_sidebars_content_width":0,"ocean_both_sidebars_sidebars_width":0,"ocean_sidebar":"","ocean_second_sidebar":"","ocean_disable_margins":"enable","ocean_add_body_class":"","ocean_shortcode_before_top_bar":"","ocean_shortcode_after_top_bar":"","ocean_shortcode_before_header":"","ocean_shortcode_after_header":"","ocean_has_shortcode":"","ocean_shortcode_after_title":"","ocean_shortcode_before_footer_widgets":"","ocean_shortcode_after_footer_widgets":"","ocean_shortcode_before_footer_bottom":"","ocean_shortcode_after_footer_bottom":"","ocean_display_top_bar":"default","ocean_display_header":"default","ocean_header_style":"","ocean_center_header_left_menu":"","ocean_custom_header_template":"","ocean_custom_logo":0,"ocean_custom_retina_logo":0,"ocean_custom_logo_max_width":0,"ocean_custom_logo_tablet_max_width":0,"ocean_custom_logo_mobile_max_width":0,"ocean_custom_logo_max_height":0,"ocean_custom_logo_tablet_max_height":0,"ocean_custom_logo_mobile_max_height":0,"ocean_header_custom_menu":"","ocean_menu_typo_font_family":"","ocean_menu_typo_font_subset":"","ocean_menu_typo_font_size":0,"ocean_menu_typo_font_size_tablet":0,"ocean_menu_typo_font_size_mobile":0,"ocean_menu_typo_font_size_unit":"px","ocean_menu_typo_font_weight":"","ocean_menu_typo_font_weight_tablet":"","ocean_menu_typo_font_weight_mobile":"","ocean_menu_typo_transform":"","ocean_menu_typo_transform_tablet":"","ocean_menu_typo_transform_mobile":"","ocean_menu_typo_line_height":0,"ocean_menu_typo_line_height_tablet":0,"ocean_menu_typo_line_height_mobile":0,"ocean_menu_typo_line_height_unit":"","ocean_menu_typo_spacing":0,"ocean_menu_typo_spacing_tablet":0,"ocean_menu_typo_spacing_mobile":0,"ocean_menu_typo_spacing_unit":"","ocean_menu_link_color":"","ocean_menu_link_color_hover":"","ocean_menu_link_color_active":"","ocean_menu_link_background":"","ocean_menu_link_hover_background":"","ocean_menu_link_active_background":"","ocean_menu_social_links_bg":"","ocean_menu_social_hover_links_bg":"","ocean_menu_social_links_color":"","ocean_menu_social_hover_links_color":"","ocean_disable_title":"default","ocean_disable_heading":"default","ocean_post_title":"","ocean_post_subheading":"","ocean_post_title_style":"","ocean_post_title_background_color":"","ocean_post_title_background":0,"ocean_post_title_bg_image_position":"","ocean_post_title_bg_image_attachment":"","ocean_post_title_bg_image_repeat":"","ocean_post_title_bg_image_size":"","ocean_post_title_height":0,"ocean_post_title_bg_overlay":0.5,"ocean_post_title_bg_overlay_color":"","ocean_disable_breadcrumbs":"default","ocean_breadcrumbs_color":"","ocean_breadcrumbs_separator_color":"","ocean_breadcrumbs_links_color":"","ocean_breadcrumbs_links_hover_color":"","ocean_display_footer_widgets":"default","ocean_display_footer_bottom":"default","ocean_custom_footer_template":"","footnotes":""},"class_list":["post-665","page","type-page","status-publish","hentry","entry"],"yoast_head":"<!-- This site is optimized with the Yoast SEO plugin v27.0 - https:\/\/yoast.com\/product\/yoast-seo-wordpress\/ -->\n<title>Le GIE (Groupement d&#039;Int\u00e9r\u00eat Economique) - Ax Pour Tous<\/title>\n<meta name=\"robots\" content=\"index, follow, max-snippet:-1, max-image-preview:large, max-video-preview:-1\" \/>\n<link rel=\"canonical\" href=\"https:\/\/www.axpourtous.fr\/index.php\/gie\/\" \/>\n<meta property=\"og:locale\" content=\"fr_FR\" \/>\n<meta property=\"og:type\" content=\"article\" \/>\n<meta property=\"og:title\" content=\"Le GIE (Groupement d&#039;Int\u00e9r\u00eat Economique) - Ax Pour Tous\" \/>\n<meta property=\"og:description\" content=\"AX, une destination qui avance ensemble : pourquoi cr\u00e9er un GIE ? \u00c0 Ax-les-Thermes, le tourisme n\u2019est pas un secteur parmi d\u2019autres : c\u2019est un pilier de notre \u00e9conomie locale, de l\u2019emploi et de l\u2019attractivit\u00e9 du territoire. Ski, thermalisme, nature, culture, \u00e9v\u00e9nements, tourisme d\u2019affaires\u2026 notre ville vit toute l\u2019ann\u00e9e gr\u00e2ce \u00e0 la compl\u00e9mentarit\u00e9 de ses [&hellip;]\" \/>\n<meta property=\"og:url\" content=\"https:\/\/www.axpourtous.fr\/index.php\/gie\/\" \/>\n<meta property=\"og:site_name\" content=\"Ax Pour Tous\" \/>\n<meta property=\"article:modified_time\" content=\"2026-02-20T15:24:51+00:00\" \/>\n<meta name=\"twitter:card\" content=\"summary_large_image\" \/>\n<meta name=\"twitter:label1\" content=\"Dur\u00e9e de lecture estim\u00e9e\" \/>\n\t<meta name=\"twitter:data1\" content=\"4 minutes\" \/>\n<script type=\"application\/ld+json\" class=\"yoast-schema-graph\">{\"@context\":\"https:\/\/schema.org\",\"@graph\":[{\"@type\":\"WebPage\",\"@id\":\"https:\/\/www.axpourtous.fr\/index.php\/gie\/\",\"url\":\"https:\/\/www.axpourtous.fr\/index.php\/gie\/\",\"name\":\"Le GIE (Groupement d'Int\u00e9r\u00eat Economique) - Ax Pour Tous\",\"isPartOf\":{\"@id\":\"https:\/\/www.axpourtous.fr\/#website\"},\"datePublished\":\"2026-01-12T15:51:30+00:00\",\"dateModified\":\"2026-02-20T15:24:51+00:00\",\"breadcrumb\":{\"@id\":\"https:\/\/www.axpourtous.fr\/index.php\/gie\/#breadcrumb\"},\"inLanguage\":\"fr-FR\",\"potentialAction\":[{\"@type\":\"ReadAction\",\"target\":[\"https:\/\/www.axpourtous.fr\/index.php\/gie\/\"]}]},{\"@type\":\"BreadcrumbList\",\"@id\":\"https:\/\/www.axpourtous.fr\/index.php\/gie\/#breadcrumb\",\"itemListElement\":[{\"@type\":\"ListItem\",\"position\":1,\"name\":\"Accueil\",\"item\":\"https:\/\/www.axpourtous.fr\/\"},{\"@type\":\"ListItem\",\"position\":2,\"name\":\"Le GIE (Groupement d&rsquo;Int\u00e9r\u00eat Economique)\"}]},{\"@type\":\"WebSite\",\"@id\":\"https:\/\/www.axpourtous.fr\/#website\",\"url\":\"https:\/\/www.axpourtous.fr\/\",\"name\":\"Ax Pour Tous\",\"description\":\"Ax Pour Tous - Partageons Demain\",\"publisher\":{\"@id\":\"https:\/\/www.axpourtous.fr\/#organization\"},\"potentialAction\":[{\"@type\":\"SearchAction\",\"target\":{\"@type\":\"EntryPoint\",\"urlTemplate\":\"https:\/\/www.axpourtous.fr\/?s={search_term_string}\"},\"query-input\":{\"@type\":\"PropertyValueSpecification\",\"valueRequired\":true,\"valueName\":\"search_term_string\"}}],\"inLanguage\":\"fr-FR\"},{\"@type\":\"Organization\",\"@id\":\"https:\/\/www.axpourtous.fr\/#organization\",\"name\":\"Ax Pour Tous\",\"url\":\"https:\/\/www.axpourtous.fr\/\",\"logo\":{\"@type\":\"ImageObject\",\"inLanguage\":\"fr-FR\",\"@id\":\"https:\/\/www.axpourtous.fr\/#\/schema\/logo\/image\/\",\"url\":\"https:\/\/www.axpourtous.fr\/wp-content\/uploads\/2026\/01\/cropped-Logo-Ax-pour-tous-1.jpg\",\"contentUrl\":\"https:\/\/www.axpourtous.fr\/wp-content\/uploads\/2026\/01\/cropped-Logo-Ax-pour-tous-1.jpg\",\"width\":582,\"height\":271,\"caption\":\"Ax Pour Tous\"},\"image\":{\"@id\":\"https:\/\/www.axpourtous.fr\/#\/schema\/logo\/image\/\"}}]}<\/script>\n<!-- \/ Yoast SEO plugin. -->","yoast_head_json":{"title":"Le GIE (Groupement d'Int\u00e9r\u00eat Economique) - Ax Pour Tous","robots":{"index":"index","follow":"follow","max-snippet":"max-snippet:-1","max-image-preview":"max-image-preview:large","max-video-preview":"max-video-preview:-1"},"canonical":"https:\/\/www.axpourtous.fr\/index.php\/gie\/","og_locale":"fr_FR","og_type":"article","og_title":"Le GIE (Groupement d'Int\u00e9r\u00eat Economique) - Ax Pour Tous","og_description":"AX, une destination qui avance ensemble : pourquoi cr\u00e9er un GIE ? \u00c0 Ax-les-Thermes, le tourisme n\u2019est pas un secteur parmi d\u2019autres : c\u2019est un pilier de notre \u00e9conomie locale, de l\u2019emploi et de l\u2019attractivit\u00e9 du territoire. Ski, thermalisme, nature, culture, \u00e9v\u00e9nements, tourisme d\u2019affaires\u2026 notre ville vit toute l\u2019ann\u00e9e gr\u00e2ce \u00e0 la compl\u00e9mentarit\u00e9 de ses [&hellip;]","og_url":"https:\/\/www.axpourtous.fr\/index.php\/gie\/","og_site_name":"Ax Pour Tous","article_modified_time":"2026-02-20T15:24:51+00:00","twitter_card":"summary_large_image","twitter_misc":{"Dur\u00e9e de lecture estim\u00e9e":"4 minutes"},"schema":{"@context":"https:\/\/schema.org","@graph":[{"@type":"WebPage","@id":"https:\/\/www.axpourtous.fr\/index.php\/gie\/","url":"https:\/\/www.axpourtous.fr\/index.php\/gie\/","name":"Le GIE (Groupement d'Int\u00e9r\u00eat Economique) - Ax Pour Tous","isPartOf":{"@id":"https:\/\/www.axpourtous.fr\/#website"},"datePublished":"2026-01-12T15:51:30+00:00","dateModified":"2026-02-20T15:24:51+00:00","breadcrumb":{"@id":"https:\/\/www.axpourtous.fr\/index.php\/gie\/#breadcrumb"},"inLanguage":"fr-FR","potentialAction":[{"@type":"ReadAction","target":["https:\/\/www.axpourtous.fr\/index.php\/gie\/"]}]},{"@type":"BreadcrumbList","@id":"https:\/\/www.axpourtous.fr\/index.php\/gie\/#breadcrumb","itemListElement":[{"@type":"ListItem","position":1,"name":"Accueil","item":"https:\/\/www.axpourtous.fr\/"},{"@type":"ListItem","position":2,"name":"Le GIE (Groupement d&rsquo;Int\u00e9r\u00eat Economique)"}]},{"@type":"WebSite","@id":"https:\/\/www.axpourtous.fr\/#website","url":"https:\/\/www.axpourtous.fr\/","name":"Ax Pour Tous","description":"Ax Pour Tous - Partageons Demain","publisher":{"@id":"https:\/\/www.axpourtous.fr\/#organization"},"potentialAction":[{"@type":"SearchAction","target":{"@type":"EntryPoint","urlTemplate":"https:\/\/www.axpourtous.fr\/?s={search_term_string}"},"query-input":{"@type":"PropertyValueSpecification","valueRequired":true,"valueName":"search_term_string"}}],"inLanguage":"fr-FR"},{"@type":"Organization","@id":"https:\/\/www.axpourtous.fr\/#organization","name":"Ax Pour Tous","url":"https:\/\/www.axpourtous.fr\/","logo":{"@type":"ImageObject","inLanguage":"fr-FR","@id":"https:\/\/www.axpourtous.fr\/#\/schema\/logo\/image\/","url":"https:\/\/www.axpourtous.fr\/wp-content\/uploads\/2026\/01\/cropped-Logo-Ax-pour-tous-1.jpg","contentUrl":"https:\/\/www.axpourtous.fr\/wp-content\/uploads\/2026\/01\/cropped-Logo-Ax-pour-tous-1.jpg","width":582,"height":271,"caption":"Ax Pour Tous"},"image":{"@id":"https:\/\/www.axpourtous.fr\/#\/schema\/logo\/image\/"}}]}},"_links":{"self":[{"href":"https:\/\/www.axpourtous.fr\/index.php\/wp-json\/wp\/v2\/pages\/665","targetHints":{"allow":["GET"]}}],"collection":[{"href":"https:\/\/www.axpourtous.fr\/index.php\/wp-json\/wp\/v2\/pages"}],"about":[{"href":"https:\/\/www.axpourtous.fr\/index.php\/wp-json\/wp\/v2\/types\/page"}],"author":[{"embeddable":true,"href":"https:\/\/www.axpourtous.fr\/index.php\/wp-json\/wp\/v2\/users\/1"}],"replies":[{"embeddable":true,"href":"https:\/\/www.axpourtous.fr\/index.php\/wp-json\/wp\/v2\/comments?post=665"}],"version-history":[{"count":35,"href":"https:\/\/www.axpourtous.fr\/index.php\/wp-json\/wp\/v2\/pages\/665\/revisions"}],"predecessor-version":[{"id":1994,"href":"https:\/\/www.axpourtous.fr\/index.php\/wp-json\/wp\/v2\/pages\/665\/revisions\/1994"}],"wp:attachment":[{"href":"https:\/\/www.axpourtous.fr\/index.php\/wp-json\/wp\/v2\/media?parent=665"}],"curies":[{"name":"wp","href":"https:\/\/api.w.org\/{rel}","templated":true}]}}