{"id":663,"date":"2026-01-12T15:50:49","date_gmt":"2026-01-12T15:50:49","guid":{"rendered":"https:\/\/www.axpourtous.fr\/?page_id=663"},"modified":"2026-02-20T16:00:32","modified_gmt":"2026-02-20T16:00:32","slug":"logement-et-stationnement","status":"publish","type":"page","link":"https:\/\/www.axpourtous.fr\/index.php\/logement-et-stationnement\/","title":{"rendered":"Le logement et le stationnement"},"content":{"rendered":"\t\t<div data-elementor-type=\"wp-page\" data-elementor-id=\"663\" class=\"elementor elementor-663\">\n\t\t\t\t<div class=\"elementor-element elementor-element-39b117f e-flex e-con-boxed e-con e-parent\" data-id=\"39b117f\" data-element_type=\"container\" data-e-type=\"container\" data-settings=\"{&quot;background_background&quot;:&quot;classic&quot;}\">\n\t\t\t\t\t<div class=\"e-con-inner\">\n\t\t\t\t<div class=\"elementor-element elementor-element-faa9ee2 elementor-widget elementor-widget-heading\" data-id=\"faa9ee2\" data-element_type=\"widget\" data-e-type=\"widget\" data-widget_type=\"heading.default\">\n\t\t\t\t\t<h2 class=\"elementor-heading-title elementor-size-default\">Un constat et des actions initi\u00e9es depuis 6 ans<\/h2>\t\t\t\t<\/div>\n\t\t\t\t\t<\/div>\n\t\t\t\t<\/div>\n\t\t<div class=\"elementor-element elementor-element-9d1eef6 e-flex e-con-boxed e-con e-parent\" data-id=\"9d1eef6\" data-element_type=\"container\" data-e-type=\"container\">\n\t\t\t\t\t<div class=\"e-con-inner\">\n\t\t\t\t<div class=\"elementor-element elementor-element-7b092a2 elementor-widget elementor-widget-text-editor\" data-id=\"7b092a2\" data-element_type=\"widget\" data-e-type=\"widget\" data-widget_type=\"text-editor.default\">\n\t\t\t\t\t\t\t\t\t<p>Lors de notre pr\u00e9c\u00e9dente mandature, nous avions identifi\u00e9 des axes d&rsquo;am\u00e9lioration majeurs sur plusieurs points :<\/p><ul><li>un <strong>manque de logement permanent<\/strong> sur notre commune (plus de 80% de l&rsquo;habitat est d\u00e9di\u00e9 au tourisme et aux r\u00e9sidences secondaires)<\/li><li>des <strong>prix de l&rsquo;immobilier trop \u00e9lev\u00e9s<\/strong> pour notre population locale<\/li><li>une <strong>difficult\u00e9 de stationnement en centre ville<\/strong> pour les habitants permanents<\/li><li>une <strong>baisse des effectifs des enfants et des adolescents<\/strong> dans nos \u00e9coles et notre coll\u00e8ge<\/li><li>une <strong>visibilit\u00e9 insuffisante des places de stationnement <\/strong>pourtant nombreuses (plus de 3.000 sur notre commune)<\/li><li>un <strong>manque de logement pour les emplois saisonniers<\/strong> avec une difficult\u00e9 associ\u00e9e de fid\u00e9lisation des salari\u00e9s, difficile de p\u00e9renniser les comp\u00e9tences<\/li><\/ul><p>Et un point positif :<\/p><ul><li>des <strong>logements sociaux en nombre suffisant<\/strong> (taux sup\u00e9rieur \u00e0 la moyenne du d\u00e9partement)<\/li><\/ul>\t\t\t\t\t\t\t\t<\/div>\n\t\t\t\t\t<\/div>\n\t\t\t\t<\/div>\n\t\t<div class=\"elementor-element elementor-element-b0f2c8d e-flex e-con-boxed e-con e-parent\" data-id=\"b0f2c8d\" data-element_type=\"container\" data-e-type=\"container\">\n\t\t\t\t\t<div class=\"e-con-inner\">\n\t\t\t\t<div class=\"elementor-element elementor-element-dce6721 elementor-widget elementor-widget-text-editor\" data-id=\"dce6721\" data-element_type=\"widget\" data-e-type=\"widget\" data-widget_type=\"text-editor.default\">\n\t\t\t\t\t\t\t\t\t<p>Ce constat nous a permis de mettre en oeuvre des actions concr\u00e8tes :<\/p><ul><li>un partenariat avec <strong>SOLIHA09<\/strong> pour le logement saisonnier (la Maison des Saisonniers)<\/li><li>une convention sign\u00e9e avec <strong>ALOGEA<\/strong> pour la <strong>cr\u00e9ation de 30 logements<\/strong> contractualis\u00e9s<\/li><li>une augmentation de la taxe d&rsquo;habitation de 30% dans le cadre de l&rsquo;action gouvernementale (<strong>zone tendue<\/strong>, plus de 3.000 communes concern\u00e9es en France) pour remettre sur le march\u00e9 locatif ou transactionnel des <strong>lits froids<\/strong> (logements vides la plupart du temps sans mise en location)<\/li><li>l&rsquo;acquisition de l&rsquo;h\u00f4tel du Parc avec un projet de r\u00e9novation pour de l&rsquo;habitat permanent<\/li><li>un projet de cr\u00e9ation de plusieurs logements (appartements et maisons individuelles) dans le quartier d&rsquo;Entresserres<\/li><li>l&rsquo;acquisition de l&rsquo;ancien camping Salette \u00e0 la Calmeraie<\/li><li>la mise en oeuvre du label qualit\u00e9 pour l&rsquo;am\u00e9lioration de l&rsquo;habitat (environ 100 logements concern\u00e9s)<\/li><li>une reflexion quant \u00e0 une meilleure organisation de l&rsquo;existant en termes de places de stationnement<\/li><\/ul>\t\t\t\t\t\t\t\t<\/div>\n\t\t\t\t\t<\/div>\n\t\t\t\t<\/div>\n\t\t<div class=\"elementor-element elementor-element-b8cb321 e-flex e-con-boxed e-con e-parent\" data-id=\"b8cb321\" data-element_type=\"container\" data-e-type=\"container\" data-settings=\"{&quot;background_background&quot;:&quot;classic&quot;}\">\n\t\t\t\t\t<div class=\"e-con-inner\">\n\t\t\t\t<div class=\"elementor-element elementor-element-8faf49e elementor-widget elementor-widget-heading\" data-id=\"8faf49e\" data-element_type=\"widget\" data-e-type=\"widget\" data-widget_type=\"heading.default\">\n\t\t\t\t\t<h2 class=\"elementor-heading-title elementor-size-default\">Continuer nos actions, concr\u00e9tiser les projets en cours et en initier de nouveaux<\/h2>\t\t\t\t<\/div>\n\t\t\t\t\t<\/div>\n\t\t\t\t<\/div>\n\t\t<div class=\"elementor-element elementor-element-350b32f e-flex e-con-boxed e-con e-parent\" data-id=\"350b32f\" data-element_type=\"container\" data-e-type=\"container\">\n\t\t\t\t\t<div class=\"e-con-inner\">\n\t\t\t\t<div class=\"elementor-element elementor-element-bd5abac elementor-widget elementor-widget-text-editor\" data-id=\"bd5abac\" data-element_type=\"widget\" data-e-type=\"widget\" data-widget_type=\"text-editor.default\">\n\t\t\t\t\t\t\t\t\t<p>Les diff\u00e9rentes actions men\u00e9es depuis 6 ans ont permis \u00e0 la commune d&rsquo;Ax-les-Thermes de conna\u00eetre un accroissement de sa population. En effet, nous sommes pass\u00e9s de 1.277 habitants en 2022 \u00e0 1.359 en 2025 soit 6,4% d&rsquo;augmentation (source : INSEE).<\/p><p>Nous souhaitons continuer les projets initi\u00e9s depuis 6 ans et en d\u00e9marrer de nouveaux :<\/p><ul><li>finalisation du projet Entresserres<\/li><li>r\u00e9novation de l&rsquo;h\u00f4tel du Parc<\/li><li>continuer le partenariat avec SOLIHA09 et ALOGEA<\/li><li>mise en oeuvre d&rsquo;une signal\u00e9tique moderne pour nos diff\u00e9rents parking (indication du temps de marche, distance, &#8230;) afin de mieux orienter les automobilistes<\/li><li>optimisation des navettes gratuites en p\u00e9riode de forte affluence<\/li><li>maintien d&rsquo;un parc important de places de stationnement gratuites<\/li><\/ul><p>Notre objectif est de rendre le stationnement plus simple, lisible et fluide sans d\u00e9penses excessives et en am\u00e9liorant la mobilit\u00e9 douce.<\/p>\t\t\t\t\t\t\t\t<\/div>\n\t\t\t\t\t<\/div>\n\t\t\t\t<\/div>\n\t\t<div class=\"elementor-element elementor-element-b93a589 e-flex e-con-boxed e-con e-parent\" data-id=\"b93a589\" data-element_type=\"container\" data-e-type=\"container\">\n\t\t\t\t\t<div class=\"e-con-inner\">\n\t\t\t\t<div class=\"elementor-element elementor-element-0dae430 elementor-widget elementor-widget-text-editor\" data-id=\"0dae430\" data-element_type=\"widget\" data-e-type=\"widget\" data-widget_type=\"text-editor.default\">\n\t\t\t\t\t\t\t\t\t<p>Une question \u00e0 nous poser ?<\/p><p>Envoyez nous un mail \u00e0 <strong>axpourtous@gmail.com<\/strong> et nous vous r\u00e9pondrons au plus vite.<\/p>\t\t\t\t\t\t\t\t<\/div>\n\t\t\t\t\t<\/div>\n\t\t\t\t<\/div>\n\t\t\t\t<\/div>\n\t\t","protected":false},"excerpt":{"rendered":"<p>Un constat et des actions initi\u00e9es depuis 6 ans Lors de notre pr\u00e9c\u00e9dente mandature, nous avions identifi\u00e9 des axes d&rsquo;am\u00e9lioration majeurs sur plusieurs points : un manque de logement permanent sur notre commune (plus de 80% de l&rsquo;habitat est d\u00e9di\u00e9 au tourisme et aux r\u00e9sidences secondaires) des prix de l&rsquo;immobilier trop \u00e9lev\u00e9s pour notre population [&hellip;]<\/p>\n","protected":false},"author":1,"featured_media":0,"parent":0,"menu_order":0,"comment_status":"closed","ping_status":"closed","template":"","meta":{"_monsterinsights_skip_tracking":false,"_monsterinsights_sitenote_active":false,"_monsterinsights_sitenote_note":"","_monsterinsights_sitenote_category":0,"ocean_post_layout":"","ocean_both_sidebars_style":"","ocean_both_sidebars_content_width":0,"ocean_both_sidebars_sidebars_width":0,"ocean_sidebar":"","ocean_second_sidebar":"","ocean_disable_margins":"enable","ocean_add_body_class":"","ocean_shortcode_before_top_bar":"","ocean_shortcode_after_top_bar":"","ocean_shortcode_before_header":"","ocean_shortcode_after_header":"","ocean_has_shortcode":"","ocean_shortcode_after_title":"","ocean_shortcode_before_footer_widgets":"","ocean_shortcode_after_footer_widgets":"","ocean_shortcode_before_footer_bottom":"","ocean_shortcode_after_footer_bottom":"","ocean_display_top_bar":"default","ocean_display_header":"default","ocean_header_style":"","ocean_center_header_left_menu":"","ocean_custom_header_template":"","ocean_custom_logo":0,"ocean_custom_retina_logo":0,"ocean_custom_logo_max_width":0,"ocean_custom_logo_tablet_max_width":0,"ocean_custom_logo_mobile_max_width":0,"ocean_custom_logo_max_height":0,"ocean_custom_logo_tablet_max_height":0,"ocean_custom_logo_mobile_max_height":0,"ocean_header_custom_menu":"","ocean_menu_typo_font_family":"","ocean_menu_typo_font_subset":"","ocean_menu_typo_font_size":0,"ocean_menu_typo_font_size_tablet":0,"ocean_menu_typo_font_size_mobile":0,"ocean_menu_typo_font_size_unit":"px","ocean_menu_typo_font_weight":"","ocean_menu_typo_font_weight_tablet":"","ocean_menu_typo_font_weight_mobile":"","ocean_menu_typo_transform":"","ocean_menu_typo_transform_tablet":"","ocean_menu_typo_transform_mobile":"","ocean_menu_typo_line_height":0,"ocean_menu_typo_line_height_tablet":0,"ocean_menu_typo_line_height_mobile":0,"ocean_menu_typo_line_height_unit":"","ocean_menu_typo_spacing":0,"ocean_menu_typo_spacing_tablet":0,"ocean_menu_typo_spacing_mobile":0,"ocean_menu_typo_spacing_unit":"","ocean_menu_link_color":"","ocean_menu_link_color_hover":"","ocean_menu_link_color_active":"","ocean_menu_link_background":"","ocean_menu_link_hover_background":"","ocean_menu_link_active_background":"","ocean_menu_social_links_bg":"","ocean_menu_social_hover_links_bg":"","ocean_menu_social_links_color":"","ocean_menu_social_hover_links_color":"","ocean_disable_title":"default","ocean_disable_heading":"default","ocean_post_title":"","ocean_post_subheading":"","ocean_post_title_style":"","ocean_post_title_background_color":"","ocean_post_title_background":0,"ocean_post_title_bg_image_position":"","ocean_post_title_bg_image_attachment":"","ocean_post_title_bg_image_repeat":"","ocean_post_title_bg_image_size":"","ocean_post_title_height":0,"ocean_post_title_bg_overlay":0.5,"ocean_post_title_bg_overlay_color":"","ocean_disable_breadcrumbs":"default","ocean_breadcrumbs_color":"","ocean_breadcrumbs_separator_color":"","ocean_breadcrumbs_links_color":"","ocean_breadcrumbs_links_hover_color":"","ocean_display_footer_widgets":"default","ocean_display_footer_bottom":"default","ocean_custom_footer_template":"","footnotes":""},"class_list":["post-663","page","type-page","status-publish","hentry","entry"],"yoast_head":"<!-- This site is optimized with the Yoast SEO plugin v27.0 - https:\/\/yoast.com\/product\/yoast-seo-wordpress\/ -->\n<title>Le logement et le stationnement - Ax Pour Tous<\/title>\n<meta name=\"robots\" content=\"index, follow, max-snippet:-1, max-image-preview:large, max-video-preview:-1\" \/>\n<link rel=\"canonical\" href=\"https:\/\/www.axpourtous.fr\/index.php\/logement-et-stationnement\/\" \/>\n<meta property=\"og:locale\" content=\"fr_FR\" \/>\n<meta property=\"og:type\" content=\"article\" \/>\n<meta property=\"og:title\" content=\"Le logement et le stationnement - Ax Pour Tous\" \/>\n<meta property=\"og:description\" content=\"Un constat et des actions initi\u00e9es depuis 6 ans Lors de notre pr\u00e9c\u00e9dente mandature, nous avions identifi\u00e9 des axes d&rsquo;am\u00e9lioration majeurs sur plusieurs points : un manque de logement permanent sur notre commune (plus de 80% de l&rsquo;habitat est d\u00e9di\u00e9 au tourisme et aux r\u00e9sidences secondaires) des prix de l&rsquo;immobilier trop \u00e9lev\u00e9s pour notre population [&hellip;]\" \/>\n<meta property=\"og:url\" content=\"https:\/\/www.axpourtous.fr\/index.php\/logement-et-stationnement\/\" \/>\n<meta property=\"og:site_name\" content=\"Ax Pour Tous\" \/>\n<meta property=\"article:modified_time\" content=\"2026-02-20T16:00:32+00:00\" \/>\n<meta name=\"twitter:card\" content=\"summary_large_image\" \/>\n<meta name=\"twitter:label1\" content=\"Dur\u00e9e de lecture estim\u00e9e\" \/>\n\t<meta name=\"twitter:data1\" content=\"3 minutes\" \/>\n<script type=\"application\/ld+json\" class=\"yoast-schema-graph\">{\"@context\":\"https:\/\/schema.org\",\"@graph\":[{\"@type\":\"WebPage\",\"@id\":\"https:\/\/www.axpourtous.fr\/index.php\/logement-et-stationnement\/\",\"url\":\"https:\/\/www.axpourtous.fr\/index.php\/logement-et-stationnement\/\",\"name\":\"Le logement et le stationnement - Ax Pour Tous\",\"isPartOf\":{\"@id\":\"https:\/\/www.axpourtous.fr\/#website\"},\"datePublished\":\"2026-01-12T15:50:49+00:00\",\"dateModified\":\"2026-02-20T16:00:32+00:00\",\"breadcrumb\":{\"@id\":\"https:\/\/www.axpourtous.fr\/index.php\/logement-et-stationnement\/#breadcrumb\"},\"inLanguage\":\"fr-FR\",\"potentialAction\":[{\"@type\":\"ReadAction\",\"target\":[\"https:\/\/www.axpourtous.fr\/index.php\/logement-et-stationnement\/\"]}]},{\"@type\":\"BreadcrumbList\",\"@id\":\"https:\/\/www.axpourtous.fr\/index.php\/logement-et-stationnement\/#breadcrumb\",\"itemListElement\":[{\"@type\":\"ListItem\",\"position\":1,\"name\":\"Accueil\",\"item\":\"https:\/\/www.axpourtous.fr\/\"},{\"@type\":\"ListItem\",\"position\":2,\"name\":\"Le logement et le stationnement\"}]},{\"@type\":\"WebSite\",\"@id\":\"https:\/\/www.axpourtous.fr\/#website\",\"url\":\"https:\/\/www.axpourtous.fr\/\",\"name\":\"Ax Pour Tous\",\"description\":\"Ax Pour Tous - Partageons Demain\",\"publisher\":{\"@id\":\"https:\/\/www.axpourtous.fr\/#organization\"},\"potentialAction\":[{\"@type\":\"SearchAction\",\"target\":{\"@type\":\"EntryPoint\",\"urlTemplate\":\"https:\/\/www.axpourtous.fr\/?s={search_term_string}\"},\"query-input\":{\"@type\":\"PropertyValueSpecification\",\"valueRequired\":true,\"valueName\":\"search_term_string\"}}],\"inLanguage\":\"fr-FR\"},{\"@type\":\"Organization\",\"@id\":\"https:\/\/www.axpourtous.fr\/#organization\",\"name\":\"Ax Pour Tous\",\"url\":\"https:\/\/www.axpourtous.fr\/\",\"logo\":{\"@type\":\"ImageObject\",\"inLanguage\":\"fr-FR\",\"@id\":\"https:\/\/www.axpourtous.fr\/#\/schema\/logo\/image\/\",\"url\":\"https:\/\/www.axpourtous.fr\/wp-content\/uploads\/2026\/01\/cropped-Logo-Ax-pour-tous-1.jpg\",\"contentUrl\":\"https:\/\/www.axpourtous.fr\/wp-content\/uploads\/2026\/01\/cropped-Logo-Ax-pour-tous-1.jpg\",\"width\":582,\"height\":271,\"caption\":\"Ax Pour Tous\"},\"image\":{\"@id\":\"https:\/\/www.axpourtous.fr\/#\/schema\/logo\/image\/\"}}]}<\/script>\n<!-- \/ Yoast SEO plugin. -->","yoast_head_json":{"title":"Le logement et le stationnement - Ax Pour Tous","robots":{"index":"index","follow":"follow","max-snippet":"max-snippet:-1","max-image-preview":"max-image-preview:large","max-video-preview":"max-video-preview:-1"},"canonical":"https:\/\/www.axpourtous.fr\/index.php\/logement-et-stationnement\/","og_locale":"fr_FR","og_type":"article","og_title":"Le logement et le stationnement - Ax Pour Tous","og_description":"Un constat et des actions initi\u00e9es depuis 6 ans Lors de notre pr\u00e9c\u00e9dente mandature, nous avions identifi\u00e9 des axes d&rsquo;am\u00e9lioration majeurs sur plusieurs points : un manque de logement permanent sur notre commune (plus de 80% de l&rsquo;habitat est d\u00e9di\u00e9 au tourisme et aux r\u00e9sidences secondaires) des prix de l&rsquo;immobilier trop \u00e9lev\u00e9s pour notre population [&hellip;]","og_url":"https:\/\/www.axpourtous.fr\/index.php\/logement-et-stationnement\/","og_site_name":"Ax Pour Tous","article_modified_time":"2026-02-20T16:00:32+00:00","twitter_card":"summary_large_image","twitter_misc":{"Dur\u00e9e de lecture estim\u00e9e":"3 minutes"},"schema":{"@context":"https:\/\/schema.org","@graph":[{"@type":"WebPage","@id":"https:\/\/www.axpourtous.fr\/index.php\/logement-et-stationnement\/","url":"https:\/\/www.axpourtous.fr\/index.php\/logement-et-stationnement\/","name":"Le logement et le stationnement - Ax Pour Tous","isPartOf":{"@id":"https:\/\/www.axpourtous.fr\/#website"},"datePublished":"2026-01-12T15:50:49+00:00","dateModified":"2026-02-20T16:00:32+00:00","breadcrumb":{"@id":"https:\/\/www.axpourtous.fr\/index.php\/logement-et-stationnement\/#breadcrumb"},"inLanguage":"fr-FR","potentialAction":[{"@type":"ReadAction","target":["https:\/\/www.axpourtous.fr\/index.php\/logement-et-stationnement\/"]}]},{"@type":"BreadcrumbList","@id":"https:\/\/www.axpourtous.fr\/index.php\/logement-et-stationnement\/#breadcrumb","itemListElement":[{"@type":"ListItem","position":1,"name":"Accueil","item":"https:\/\/www.axpourtous.fr\/"},{"@type":"ListItem","position":2,"name":"Le logement et le stationnement"}]},{"@type":"WebSite","@id":"https:\/\/www.axpourtous.fr\/#website","url":"https:\/\/www.axpourtous.fr\/","name":"Ax Pour Tous","description":"Ax Pour Tous - Partageons Demain","publisher":{"@id":"https:\/\/www.axpourtous.fr\/#organization"},"potentialAction":[{"@type":"SearchAction","target":{"@type":"EntryPoint","urlTemplate":"https:\/\/www.axpourtous.fr\/?s={search_term_string}"},"query-input":{"@type":"PropertyValueSpecification","valueRequired":true,"valueName":"search_term_string"}}],"inLanguage":"fr-FR"},{"@type":"Organization","@id":"https:\/\/www.axpourtous.fr\/#organization","name":"Ax Pour Tous","url":"https:\/\/www.axpourtous.fr\/","logo":{"@type":"ImageObject","inLanguage":"fr-FR","@id":"https:\/\/www.axpourtous.fr\/#\/schema\/logo\/image\/","url":"https:\/\/www.axpourtous.fr\/wp-content\/uploads\/2026\/01\/cropped-Logo-Ax-pour-tous-1.jpg","contentUrl":"https:\/\/www.axpourtous.fr\/wp-content\/uploads\/2026\/01\/cropped-Logo-Ax-pour-tous-1.jpg","width":582,"height":271,"caption":"Ax Pour Tous"},"image":{"@id":"https:\/\/www.axpourtous.fr\/#\/schema\/logo\/image\/"}}]}},"_links":{"self":[{"href":"https:\/\/www.axpourtous.fr\/index.php\/wp-json\/wp\/v2\/pages\/663","targetHints":{"allow":["GET"]}}],"collection":[{"href":"https:\/\/www.axpourtous.fr\/index.php\/wp-json\/wp\/v2\/pages"}],"about":[{"href":"https:\/\/www.axpourtous.fr\/index.php\/wp-json\/wp\/v2\/types\/page"}],"author":[{"embeddable":true,"href":"https:\/\/www.axpourtous.fr\/index.php\/wp-json\/wp\/v2\/users\/1"}],"replies":[{"embeddable":true,"href":"https:\/\/www.axpourtous.fr\/index.php\/wp-json\/wp\/v2\/comments?post=663"}],"version-history":[{"count":41,"href":"https:\/\/www.axpourtous.fr\/index.php\/wp-json\/wp\/v2\/pages\/663\/revisions"}],"predecessor-version":[{"id":2078,"href":"https:\/\/www.axpourtous.fr\/index.php\/wp-json\/wp\/v2\/pages\/663\/revisions\/2078"}],"wp:attachment":[{"href":"https:\/\/www.axpourtous.fr\/index.php\/wp-json\/wp\/v2\/media?parent=663"}],"curies":[{"name":"wp","href":"https:\/\/api.w.org\/{rel}","templated":true}]}}