{"id":2028,"date":"2026-02-20T15:37:04","date_gmt":"2026-02-20T15:37:04","guid":{"rendered":"https:\/\/www.axpourtous.fr\/?page_id=2028"},"modified":"2026-02-20T15:49:48","modified_gmt":"2026-02-20T15:49:48","slug":"nos-reponses-a-vos-questions","status":"publish","type":"page","link":"https:\/\/www.axpourtous.fr\/index.php\/nos-reponses-a-vos-questions\/","title":{"rendered":"Nos r\u00e9ponses \u00e0 vos questions"},"content":{"rendered":"\t\t<div data-elementor-type=\"wp-page\" data-elementor-id=\"2028\" class=\"elementor elementor-2028\">\n\t\t\t\t<div class=\"elementor-element elementor-element-d6c9dac e-flex e-con-boxed e-con e-parent\" data-id=\"d6c9dac\" data-element_type=\"container\" data-e-type=\"container\">\n\t\t\t\t\t<div class=\"e-con-inner\">\n\t\t\t\t<div class=\"elementor-element elementor-element-d1b3885 elementor-widget elementor-widget-text-editor\" data-id=\"d1b3885\" data-element_type=\"widget\" data-e-type=\"widget\" data-widget_type=\"text-editor.default\">\n\t\t\t\t\t\t\t\t\t<p><strong><span style=\"text-decoration: underline;\">Question<\/span> :<\/strong><\/p><h1><strong>La liste est-elle li\u00e9e \u00e0 un parti politique, et la t\u00eate de liste est-elle encart\u00e9e au Parti socialiste ?<\/strong><\/h1><p><strong><span style=\"text-decoration: underline;\">R\u00e9ponse<\/span> :<\/strong><br \/>Non. La t\u00eate de liste n\u2019est pas encart\u00e9e au Parti socialiste. La liste est sans \u00e9tiquette, mais cela ne signifie ni l\u2019absence d\u2019opinions ni un refus de la politique : g\u00e9rer la vie de la cit\u00e9 est par essence un acte politique. Elle rassemble des citoyens aux parcours vari\u00e9s, certains encart\u00e9s, d\u2019autres non, unis par des valeurs r\u00e9publicaines communes et l\u2019int\u00e9r\u00eat g\u00e9n\u00e9ral. Toutes les listes \u00e9tant compos\u00e9es de citoyens, elles sont par d\u00e9finition citoyennes.<\/p>\t\t\t\t\t\t\t\t<\/div>\n\t\t\t\t\t<\/div>\n\t\t\t\t<\/div>\n\t\t<div class=\"elementor-element elementor-element-06dd7e0 e-flex e-con-boxed e-con e-parent\" data-id=\"06dd7e0\" data-element_type=\"container\" data-e-type=\"container\">\n\t\t\t\t\t<div class=\"e-con-inner\">\n\t\t\t\t<div class=\"elementor-element elementor-element-163b769 elementor-widget elementor-widget-text-editor\" data-id=\"163b769\" data-element_type=\"widget\" data-e-type=\"widget\" data-widget_type=\"text-editor.default\">\n\t\t\t\t\t\t\t\t\t<p><strong><span style=\"text-decoration: underline;\">Question<\/span> :<\/strong><\/p><h1>Et vous, aviez-vous accept\u00e9 le d\u00e9bat ?<\/h1><p><strong><span style=\"text-decoration: underline;\">R\u00e9ponse<\/span> :<br \/><\/strong>Nous avions accept\u00e9 la proposition de <em>La D\u00e9p\u00eache du Midi<\/em> et de <em>Pyr\u00e9n\u00e9es FM<\/em> parce que nous pensons que <strong>le d\u00e9bat public fait partie de la vie d\u00e9mocratique locale<\/strong>.<\/p><p><strong>Un cadre clair et respectueux<\/strong><\/p><p>Le d\u00e9bat propos\u00e9 \u00e9tait soigneusement encadr\u00e9 :<\/p><ul><li>des questions transmises \u00e0 l\u2019avance,<\/li><li>une mod\u00e9ration assur\u00e9e par une journaliste professionnelle,<\/li><li>un strict respect du temps de parole,<\/li><li>et la possibilit\u00e9 pour le public de poser des questions.<\/li><\/ul><p>Ce cadre avait pr\u00e9cis\u00e9ment pour objectif de garantir des \u00e9changes sereins, respectueux et accessibles \u00e0 tous.<\/p><p><strong>Une confiance dans les m\u00e9dias locaux<\/strong><\/p><p>Nous faisons confiance au travail des journalistes locaux, \u00e0 leur professionnalisme et \u00e0 leur attachement \u00e0 l\u2019information de proximit\u00e9.<br \/>Leur r\u00f4le est d\u2019informer, de permettre l\u2019expression de points de vue diff\u00e9rents et de donner aux citoyens les \u00e9l\u00e9ments n\u00e9cessaires pour se faire leur propre opinion.<\/p><p><strong>D\u00e9battre, une autre mani\u00e8re d\u2019\u00e9couter<\/strong><\/p><p>Participer \u00e0 un d\u00e9bat ne signifie pas renoncer \u00e0 l\u2019\u00e9coute directe des habitants.<br \/>Au contraire, <strong>le d\u00e9bat public compl\u00e8te les temps de rencontre de terrain<\/strong>, en permettant de pr\u00e9senter des id\u00e9es, d\u2019expliquer des choix et de r\u00e9pondre aux interrogations.<\/p><p>Nous croyons que ces diff\u00e9rents formats sont compl\u00e9mentaires.<\/p><p><strong>Une d\u00e9marche simple et transparente<\/strong><\/p><p>Notre t\u00eate de liste a donc naturellement accept\u00e9 cette invitation, dans un esprit de transparence et de dialogue.<br \/>Nous pensons que les Ax\u00e9ens m\u00e9ritent des \u00e9changes clairs, pos\u00e9s et ouverts, centr\u00e9s sur les projets et l\u2019avenir de la commune.<\/p><p>C\u2019est dans cet esprit que nous continuerons \u00e0 agir tout au long de cette campagne.<\/p>\t\t\t\t\t\t\t\t<\/div>\n\t\t\t\t\t<\/div>\n\t\t\t\t<\/div>\n\t\t<div class=\"elementor-element elementor-element-80578ad e-flex e-con-boxed e-con e-parent\" data-id=\"80578ad\" data-element_type=\"container\" data-e-type=\"container\">\n\t\t\t\t\t<div class=\"e-con-inner\">\n\t\t\t\t<div class=\"elementor-element elementor-element-dee1ef5 elementor-widget elementor-widget-text-editor\" data-id=\"dee1ef5\" data-element_type=\"widget\" data-e-type=\"widget\" data-widget_type=\"text-editor.default\">\n\t\t\t\t\t\t\t\t\t<p><strong><span style=\"text-decoration: underline;\">Question<\/span> :<\/strong><\/p><h1>Le samedi quand je viens faire mon march\u00e9 impossible de se garer ?<\/h1><p><strong><span style=\"text-decoration: underline;\">R\u00e9ponse<\/span> :<br \/><\/strong>Nous souhaitons d\u00e9velopper les parkings de dissuasion p\u00e9riph\u00e9riques, avoir une gestion bien visible des places de parking, le renforcement du service des navettes et enfin agrandir le parking du Baou.<br \/>Nous avions le projet d&rsquo;un parking suppl\u00e9mentaire en \u00e9l\u00e9vation en centre ville, mais au vu du co\u00fbt cela entra\u00eene n\u00e9cessairement un projet port\u00e9 par un priv\u00e9 qui doit trouver une rentabilit\u00e9 d&rsquo;\u00e9quilibre. Celle-ci passe par la transformation d&rsquo;environ 80 % du stationnement existant en stationnement payant pour r\u00e9duire la concurrence et donc au d\u00e9triment des ax\u00e9ens sur l&rsquo;ann\u00e9e.<\/p>\t\t\t\t\t\t\t\t<\/div>\n\t\t\t\t\t<\/div>\n\t\t\t\t<\/div>\n\t\t\t\t<\/div>\n\t\t","protected":false},"excerpt":{"rendered":"<p>Question : La liste est-elle li\u00e9e \u00e0 un parti politique, et la t\u00eate de liste est-elle encart\u00e9e au Parti socialiste ? R\u00e9ponse :Non. La t\u00eate de liste n\u2019est pas encart\u00e9e au Parti socialiste. La liste est sans \u00e9tiquette, mais cela ne signifie ni l\u2019absence d\u2019opinions ni un refus de la politique : g\u00e9rer la vie [&hellip;]<\/p>\n","protected":false},"author":1,"featured_media":0,"parent":0,"menu_order":0,"comment_status":"closed","ping_status":"closed","template":"","meta":{"_monsterinsights_skip_tracking":false,"_monsterinsights_sitenote_active":false,"_monsterinsights_sitenote_note":"","_monsterinsights_sitenote_category":0,"ocean_post_layout":"","ocean_both_sidebars_style":"","ocean_both_sidebars_content_width":0,"ocean_both_sidebars_sidebars_width":0,"ocean_sidebar":"","ocean_second_sidebar":"","ocean_disable_margins":"enable","ocean_add_body_class":"","ocean_shortcode_before_top_bar":"","ocean_shortcode_after_top_bar":"","ocean_shortcode_before_header":"","ocean_shortcode_after_header":"","ocean_has_shortcode":"","ocean_shortcode_after_title":"","ocean_shortcode_before_footer_widgets":"","ocean_shortcode_after_footer_widgets":"","ocean_shortcode_before_footer_bottom":"","ocean_shortcode_after_footer_bottom":"","ocean_display_top_bar":"default","ocean_display_header":"default","ocean_header_style":"","ocean_center_header_left_menu":"","ocean_custom_header_template":"","ocean_custom_logo":0,"ocean_custom_retina_logo":0,"ocean_custom_logo_max_width":0,"ocean_custom_logo_tablet_max_width":0,"ocean_custom_logo_mobile_max_width":0,"ocean_custom_logo_max_height":0,"ocean_custom_logo_tablet_max_height":0,"ocean_custom_logo_mobile_max_height":0,"ocean_header_custom_menu":"","ocean_menu_typo_font_family":"","ocean_menu_typo_font_subset":"","ocean_menu_typo_font_size":0,"ocean_menu_typo_font_size_tablet":0,"ocean_menu_typo_font_size_mobile":0,"ocean_menu_typo_font_size_unit":"px","ocean_menu_typo_font_weight":"","ocean_menu_typo_font_weight_tablet":"","ocean_menu_typo_font_weight_mobile":"","ocean_menu_typo_transform":"","ocean_menu_typo_transform_tablet":"","ocean_menu_typo_transform_mobile":"","ocean_menu_typo_line_height":0,"ocean_menu_typo_line_height_tablet":0,"ocean_menu_typo_line_height_mobile":0,"ocean_menu_typo_line_height_unit":"","ocean_menu_typo_spacing":0,"ocean_menu_typo_spacing_tablet":0,"ocean_menu_typo_spacing_mobile":0,"ocean_menu_typo_spacing_unit":"","ocean_menu_link_color":"","ocean_menu_link_color_hover":"","ocean_menu_link_color_active":"","ocean_menu_link_background":"","ocean_menu_link_hover_background":"","ocean_menu_link_active_background":"","ocean_menu_social_links_bg":"","ocean_menu_social_hover_links_bg":"","ocean_menu_social_links_color":"","ocean_menu_social_hover_links_color":"","ocean_disable_title":"default","ocean_disable_heading":"default","ocean_post_title":"","ocean_post_subheading":"","ocean_post_title_style":"","ocean_post_title_background_color":"","ocean_post_title_background":0,"ocean_post_title_bg_image_position":"","ocean_post_title_bg_image_attachment":"","ocean_post_title_bg_image_repeat":"","ocean_post_title_bg_image_size":"","ocean_post_title_height":0,"ocean_post_title_bg_overlay":0.5,"ocean_post_title_bg_overlay_color":"","ocean_disable_breadcrumbs":"default","ocean_breadcrumbs_color":"","ocean_breadcrumbs_separator_color":"","ocean_breadcrumbs_links_color":"","ocean_breadcrumbs_links_hover_color":"","ocean_display_footer_widgets":"default","ocean_display_footer_bottom":"default","ocean_custom_footer_template":"","footnotes":""},"class_list":["post-2028","page","type-page","status-publish","hentry","entry"],"yoast_head":"<!-- This site is optimized with the Yoast SEO plugin v27.0 - https:\/\/yoast.com\/product\/yoast-seo-wordpress\/ -->\n<title>Nos r\u00e9ponses \u00e0 vos questions - Ax Pour Tous<\/title>\n<meta name=\"robots\" content=\"index, follow, max-snippet:-1, max-image-preview:large, max-video-preview:-1\" \/>\n<link rel=\"canonical\" href=\"https:\/\/www.axpourtous.fr\/index.php\/nos-reponses-a-vos-questions\/\" \/>\n<meta property=\"og:locale\" content=\"fr_FR\" \/>\n<meta property=\"og:type\" content=\"article\" \/>\n<meta property=\"og:title\" content=\"Nos r\u00e9ponses \u00e0 vos questions - Ax Pour Tous\" \/>\n<meta property=\"og:description\" content=\"Question : La liste est-elle li\u00e9e \u00e0 un parti politique, et la t\u00eate de liste est-elle encart\u00e9e au Parti socialiste ? R\u00e9ponse :Non. La t\u00eate de liste n\u2019est pas encart\u00e9e au Parti socialiste. La liste est sans \u00e9tiquette, mais cela ne signifie ni l\u2019absence d\u2019opinions ni un refus de la politique : g\u00e9rer la vie [&hellip;]\" \/>\n<meta property=\"og:url\" content=\"https:\/\/www.axpourtous.fr\/index.php\/nos-reponses-a-vos-questions\/\" \/>\n<meta property=\"og:site_name\" content=\"Ax Pour Tous\" \/>\n<meta property=\"article:modified_time\" content=\"2026-02-20T15:49:48+00:00\" \/>\n<meta name=\"twitter:card\" content=\"summary_large_image\" \/>\n<meta name=\"twitter:label1\" content=\"Dur\u00e9e de lecture estim\u00e9e\" \/>\n\t<meta name=\"twitter:data1\" content=\"3 minutes\" \/>\n<script type=\"application\/ld+json\" class=\"yoast-schema-graph\">{\"@context\":\"https:\/\/schema.org\",\"@graph\":[{\"@type\":\"WebPage\",\"@id\":\"https:\/\/www.axpourtous.fr\/index.php\/nos-reponses-a-vos-questions\/\",\"url\":\"https:\/\/www.axpourtous.fr\/index.php\/nos-reponses-a-vos-questions\/\",\"name\":\"Nos r\u00e9ponses \u00e0 vos questions - Ax Pour Tous\",\"isPartOf\":{\"@id\":\"https:\/\/www.axpourtous.fr\/#website\"},\"datePublished\":\"2026-02-20T15:37:04+00:00\",\"dateModified\":\"2026-02-20T15:49:48+00:00\",\"breadcrumb\":{\"@id\":\"https:\/\/www.axpourtous.fr\/index.php\/nos-reponses-a-vos-questions\/#breadcrumb\"},\"inLanguage\":\"fr-FR\",\"potentialAction\":[{\"@type\":\"ReadAction\",\"target\":[\"https:\/\/www.axpourtous.fr\/index.php\/nos-reponses-a-vos-questions\/\"]}]},{\"@type\":\"BreadcrumbList\",\"@id\":\"https:\/\/www.axpourtous.fr\/index.php\/nos-reponses-a-vos-questions\/#breadcrumb\",\"itemListElement\":[{\"@type\":\"ListItem\",\"position\":1,\"name\":\"Accueil\",\"item\":\"https:\/\/www.axpourtous.fr\/\"},{\"@type\":\"ListItem\",\"position\":2,\"name\":\"Nos r\u00e9ponses \u00e0 vos questions\"}]},{\"@type\":\"WebSite\",\"@id\":\"https:\/\/www.axpourtous.fr\/#website\",\"url\":\"https:\/\/www.axpourtous.fr\/\",\"name\":\"Ax Pour Tous\",\"description\":\"Ax Pour Tous - Partageons Demain\",\"publisher\":{\"@id\":\"https:\/\/www.axpourtous.fr\/#organization\"},\"potentialAction\":[{\"@type\":\"SearchAction\",\"target\":{\"@type\":\"EntryPoint\",\"urlTemplate\":\"https:\/\/www.axpourtous.fr\/?s={search_term_string}\"},\"query-input\":{\"@type\":\"PropertyValueSpecification\",\"valueRequired\":true,\"valueName\":\"search_term_string\"}}],\"inLanguage\":\"fr-FR\"},{\"@type\":\"Organization\",\"@id\":\"https:\/\/www.axpourtous.fr\/#organization\",\"name\":\"Ax Pour Tous\",\"url\":\"https:\/\/www.axpourtous.fr\/\",\"logo\":{\"@type\":\"ImageObject\",\"inLanguage\":\"fr-FR\",\"@id\":\"https:\/\/www.axpourtous.fr\/#\/schema\/logo\/image\/\",\"url\":\"https:\/\/www.axpourtous.fr\/wp-content\/uploads\/2026\/01\/cropped-Logo-Ax-pour-tous-1.jpg\",\"contentUrl\":\"https:\/\/www.axpourtous.fr\/wp-content\/uploads\/2026\/01\/cropped-Logo-Ax-pour-tous-1.jpg\",\"width\":582,\"height\":271,\"caption\":\"Ax Pour Tous\"},\"image\":{\"@id\":\"https:\/\/www.axpourtous.fr\/#\/schema\/logo\/image\/\"}}]}<\/script>\n<!-- \/ Yoast SEO plugin. -->","yoast_head_json":{"title":"Nos r\u00e9ponses \u00e0 vos questions - Ax Pour Tous","robots":{"index":"index","follow":"follow","max-snippet":"max-snippet:-1","max-image-preview":"max-image-preview:large","max-video-preview":"max-video-preview:-1"},"canonical":"https:\/\/www.axpourtous.fr\/index.php\/nos-reponses-a-vos-questions\/","og_locale":"fr_FR","og_type":"article","og_title":"Nos r\u00e9ponses \u00e0 vos questions - Ax Pour Tous","og_description":"Question : La liste est-elle li\u00e9e \u00e0 un parti politique, et la t\u00eate de liste est-elle encart\u00e9e au Parti socialiste ? R\u00e9ponse :Non. La t\u00eate de liste n\u2019est pas encart\u00e9e au Parti socialiste. La liste est sans \u00e9tiquette, mais cela ne signifie ni l\u2019absence d\u2019opinions ni un refus de la politique : g\u00e9rer la vie [&hellip;]","og_url":"https:\/\/www.axpourtous.fr\/index.php\/nos-reponses-a-vos-questions\/","og_site_name":"Ax Pour Tous","article_modified_time":"2026-02-20T15:49:48+00:00","twitter_card":"summary_large_image","twitter_misc":{"Dur\u00e9e de lecture estim\u00e9e":"3 minutes"},"schema":{"@context":"https:\/\/schema.org","@graph":[{"@type":"WebPage","@id":"https:\/\/www.axpourtous.fr\/index.php\/nos-reponses-a-vos-questions\/","url":"https:\/\/www.axpourtous.fr\/index.php\/nos-reponses-a-vos-questions\/","name":"Nos r\u00e9ponses \u00e0 vos questions - Ax Pour Tous","isPartOf":{"@id":"https:\/\/www.axpourtous.fr\/#website"},"datePublished":"2026-02-20T15:37:04+00:00","dateModified":"2026-02-20T15:49:48+00:00","breadcrumb":{"@id":"https:\/\/www.axpourtous.fr\/index.php\/nos-reponses-a-vos-questions\/#breadcrumb"},"inLanguage":"fr-FR","potentialAction":[{"@type":"ReadAction","target":["https:\/\/www.axpourtous.fr\/index.php\/nos-reponses-a-vos-questions\/"]}]},{"@type":"BreadcrumbList","@id":"https:\/\/www.axpourtous.fr\/index.php\/nos-reponses-a-vos-questions\/#breadcrumb","itemListElement":[{"@type":"ListItem","position":1,"name":"Accueil","item":"https:\/\/www.axpourtous.fr\/"},{"@type":"ListItem","position":2,"name":"Nos r\u00e9ponses \u00e0 vos questions"}]},{"@type":"WebSite","@id":"https:\/\/www.axpourtous.fr\/#website","url":"https:\/\/www.axpourtous.fr\/","name":"Ax Pour Tous","description":"Ax Pour Tous - Partageons Demain","publisher":{"@id":"https:\/\/www.axpourtous.fr\/#organization"},"potentialAction":[{"@type":"SearchAction","target":{"@type":"EntryPoint","urlTemplate":"https:\/\/www.axpourtous.fr\/?s={search_term_string}"},"query-input":{"@type":"PropertyValueSpecification","valueRequired":true,"valueName":"search_term_string"}}],"inLanguage":"fr-FR"},{"@type":"Organization","@id":"https:\/\/www.axpourtous.fr\/#organization","name":"Ax Pour Tous","url":"https:\/\/www.axpourtous.fr\/","logo":{"@type":"ImageObject","inLanguage":"fr-FR","@id":"https:\/\/www.axpourtous.fr\/#\/schema\/logo\/image\/","url":"https:\/\/www.axpourtous.fr\/wp-content\/uploads\/2026\/01\/cropped-Logo-Ax-pour-tous-1.jpg","contentUrl":"https:\/\/www.axpourtous.fr\/wp-content\/uploads\/2026\/01\/cropped-Logo-Ax-pour-tous-1.jpg","width":582,"height":271,"caption":"Ax Pour Tous"},"image":{"@id":"https:\/\/www.axpourtous.fr\/#\/schema\/logo\/image\/"}}]}},"_links":{"self":[{"href":"https:\/\/www.axpourtous.fr\/index.php\/wp-json\/wp\/v2\/pages\/2028","targetHints":{"allow":["GET"]}}],"collection":[{"href":"https:\/\/www.axpourtous.fr\/index.php\/wp-json\/wp\/v2\/pages"}],"about":[{"href":"https:\/\/www.axpourtous.fr\/index.php\/wp-json\/wp\/v2\/types\/page"}],"author":[{"embeddable":true,"href":"https:\/\/www.axpourtous.fr\/index.php\/wp-json\/wp\/v2\/users\/1"}],"replies":[{"embeddable":true,"href":"https:\/\/www.axpourtous.fr\/index.php\/wp-json\/wp\/v2\/comments?post=2028"}],"version-history":[{"count":19,"href":"https:\/\/www.axpourtous.fr\/index.php\/wp-json\/wp\/v2\/pages\/2028\/revisions"}],"predecessor-version":[{"id":2048,"href":"https:\/\/www.axpourtous.fr\/index.php\/wp-json\/wp\/v2\/pages\/2028\/revisions\/2048"}],"wp:attachment":[{"href":"https:\/\/www.axpourtous.fr\/index.php\/wp-json\/wp\/v2\/media?parent=2028"}],"curies":[{"name":"wp","href":"https:\/\/api.w.org\/{rel}","templated":true}]}}