{"id":1952,"date":"2026-02-09T10:18:23","date_gmt":"2026-02-09T10:18:23","guid":{"rendered":"https:\/\/www.axpourtous.fr\/?page_id=1952"},"modified":"2026-02-09T10:21:50","modified_gmt":"2026-02-09T10:21:50","slug":"la-solidarite","status":"publish","type":"page","link":"https:\/\/www.axpourtous.fr\/index.php\/la-solidarite\/","title":{"rendered":"La solidarit\u00e9"},"content":{"rendered":"\t\t<div data-elementor-type=\"wp-page\" data-elementor-id=\"1952\" class=\"elementor elementor-1952\">\n\t\t\t\t<div class=\"elementor-element elementor-element-5a2b39a e-flex e-con-boxed e-con e-parent\" data-id=\"5a2b39a\" data-element_type=\"container\" data-e-type=\"container\">\n\t\t\t\t\t<div class=\"e-con-inner\">\n\t\t<div class=\"elementor-element elementor-element-0f68002 e-con-full e-flex e-con e-child\" data-id=\"0f68002\" data-element_type=\"container\" data-e-type=\"container\" data-settings=\"{&quot;background_background&quot;:&quot;classic&quot;}\">\n\t\t<div class=\"elementor-element elementor-element-31457a5 e-con-full e-flex e-con e-child\" data-id=\"31457a5\" data-element_type=\"container\" data-e-type=\"container\" data-settings=\"{&quot;background_background&quot;:&quot;classic&quot;}\">\n\t\t\t\t<div class=\"elementor-element elementor-element-e3b1877 elementor-widget elementor-widget-heading\" data-id=\"e3b1877\" data-element_type=\"widget\" data-e-type=\"widget\" data-widget_type=\"heading.default\">\n\t\t\t\t\t<h2 class=\"elementor-heading-title elementor-size-default\">La solidarit\u00e9<\/h2>\t\t\t\t<\/div>\n\t\t\t\t<\/div>\n\t\t\t\t<\/div>\n\t\t\t\t\t<\/div>\n\t\t\t\t<\/div>\n\t\t<div class=\"elementor-element elementor-element-bc241a8 e-flex e-con-boxed e-con e-parent\" data-id=\"bc241a8\" data-element_type=\"container\" data-e-type=\"container\">\n\t\t\t\t\t<div class=\"e-con-inner\">\n\t\t\t\t<div class=\"elementor-element elementor-element-d7ef411 elementor-widget elementor-widget-text-editor\" data-id=\"d7ef411\" data-element_type=\"widget\" data-e-type=\"widget\" data-widget_type=\"text-editor.default\">\n\t\t\t\t\t\t\t\t\t<p><strong>Le CCAS : un engagement de solidarit\u00e9 que nous assumons<\/strong><\/p><p>\u00c0 Ax-les-Thermes, le <strong>Centre Communal d\u2019Action Sociale (CCAS)<\/strong> est un outil essentiel de solidarit\u00e9 locale. Il agit au plus pr\u00e8s des habitants pour <strong>soutenir les personnes les plus fragiles<\/strong>, accompagner les parcours de vie et garantir l\u2019acc\u00e8s aux droits.<\/p><p>Depuis 2015, le CCAS n\u2019est plus obligatoire dans les communes de moins de 1 500 habitants. <strong>Nous avons fait le choix politique de le maintenir<\/strong>, parce que la solidarit\u00e9 ne peut pas \u00eatre une option et que certaines situations exigent une r\u00e9ponse locale, humaine et r\u00e9active.<\/p><p><strong>Aider concr\u00e8tement les Ax\u00e9ennes et les Ax\u00e9ens en difficult\u00e9<\/strong><\/p><p>Apr\u00e8s un premier contact avec l\u2019assistante sociale, le CCAS peut intervenir pour des <strong>aides financi\u00e8res ponctuelles<\/strong>, notamment pour l\u2019alimentation ou le r\u00e8glement de factures urgentes.<br \/>Il assure \u00e9galement la <strong>domiciliation des personnes sans domicile stable<\/strong>, notamment les saisonniers, leur permettant de recevoir leur courrier et de faire valoir leurs droits (CAF, s\u00e9curit\u00e9 sociale, etc.).<\/p><p>Le CCAS r\u00e9ceptionne et accompagne les <strong>dossiers de demandes d\u2019aides sociales d\u00e9partementales<\/strong>, en particulier pour l\u2019h\u00e9bergement en maison de retraite ou en \u00e9tablissement sp\u00e9cialis\u00e9 pour les personnes en situation de handicap, lorsque le dernier domicile \u00e9tait \u00e0 Ax-les-Thermes.<\/p><p><strong>Pr\u00e9venir l\u2019isolement et maintenir le lien social<\/strong><\/p><p>En lien avec le centre de secours et le D\u00e9partement, le CCAS facilite l\u2019acc\u00e8s au <strong>service de t\u00e9l\u00e9-assistance<\/strong>. Sous conditions de ressources, il peut participer \u00e0 son financement afin de s\u00e9curiser le maintien \u00e0 domicile.<\/p><p>Chaque ann\u00e9e, le CCAS organise le <strong>No\u00ebl des a\u00een\u00e9s<\/strong> : un repas et un colis de f\u00eate sont propos\u00e9s aux retrait\u00e9s de 70 ans et plus, domicili\u00e9s \u00e0 Ax-les-Thermes, non imposables ou \u00e0 tr\u00e8s faibles revenus, sur simple inscription en mairie.<\/p><p>Au-del\u00e0 de ces temps forts, le CCAS m\u00e8ne des actions d\u2019animation et de pr\u00e9vention : lutte contre l\u2019isolement, maintien du lien social, acc\u00e8s \u00e0 la culture et aux loisirs, accompagnement au vieillissement et adaptation du logement.<\/p><p><strong>Orienter, \u00e9couter, accompagner<\/strong><\/p><p>Le r\u00f4le central du CCAS est aussi d\u2019<strong>accueillir, orienter et conseiller<\/strong> les habitants dans leurs d\u00e9marches sociales. Pour beaucoup de personnes, il constitue un <strong>premier point d\u2019entr\u00e9e<\/strong>, rassurant et accessible, vers les dispositifs existants.<\/p><p><strong>Soutenir les jeunes et les familles<\/strong><\/p><p>Le CCAS intervient \u00e9galement en direction des <strong>enfants, des jeunes et des familles<\/strong>, avec des aides cibl\u00e9es :<\/p><ul><li>aide individuelle aux <strong>voyages scolaires<\/strong>,<\/li><li>aide au <strong>forfait de ski pour les enfants de moins de 11 ans<\/strong>,<\/li><li><strong>acc\u00e8s gratuit \u00e0 la piscine<\/strong> pour les moins de 13 ans.<\/li><\/ul><p>Ces dispositifs sont indispensables pour garantir \u00e0 tous les enfants ax\u00e9ens un <strong>acc\u00e8s \u00e9quitable au sport, \u00e0 la culture et aux loisirs<\/strong>, quelles que soient les ressources familiales.<\/p><p><strong>Notre engagement<\/strong><\/p><p>Maintenir un CCAS actif, c\u2019est faire le choix d\u2019une <strong>politique sociale de proximit\u00e9<\/strong>, attentive aux r\u00e9alit\u00e9s locales, aux parcours de vie et aux fragilit\u00e9s.<br \/>Nous continuerons \u00e0 d\u00e9fendre un CCAS fort\u00a0 <strong>au service de la solidarit\u00e9 ax\u00e9enne<\/strong>.<\/p>\t\t\t\t\t\t\t\t<\/div>\n\t\t\t\t\t<\/div>\n\t\t\t\t<\/div>\n\t\t\t\t<\/div>\n\t\t","protected":false},"excerpt":{"rendered":"<p>La solidarit\u00e9 Le CCAS : un engagement de solidarit\u00e9 que nous assumons \u00c0 Ax-les-Thermes, le Centre Communal d\u2019Action Sociale (CCAS) est un outil essentiel de solidarit\u00e9 locale. Il agit au plus pr\u00e8s des habitants pour soutenir les personnes les plus fragiles, accompagner les parcours de vie et garantir l\u2019acc\u00e8s aux droits. Depuis 2015, le CCAS [&hellip;]<\/p>\n","protected":false},"author":1,"featured_media":0,"parent":0,"menu_order":0,"comment_status":"closed","ping_status":"closed","template":"","meta":{"_monsterinsights_skip_tracking":false,"_monsterinsights_sitenote_active":false,"_monsterinsights_sitenote_note":"","_monsterinsights_sitenote_category":0,"ocean_post_layout":"","ocean_both_sidebars_style":"","ocean_both_sidebars_content_width":0,"ocean_both_sidebars_sidebars_width":0,"ocean_sidebar":"","ocean_second_sidebar":"","ocean_disable_margins":"enable","ocean_add_body_class":"","ocean_shortcode_before_top_bar":"","ocean_shortcode_after_top_bar":"","ocean_shortcode_before_header":"","ocean_shortcode_after_header":"","ocean_has_shortcode":"","ocean_shortcode_after_title":"","ocean_shortcode_before_footer_widgets":"","ocean_shortcode_after_footer_widgets":"","ocean_shortcode_before_footer_bottom":"","ocean_shortcode_after_footer_bottom":"","ocean_display_top_bar":"default","ocean_display_header":"default","ocean_header_style":"","ocean_center_header_left_menu":"","ocean_custom_header_template":"","ocean_custom_logo":0,"ocean_custom_retina_logo":0,"ocean_custom_logo_max_width":0,"ocean_custom_logo_tablet_max_width":0,"ocean_custom_logo_mobile_max_width":0,"ocean_custom_logo_max_height":0,"ocean_custom_logo_tablet_max_height":0,"ocean_custom_logo_mobile_max_height":0,"ocean_header_custom_menu":"","ocean_menu_typo_font_family":"","ocean_menu_typo_font_subset":"","ocean_menu_typo_font_size":0,"ocean_menu_typo_font_size_tablet":0,"ocean_menu_typo_font_size_mobile":0,"ocean_menu_typo_font_size_unit":"px","ocean_menu_typo_font_weight":"","ocean_menu_typo_font_weight_tablet":"","ocean_menu_typo_font_weight_mobile":"","ocean_menu_typo_transform":"","ocean_menu_typo_transform_tablet":"","ocean_menu_typo_transform_mobile":"","ocean_menu_typo_line_height":0,"ocean_menu_typo_line_height_tablet":0,"ocean_menu_typo_line_height_mobile":0,"ocean_menu_typo_line_height_unit":"","ocean_menu_typo_spacing":0,"ocean_menu_typo_spacing_tablet":0,"ocean_menu_typo_spacing_mobile":0,"ocean_menu_typo_spacing_unit":"","ocean_menu_link_color":"","ocean_menu_link_color_hover":"","ocean_menu_link_color_active":"","ocean_menu_link_background":"","ocean_menu_link_hover_background":"","ocean_menu_link_active_background":"","ocean_menu_social_links_bg":"","ocean_menu_social_hover_links_bg":"","ocean_menu_social_links_color":"","ocean_menu_social_hover_links_color":"","ocean_disable_title":"default","ocean_disable_heading":"default","ocean_post_title":"","ocean_post_subheading":"","ocean_post_title_style":"","ocean_post_title_background_color":"","ocean_post_title_background":0,"ocean_post_title_bg_image_position":"","ocean_post_title_bg_image_attachment":"","ocean_post_title_bg_image_repeat":"","ocean_post_title_bg_image_size":"","ocean_post_title_height":0,"ocean_post_title_bg_overlay":0.5,"ocean_post_title_bg_overlay_color":"","ocean_disable_breadcrumbs":"default","ocean_breadcrumbs_color":"","ocean_breadcrumbs_separator_color":"","ocean_breadcrumbs_links_color":"","ocean_breadcrumbs_links_hover_color":"","ocean_display_footer_widgets":"default","ocean_display_footer_bottom":"default","ocean_custom_footer_template":"","footnotes":""},"class_list":["post-1952","page","type-page","status-publish","hentry","entry"],"yoast_head":"<!-- This site is optimized with the Yoast SEO plugin v27.0 - https:\/\/yoast.com\/product\/yoast-seo-wordpress\/ -->\n<title>La solidarit\u00e9 - Ax Pour Tous<\/title>\n<meta name=\"robots\" content=\"index, follow, max-snippet:-1, max-image-preview:large, max-video-preview:-1\" \/>\n<link rel=\"canonical\" href=\"https:\/\/www.axpourtous.fr\/index.php\/la-solidarite\/\" \/>\n<meta property=\"og:locale\" content=\"fr_FR\" \/>\n<meta property=\"og:type\" content=\"article\" \/>\n<meta property=\"og:title\" content=\"La solidarit\u00e9 - Ax Pour Tous\" \/>\n<meta property=\"og:description\" content=\"La solidarit\u00e9 Le CCAS : un engagement de solidarit\u00e9 que nous assumons \u00c0 Ax-les-Thermes, le Centre Communal d\u2019Action Sociale (CCAS) est un outil essentiel de solidarit\u00e9 locale. Il agit au plus pr\u00e8s des habitants pour soutenir les personnes les plus fragiles, accompagner les parcours de vie et garantir l\u2019acc\u00e8s aux droits. Depuis 2015, le CCAS [&hellip;]\" \/>\n<meta property=\"og:url\" content=\"https:\/\/www.axpourtous.fr\/index.php\/la-solidarite\/\" \/>\n<meta property=\"og:site_name\" content=\"Ax Pour Tous\" \/>\n<meta property=\"article:modified_time\" content=\"2026-02-09T10:21:50+00:00\" \/>\n<meta name=\"twitter:card\" content=\"summary_large_image\" \/>\n<meta name=\"twitter:label1\" content=\"Dur\u00e9e de lecture estim\u00e9e\" \/>\n\t<meta name=\"twitter:data1\" content=\"3 minutes\" \/>\n<script type=\"application\/ld+json\" class=\"yoast-schema-graph\">{\"@context\":\"https:\/\/schema.org\",\"@graph\":[{\"@type\":\"WebPage\",\"@id\":\"https:\/\/www.axpourtous.fr\/index.php\/la-solidarite\/\",\"url\":\"https:\/\/www.axpourtous.fr\/index.php\/la-solidarite\/\",\"name\":\"La solidarit\u00e9 - Ax Pour Tous\",\"isPartOf\":{\"@id\":\"https:\/\/www.axpourtous.fr\/#website\"},\"datePublished\":\"2026-02-09T10:18:23+00:00\",\"dateModified\":\"2026-02-09T10:21:50+00:00\",\"breadcrumb\":{\"@id\":\"https:\/\/www.axpourtous.fr\/index.php\/la-solidarite\/#breadcrumb\"},\"inLanguage\":\"fr-FR\",\"potentialAction\":[{\"@type\":\"ReadAction\",\"target\":[\"https:\/\/www.axpourtous.fr\/index.php\/la-solidarite\/\"]}]},{\"@type\":\"BreadcrumbList\",\"@id\":\"https:\/\/www.axpourtous.fr\/index.php\/la-solidarite\/#breadcrumb\",\"itemListElement\":[{\"@type\":\"ListItem\",\"position\":1,\"name\":\"Accueil\",\"item\":\"https:\/\/www.axpourtous.fr\/\"},{\"@type\":\"ListItem\",\"position\":2,\"name\":\"La solidarit\u00e9\"}]},{\"@type\":\"WebSite\",\"@id\":\"https:\/\/www.axpourtous.fr\/#website\",\"url\":\"https:\/\/www.axpourtous.fr\/\",\"name\":\"Ax Pour Tous\",\"description\":\"Ax Pour Tous - Partageons Demain\",\"publisher\":{\"@id\":\"https:\/\/www.axpourtous.fr\/#organization\"},\"potentialAction\":[{\"@type\":\"SearchAction\",\"target\":{\"@type\":\"EntryPoint\",\"urlTemplate\":\"https:\/\/www.axpourtous.fr\/?s={search_term_string}\"},\"query-input\":{\"@type\":\"PropertyValueSpecification\",\"valueRequired\":true,\"valueName\":\"search_term_string\"}}],\"inLanguage\":\"fr-FR\"},{\"@type\":\"Organization\",\"@id\":\"https:\/\/www.axpourtous.fr\/#organization\",\"name\":\"Ax Pour Tous\",\"url\":\"https:\/\/www.axpourtous.fr\/\",\"logo\":{\"@type\":\"ImageObject\",\"inLanguage\":\"fr-FR\",\"@id\":\"https:\/\/www.axpourtous.fr\/#\/schema\/logo\/image\/\",\"url\":\"https:\/\/www.axpourtous.fr\/wp-content\/uploads\/2026\/01\/cropped-Logo-Ax-pour-tous-1.jpg\",\"contentUrl\":\"https:\/\/www.axpourtous.fr\/wp-content\/uploads\/2026\/01\/cropped-Logo-Ax-pour-tous-1.jpg\",\"width\":582,\"height\":271,\"caption\":\"Ax Pour Tous\"},\"image\":{\"@id\":\"https:\/\/www.axpourtous.fr\/#\/schema\/logo\/image\/\"}}]}<\/script>\n<!-- \/ Yoast SEO plugin. -->","yoast_head_json":{"title":"La solidarit\u00e9 - Ax Pour Tous","robots":{"index":"index","follow":"follow","max-snippet":"max-snippet:-1","max-image-preview":"max-image-preview:large","max-video-preview":"max-video-preview:-1"},"canonical":"https:\/\/www.axpourtous.fr\/index.php\/la-solidarite\/","og_locale":"fr_FR","og_type":"article","og_title":"La solidarit\u00e9 - Ax Pour Tous","og_description":"La solidarit\u00e9 Le CCAS : un engagement de solidarit\u00e9 que nous assumons \u00c0 Ax-les-Thermes, le Centre Communal d\u2019Action Sociale (CCAS) est un outil essentiel de solidarit\u00e9 locale. Il agit au plus pr\u00e8s des habitants pour soutenir les personnes les plus fragiles, accompagner les parcours de vie et garantir l\u2019acc\u00e8s aux droits. Depuis 2015, le CCAS [&hellip;]","og_url":"https:\/\/www.axpourtous.fr\/index.php\/la-solidarite\/","og_site_name":"Ax Pour Tous","article_modified_time":"2026-02-09T10:21:50+00:00","twitter_card":"summary_large_image","twitter_misc":{"Dur\u00e9e de lecture estim\u00e9e":"3 minutes"},"schema":{"@context":"https:\/\/schema.org","@graph":[{"@type":"WebPage","@id":"https:\/\/www.axpourtous.fr\/index.php\/la-solidarite\/","url":"https:\/\/www.axpourtous.fr\/index.php\/la-solidarite\/","name":"La solidarit\u00e9 - Ax Pour Tous","isPartOf":{"@id":"https:\/\/www.axpourtous.fr\/#website"},"datePublished":"2026-02-09T10:18:23+00:00","dateModified":"2026-02-09T10:21:50+00:00","breadcrumb":{"@id":"https:\/\/www.axpourtous.fr\/index.php\/la-solidarite\/#breadcrumb"},"inLanguage":"fr-FR","potentialAction":[{"@type":"ReadAction","target":["https:\/\/www.axpourtous.fr\/index.php\/la-solidarite\/"]}]},{"@type":"BreadcrumbList","@id":"https:\/\/www.axpourtous.fr\/index.php\/la-solidarite\/#breadcrumb","itemListElement":[{"@type":"ListItem","position":1,"name":"Accueil","item":"https:\/\/www.axpourtous.fr\/"},{"@type":"ListItem","position":2,"name":"La solidarit\u00e9"}]},{"@type":"WebSite","@id":"https:\/\/www.axpourtous.fr\/#website","url":"https:\/\/www.axpourtous.fr\/","name":"Ax Pour Tous","description":"Ax Pour Tous - Partageons Demain","publisher":{"@id":"https:\/\/www.axpourtous.fr\/#organization"},"potentialAction":[{"@type":"SearchAction","target":{"@type":"EntryPoint","urlTemplate":"https:\/\/www.axpourtous.fr\/?s={search_term_string}"},"query-input":{"@type":"PropertyValueSpecification","valueRequired":true,"valueName":"search_term_string"}}],"inLanguage":"fr-FR"},{"@type":"Organization","@id":"https:\/\/www.axpourtous.fr\/#organization","name":"Ax Pour Tous","url":"https:\/\/www.axpourtous.fr\/","logo":{"@type":"ImageObject","inLanguage":"fr-FR","@id":"https:\/\/www.axpourtous.fr\/#\/schema\/logo\/image\/","url":"https:\/\/www.axpourtous.fr\/wp-content\/uploads\/2026\/01\/cropped-Logo-Ax-pour-tous-1.jpg","contentUrl":"https:\/\/www.axpourtous.fr\/wp-content\/uploads\/2026\/01\/cropped-Logo-Ax-pour-tous-1.jpg","width":582,"height":271,"caption":"Ax Pour Tous"},"image":{"@id":"https:\/\/www.axpourtous.fr\/#\/schema\/logo\/image\/"}}]}},"_links":{"self":[{"href":"https:\/\/www.axpourtous.fr\/index.php\/wp-json\/wp\/v2\/pages\/1952","targetHints":{"allow":["GET"]}}],"collection":[{"href":"https:\/\/www.axpourtous.fr\/index.php\/wp-json\/wp\/v2\/pages"}],"about":[{"href":"https:\/\/www.axpourtous.fr\/index.php\/wp-json\/wp\/v2\/types\/page"}],"author":[{"embeddable":true,"href":"https:\/\/www.axpourtous.fr\/index.php\/wp-json\/wp\/v2\/users\/1"}],"replies":[{"embeddable":true,"href":"https:\/\/www.axpourtous.fr\/index.php\/wp-json\/wp\/v2\/comments?post=1952"}],"version-history":[{"count":10,"href":"https:\/\/www.axpourtous.fr\/index.php\/wp-json\/wp\/v2\/pages\/1952\/revisions"}],"predecessor-version":[{"id":1962,"href":"https:\/\/www.axpourtous.fr\/index.php\/wp-json\/wp\/v2\/pages\/1952\/revisions\/1962"}],"wp:attachment":[{"href":"https:\/\/www.axpourtous.fr\/index.php\/wp-json\/wp\/v2\/media?parent=1952"}],"curies":[{"name":"wp","href":"https:\/\/api.w.org\/{rel}","templated":true}]}}