{"id":1920,"date":"2026-02-09T08:44:37","date_gmt":"2026-02-09T08:44:37","guid":{"rendered":"https:\/\/www.axpourtous.fr\/?page_id=1920"},"modified":"2026-02-20T15:58:05","modified_gmt":"2026-02-20T15:58:05","slug":"geraldine-gau-et-dominique-tavera","status":"publish","type":"page","link":"https:\/\/www.axpourtous.fr\/index.php\/geraldine-gau-et-dominique-tavera\/","title":{"rendered":"G\u00e9raldine GAU et Dominique TAVERA"},"content":{"rendered":"\t\t<div data-elementor-type=\"wp-page\" data-elementor-id=\"1920\" class=\"elementor elementor-1920\">\n\t\t\t\t<div class=\"elementor-element elementor-element-dcb2831 e-flex e-con-boxed e-con e-parent\" data-id=\"dcb2831\" data-element_type=\"container\" data-e-type=\"container\">\n\t\t\t\t\t<div class=\"e-con-inner\">\n\t\t<div class=\"elementor-element elementor-element-e0f17fd e-con-full e-flex e-con e-child\" data-id=\"e0f17fd\" data-element_type=\"container\" data-e-type=\"container\">\n\t\t<div class=\"elementor-element elementor-element-6b8eac1 e-con-full e-flex e-con e-child\" data-id=\"6b8eac1\" data-element_type=\"container\" data-e-type=\"container\">\n\t\t\t\t<div class=\"elementor-element elementor-element-2d2efa3 elementor-widget elementor-widget-image\" data-id=\"2d2efa3\" data-element_type=\"widget\" data-e-type=\"widget\" data-widget_type=\"image.default\">\n\t\t\t\t\t\t\t\t\t\t\t\t\t\t\t<img fetchpriority=\"high\" decoding=\"async\" width=\"333\" height=\"500\" src=\"https:\/\/www.axpourtous.fr\/wp-content\/uploads\/2026\/01\/Geraldine-GAU.jpg\" class=\"attachment-large size-large wp-image-854\" alt=\"G\u00e9raldine GAU\" srcset=\"https:\/\/www.axpourtous.fr\/wp-content\/uploads\/2026\/01\/Geraldine-GAU.jpg 333w, https:\/\/www.axpourtous.fr\/wp-content\/uploads\/2026\/01\/Geraldine-GAU-200x300.jpg 200w\" sizes=\"(max-width: 333px) 100vw, 333px\" \/>\t\t\t\t\t\t\t\t\t\t\t\t\t\t\t<\/div>\n\t\t\t\t<\/div>\n\t\t<div class=\"elementor-element elementor-element-060d228 e-con-full e-flex e-con e-child\" data-id=\"060d228\" data-element_type=\"container\" data-e-type=\"container\">\n\t\t\t\t<div class=\"elementor-element elementor-element-7b845ec elementor-widget elementor-widget-text-editor\" data-id=\"7b845ec\" data-element_type=\"widget\" data-e-type=\"widget\" data-widget_type=\"text-editor.default\">\n\t\t\t\t\t\t\t\t\t<p><strong>G\u00e9raldine GAU<\/strong><\/p><p>J\u2019ai 52 ans et suis n\u00e9e \u00e0 B\u00e9ziers<\/p><p>Je viens \u00e0 Ax et plus particuli\u00e8rement \u00e0 Bonascre depuis mon plus jeune \u00e2ge. Mes parents y tenaient un magasin l\u2019hiver et nous sommes venus nous y installer d\u00e9finitivement en 1984. Coll\u00e9gienne \u00e0 Ax, lyc\u00e9enne \u00e0 Foix, j\u2019ai v\u00e9cu \u00e0 Bonascre, \u00e0 Ruffat ou encore au Parc d\u2019Espagne. J\u2019ai \u00e9lev\u00e9 ma fille qui a maintenant 20 ans dans cet environnement privil\u00e9gi\u00e9, entour\u00e9e de ma famille et de mes amis et je tiens un snack\u00a0\u00e0 Bonascre pendant les saisons tout en \u00e9tant assistante maternelle le reste de l\u2019ann\u00e9e.<\/p><p>Adepte du t\u00e9l\u00e9mark et de l\u2019escalade, je suis pr\u00e9sidente du Margouill\u2019Ax, le club d\u2019escalade qui a succ\u00e9d\u00e9 \u00e0 l\u2019AMA (montagnards ax\u00e9ens) et pr\u00e9sidente du comit\u00e9 d\u00e9partemental d\u2019escalade de l\u2019Ari\u00e8ge.<\/p><p>Elue depuis 2014, repr\u00e9sentante de la municipalit\u00e9 dans les \u00e9coles et au coll\u00e8ge, je si\u00e8ge aussi au conseil d\u2019administration d\u2019Ax Animation. Partager autour de la musique, de la culture ou de la nourriture font partie de mes moteurs.<\/p><p>Profond\u00e9ment amoureuse de cette ville, je souhaite continuer \u00e0 m\u2019y investir, \u00e0 faire avancer les dossiers d\u00e9j\u00e0 initi\u00e9s lors du pr\u00e9c\u00e9dent mandat et lancer une nouvelle dynamique avec l\u2019\u00e9quipe qui accompagne Alain Pibouleau.<\/p>\t\t\t\t\t\t\t\t<\/div>\n\t\t\t\t<\/div>\n\t\t\t\t<\/div>\n\t\t\t\t\t<\/div>\n\t\t\t\t<\/div>\n\t\t<div class=\"elementor-element elementor-element-cc01b0a e-flex e-con-boxed e-con e-parent\" data-id=\"cc01b0a\" data-element_type=\"container\" data-e-type=\"container\">\n\t\t\t\t\t<div class=\"e-con-inner\">\n\t\t<div class=\"elementor-element elementor-element-24dde06 e-con-full e-flex e-con e-child\" data-id=\"24dde06\" data-element_type=\"container\" data-e-type=\"container\">\n\t\t<div class=\"elementor-element elementor-element-12923ba e-con-full e-flex e-con e-child\" data-id=\"12923ba\" data-element_type=\"container\" data-e-type=\"container\">\n\t\t\t\t<div class=\"elementor-element elementor-element-7b8eda5 elementor-widget elementor-widget-image\" data-id=\"7b8eda5\" data-element_type=\"widget\" data-e-type=\"widget\" data-widget_type=\"image.default\">\n\t\t\t\t\t\t\t\t\t\t\t\t\t\t\t<img decoding=\"async\" width=\"333\" height=\"500\" src=\"https:\/\/www.axpourtous.fr\/wp-content\/uploads\/2026\/01\/Dominique-TAVERA.jpg\" class=\"attachment-large size-large wp-image-853\" alt=\"Dominique TAVERA\" srcset=\"https:\/\/www.axpourtous.fr\/wp-content\/uploads\/2026\/01\/Dominique-TAVERA.jpg 333w, https:\/\/www.axpourtous.fr\/wp-content\/uploads\/2026\/01\/Dominique-TAVERA-200x300.jpg 200w\" sizes=\"(max-width: 333px) 100vw, 333px\" \/>\t\t\t\t\t\t\t\t\t\t\t\t\t\t\t<\/div>\n\t\t\t\t<\/div>\n\t\t<div class=\"elementor-element elementor-element-686797f e-con-full e-flex e-con e-child\" data-id=\"686797f\" data-element_type=\"container\" data-e-type=\"container\">\n\t\t\t\t<div class=\"elementor-element elementor-element-031faa3 elementor-widget elementor-widget-text-editor\" data-id=\"031faa3\" data-element_type=\"widget\" data-e-type=\"widget\" data-widget_type=\"text-editor.default\">\n\t\t\t\t\t\t\t\t\t<p><strong>Dominique TAVERA<\/strong><\/p><p>\u00c2g\u00e9 de 67 ans, ing\u00e9nieur \u00e9nerg\u00e9ticien de formation, dipl\u00f4m\u00e9 d\u2019un DESS Qualit\u00e9 des services \u00e9nerg\u00e9tiques, j\u2019ai achev\u00e9 ma carri\u00e8re, comme cadre sup\u00e9rieur, au sein de la Direction Immobilier Groupe (DIG) d\u2019EDF.<\/p><p>Tout au long de mon parcours professionnel, J\u2019ai exerc\u00e9 des responsabilit\u00e9s techniques et manag\u00e9riales, en pilotant des \u00e9quipes pluridisciplinaires et des projets complexes li\u00e9s \u00e0 l\u2019\u00e9nergie, au patrimoine et au service public.<\/p><p>Entre autres j\u2019ai r\u00e9alis\u00e9 de nombreux audits \u00e9nerg\u00e9tiques pour des collectivit\u00e9s locales, des sites industriels et de grands ensembles r\u00e9sidentiels, avec un suivi op\u00e9rationnel de l\u2019ex\u00e9cution des travaux (chauffage, CVC, \u00e9lectricit\u00e9, \u00e9nergies renouvelables). J\u2019ai \u00e9galement exerc\u00e9 au sein du cabinet Bernard, sp\u00e9cialis\u00e9 dans l\u2019audit \u00e9nerg\u00e9tique des mairies et collectivit\u00e9s, o\u00f9 j\u2019ai d\u00e9velopp\u00e9 une m\u00e9thode rigoureuse d\u2019analyse et de comparaison des donn\u00e9es afin d\u2019objectiver les enjeux et d\u2019\u00e9clairer la d\u00e9cision publique.<\/p><p>Parall\u00e8lement, j\u2019ai \u00e9t\u00e9 secr\u00e9taire du comit\u00e9 d\u2019entreprise de la DIG, membre du secr\u00e9tariat du Comit\u00e9 d\u2019Entreprise Europ\u00e9en (CEE) d\u2019EDF et membre du Comit\u00e9 de Suivi de la Responsabilit\u00e9 Sociale du groupe EDF (CDRS). Ces engagements m\u2019ont permis de construire une vision \u00e0 la fois europ\u00e9enne et mondiale des enjeux \u00e9nerg\u00e9tiques, sociaux et environnementaux, tout en restant attentif \u00e0 leurs impacts concrets sur les territoires.<\/p><p>Avec Agn\u00e8s, ma compagne, hongroise, docteur en droit et cadre du groupe \u00e9nerg\u00e9tique hongrois MVM, nous sommes tomb\u00e9s amoureux d\u2019Ax-les-Thermes il y a plus de quinze ans. Install\u00e9s \u00e0 Ax depuis quatre ans, j\u2019ai accept\u00e9 de rejoindre une liste que j\u2019ai trouv\u00e9e s\u00e9rieuse, comp\u00e9tente et responsable, convaincu par sa d\u00e9marche transparente, concr\u00e8te et r\u00e9aliste.<\/p><p>Aujourd\u2019hui, je souhaite mettre mon exp\u00e9rience, mes comp\u00e9tences et un regard ind\u00e9pendant au service d\u2019un collectif humain, engag\u00e9 et sans \u00e9tiquette politicienne marqu\u00e9e, mais fid\u00e8le au sens premier du mot politique : g\u00e9rer la cit\u00e9 au service de ses habitants.<\/p>\t\t\t\t\t\t\t\t<\/div>\n\t\t\t\t<\/div>\n\t\t\t\t<\/div>\n\t\t\t\t\t<\/div>\n\t\t\t\t<\/div>\n\t\t<div class=\"elementor-element elementor-element-e3a3a22 e-flex e-con-boxed e-con e-parent\" data-id=\"e3a3a22\" data-element_type=\"container\" data-e-type=\"container\">\n\t\t\t\t\t<div class=\"e-con-inner\">\n\t\t<div class=\"elementor-element elementor-element-f8fbed5 e-con-full e-flex e-con e-child\" data-id=\"f8fbed5\" data-element_type=\"container\" data-e-type=\"container\">\n\t\t\t\t<div class=\"elementor-element elementor-element-e6f0b1d elementor-widget elementor-widget-text-editor\" data-id=\"e6f0b1d\" data-element_type=\"widget\" data-e-type=\"widget\" data-widget_type=\"text-editor.default\">\n\t\t\t\t\t\t\t\t\t<p>Une question \u00e0 nous poser ?<\/p><p>Envoyez nous un mail \u00e0 <strong>axpourtous@gmail.com<\/strong> et nous vous r\u00e9pondrons au plus vite.<\/p>\t\t\t\t\t\t\t\t<\/div>\n\t\t\t\t<\/div>\n\t\t\t\t\t<\/div>\n\t\t\t\t<\/div>\n\t\t\t\t<\/div>\n\t\t","protected":false},"excerpt":{"rendered":"<p>G\u00e9raldine GAU J\u2019ai 52 ans et suis n\u00e9e \u00e0 B\u00e9ziers Je viens \u00e0 Ax et plus particuli\u00e8rement \u00e0 Bonascre depuis mon plus jeune \u00e2ge. Mes parents y tenaient un magasin l\u2019hiver et nous sommes venus nous y installer d\u00e9finitivement en 1984. Coll\u00e9gienne \u00e0 Ax, lyc\u00e9enne \u00e0 Foix, j\u2019ai v\u00e9cu \u00e0 Bonascre, \u00e0 Ruffat ou encore [&hellip;]<\/p>\n","protected":false},"author":1,"featured_media":0,"parent":0,"menu_order":0,"comment_status":"closed","ping_status":"closed","template":"","meta":{"_monsterinsights_skip_tracking":false,"_monsterinsights_sitenote_active":false,"_monsterinsights_sitenote_note":"","_monsterinsights_sitenote_category":0,"ocean_post_layout":"","ocean_both_sidebars_style":"","ocean_both_sidebars_content_width":0,"ocean_both_sidebars_sidebars_width":0,"ocean_sidebar":"","ocean_second_sidebar":"","ocean_disable_margins":"enable","ocean_add_body_class":"","ocean_shortcode_before_top_bar":"","ocean_shortcode_after_top_bar":"","ocean_shortcode_before_header":"","ocean_shortcode_after_header":"","ocean_has_shortcode":"","ocean_shortcode_after_title":"","ocean_shortcode_before_footer_widgets":"","ocean_shortcode_after_footer_widgets":"","ocean_shortcode_before_footer_bottom":"","ocean_shortcode_after_footer_bottom":"","ocean_display_top_bar":"default","ocean_display_header":"default","ocean_header_style":"","ocean_center_header_left_menu":"","ocean_custom_header_template":"","ocean_custom_logo":0,"ocean_custom_retina_logo":0,"ocean_custom_logo_max_width":0,"ocean_custom_logo_tablet_max_width":0,"ocean_custom_logo_mobile_max_width":0,"ocean_custom_logo_max_height":0,"ocean_custom_logo_tablet_max_height":0,"ocean_custom_logo_mobile_max_height":0,"ocean_header_custom_menu":"","ocean_menu_typo_font_family":"","ocean_menu_typo_font_subset":"","ocean_menu_typo_font_size":0,"ocean_menu_typo_font_size_tablet":0,"ocean_menu_typo_font_size_mobile":0,"ocean_menu_typo_font_size_unit":"px","ocean_menu_typo_font_weight":"","ocean_menu_typo_font_weight_tablet":"","ocean_menu_typo_font_weight_mobile":"","ocean_menu_typo_transform":"","ocean_menu_typo_transform_tablet":"","ocean_menu_typo_transform_mobile":"","ocean_menu_typo_line_height":0,"ocean_menu_typo_line_height_tablet":0,"ocean_menu_typo_line_height_mobile":0,"ocean_menu_typo_line_height_unit":"","ocean_menu_typo_spacing":0,"ocean_menu_typo_spacing_tablet":0,"ocean_menu_typo_spacing_mobile":0,"ocean_menu_typo_spacing_unit":"","ocean_menu_link_color":"","ocean_menu_link_color_hover":"","ocean_menu_link_color_active":"","ocean_menu_link_background":"","ocean_menu_link_hover_background":"","ocean_menu_link_active_background":"","ocean_menu_social_links_bg":"","ocean_menu_social_hover_links_bg":"","ocean_menu_social_links_color":"","ocean_menu_social_hover_links_color":"","ocean_disable_title":"default","ocean_disable_heading":"default","ocean_post_title":"","ocean_post_subheading":"","ocean_post_title_style":"","ocean_post_title_background_color":"","ocean_post_title_background":0,"ocean_post_title_bg_image_position":"","ocean_post_title_bg_image_attachment":"","ocean_post_title_bg_image_repeat":"","ocean_post_title_bg_image_size":"","ocean_post_title_height":0,"ocean_post_title_bg_overlay":0.5,"ocean_post_title_bg_overlay_color":"","ocean_disable_breadcrumbs":"default","ocean_breadcrumbs_color":"","ocean_breadcrumbs_separator_color":"","ocean_breadcrumbs_links_color":"","ocean_breadcrumbs_links_hover_color":"","ocean_display_footer_widgets":"default","ocean_display_footer_bottom":"default","ocean_custom_footer_template":"","footnotes":""},"class_list":["post-1920","page","type-page","status-publish","hentry","entry"],"yoast_head":"<!-- This site is optimized with the Yoast SEO plugin v27.0 - https:\/\/yoast.com\/product\/yoast-seo-wordpress\/ -->\n<title>G\u00e9raldine GAU et Dominique TAVERA - Ax Pour Tous<\/title>\n<meta name=\"robots\" content=\"index, follow, max-snippet:-1, max-image-preview:large, max-video-preview:-1\" \/>\n<link rel=\"canonical\" href=\"https:\/\/www.axpourtous.fr\/index.php\/geraldine-gau-et-dominique-tavera\/\" \/>\n<meta property=\"og:locale\" content=\"fr_FR\" \/>\n<meta property=\"og:type\" content=\"article\" \/>\n<meta property=\"og:title\" content=\"G\u00e9raldine GAU et Dominique TAVERA - Ax Pour Tous\" \/>\n<meta property=\"og:description\" content=\"G\u00e9raldine GAU J\u2019ai 52 ans et suis n\u00e9e \u00e0 B\u00e9ziers Je viens \u00e0 Ax et plus particuli\u00e8rement \u00e0 Bonascre depuis mon plus jeune \u00e2ge. Mes parents y tenaient un magasin l\u2019hiver et nous sommes venus nous y installer d\u00e9finitivement en 1984. Coll\u00e9gienne \u00e0 Ax, lyc\u00e9enne \u00e0 Foix, j\u2019ai v\u00e9cu \u00e0 Bonascre, \u00e0 Ruffat ou encore [&hellip;]\" \/>\n<meta property=\"og:url\" content=\"https:\/\/www.axpourtous.fr\/index.php\/geraldine-gau-et-dominique-tavera\/\" \/>\n<meta property=\"og:site_name\" content=\"Ax Pour Tous\" \/>\n<meta property=\"article:modified_time\" content=\"2026-02-20T15:58:05+00:00\" \/>\n<meta property=\"og:image\" content=\"https:\/\/www.axpourtous.fr\/wp-content\/uploads\/2026\/01\/Geraldine-GAU.jpg\" \/>\n\t<meta property=\"og:image:width\" content=\"333\" \/>\n\t<meta property=\"og:image:height\" content=\"500\" \/>\n\t<meta property=\"og:image:type\" content=\"image\/jpeg\" \/>\n<meta name=\"twitter:card\" content=\"summary_large_image\" \/>\n<meta name=\"twitter:label1\" content=\"Dur\u00e9e de lecture estim\u00e9e\" \/>\n\t<meta name=\"twitter:data1\" content=\"3 minutes\" \/>\n<script type=\"application\/ld+json\" class=\"yoast-schema-graph\">{\"@context\":\"https:\/\/schema.org\",\"@graph\":[{\"@type\":\"WebPage\",\"@id\":\"https:\/\/www.axpourtous.fr\/index.php\/geraldine-gau-et-dominique-tavera\/\",\"url\":\"https:\/\/www.axpourtous.fr\/index.php\/geraldine-gau-et-dominique-tavera\/\",\"name\":\"G\u00e9raldine GAU et Dominique TAVERA - Ax Pour Tous\",\"isPartOf\":{\"@id\":\"https:\/\/www.axpourtous.fr\/#website\"},\"primaryImageOfPage\":{\"@id\":\"https:\/\/www.axpourtous.fr\/index.php\/geraldine-gau-et-dominique-tavera\/#primaryimage\"},\"image\":{\"@id\":\"https:\/\/www.axpourtous.fr\/index.php\/geraldine-gau-et-dominique-tavera\/#primaryimage\"},\"thumbnailUrl\":\"https:\/\/www.axpourtous.fr\/wp-content\/uploads\/2026\/01\/Geraldine-GAU.jpg\",\"datePublished\":\"2026-02-09T08:44:37+00:00\",\"dateModified\":\"2026-02-20T15:58:05+00:00\",\"breadcrumb\":{\"@id\":\"https:\/\/www.axpourtous.fr\/index.php\/geraldine-gau-et-dominique-tavera\/#breadcrumb\"},\"inLanguage\":\"fr-FR\",\"potentialAction\":[{\"@type\":\"ReadAction\",\"target\":[\"https:\/\/www.axpourtous.fr\/index.php\/geraldine-gau-et-dominique-tavera\/\"]}]},{\"@type\":\"ImageObject\",\"inLanguage\":\"fr-FR\",\"@id\":\"https:\/\/www.axpourtous.fr\/index.php\/geraldine-gau-et-dominique-tavera\/#primaryimage\",\"url\":\"https:\/\/www.axpourtous.fr\/wp-content\/uploads\/2026\/01\/Geraldine-GAU.jpg\",\"contentUrl\":\"https:\/\/www.axpourtous.fr\/wp-content\/uploads\/2026\/01\/Geraldine-GAU.jpg\",\"width\":333,\"height\":500,\"caption\":\"G\u00e9raldine GAU\"},{\"@type\":\"BreadcrumbList\",\"@id\":\"https:\/\/www.axpourtous.fr\/index.php\/geraldine-gau-et-dominique-tavera\/#breadcrumb\",\"itemListElement\":[{\"@type\":\"ListItem\",\"position\":1,\"name\":\"Accueil\",\"item\":\"https:\/\/www.axpourtous.fr\/\"},{\"@type\":\"ListItem\",\"position\":2,\"name\":\"G\u00e9raldine GAU et Dominique TAVERA\"}]},{\"@type\":\"WebSite\",\"@id\":\"https:\/\/www.axpourtous.fr\/#website\",\"url\":\"https:\/\/www.axpourtous.fr\/\",\"name\":\"Ax Pour Tous\",\"description\":\"Ax Pour Tous - Partageons Demain\",\"publisher\":{\"@id\":\"https:\/\/www.axpourtous.fr\/#organization\"},\"potentialAction\":[{\"@type\":\"SearchAction\",\"target\":{\"@type\":\"EntryPoint\",\"urlTemplate\":\"https:\/\/www.axpourtous.fr\/?s={search_term_string}\"},\"query-input\":{\"@type\":\"PropertyValueSpecification\",\"valueRequired\":true,\"valueName\":\"search_term_string\"}}],\"inLanguage\":\"fr-FR\"},{\"@type\":\"Organization\",\"@id\":\"https:\/\/www.axpourtous.fr\/#organization\",\"name\":\"Ax Pour Tous\",\"url\":\"https:\/\/www.axpourtous.fr\/\",\"logo\":{\"@type\":\"ImageObject\",\"inLanguage\":\"fr-FR\",\"@id\":\"https:\/\/www.axpourtous.fr\/#\/schema\/logo\/image\/\",\"url\":\"https:\/\/www.axpourtous.fr\/wp-content\/uploads\/2026\/01\/cropped-Logo-Ax-pour-tous-1.jpg\",\"contentUrl\":\"https:\/\/www.axpourtous.fr\/wp-content\/uploads\/2026\/01\/cropped-Logo-Ax-pour-tous-1.jpg\",\"width\":582,\"height\":271,\"caption\":\"Ax Pour Tous\"},\"image\":{\"@id\":\"https:\/\/www.axpourtous.fr\/#\/schema\/logo\/image\/\"}}]}<\/script>\n<!-- \/ Yoast SEO plugin. -->","yoast_head_json":{"title":"G\u00e9raldine GAU et Dominique TAVERA - Ax Pour Tous","robots":{"index":"index","follow":"follow","max-snippet":"max-snippet:-1","max-image-preview":"max-image-preview:large","max-video-preview":"max-video-preview:-1"},"canonical":"https:\/\/www.axpourtous.fr\/index.php\/geraldine-gau-et-dominique-tavera\/","og_locale":"fr_FR","og_type":"article","og_title":"G\u00e9raldine GAU et Dominique TAVERA - Ax Pour Tous","og_description":"G\u00e9raldine GAU J\u2019ai 52 ans et suis n\u00e9e \u00e0 B\u00e9ziers Je viens \u00e0 Ax et plus particuli\u00e8rement \u00e0 Bonascre depuis mon plus jeune \u00e2ge. Mes parents y tenaient un magasin l\u2019hiver et nous sommes venus nous y installer d\u00e9finitivement en 1984. Coll\u00e9gienne \u00e0 Ax, lyc\u00e9enne \u00e0 Foix, j\u2019ai v\u00e9cu \u00e0 Bonascre, \u00e0 Ruffat ou encore [&hellip;]","og_url":"https:\/\/www.axpourtous.fr\/index.php\/geraldine-gau-et-dominique-tavera\/","og_site_name":"Ax Pour Tous","article_modified_time":"2026-02-20T15:58:05+00:00","og_image":[{"width":333,"height":500,"url":"https:\/\/www.axpourtous.fr\/wp-content\/uploads\/2026\/01\/Geraldine-GAU.jpg","type":"image\/jpeg"}],"twitter_card":"summary_large_image","twitter_misc":{"Dur\u00e9e de lecture estim\u00e9e":"3 minutes"},"schema":{"@context":"https:\/\/schema.org","@graph":[{"@type":"WebPage","@id":"https:\/\/www.axpourtous.fr\/index.php\/geraldine-gau-et-dominique-tavera\/","url":"https:\/\/www.axpourtous.fr\/index.php\/geraldine-gau-et-dominique-tavera\/","name":"G\u00e9raldine GAU et Dominique TAVERA - Ax Pour Tous","isPartOf":{"@id":"https:\/\/www.axpourtous.fr\/#website"},"primaryImageOfPage":{"@id":"https:\/\/www.axpourtous.fr\/index.php\/geraldine-gau-et-dominique-tavera\/#primaryimage"},"image":{"@id":"https:\/\/www.axpourtous.fr\/index.php\/geraldine-gau-et-dominique-tavera\/#primaryimage"},"thumbnailUrl":"https:\/\/www.axpourtous.fr\/wp-content\/uploads\/2026\/01\/Geraldine-GAU.jpg","datePublished":"2026-02-09T08:44:37+00:00","dateModified":"2026-02-20T15:58:05+00:00","breadcrumb":{"@id":"https:\/\/www.axpourtous.fr\/index.php\/geraldine-gau-et-dominique-tavera\/#breadcrumb"},"inLanguage":"fr-FR","potentialAction":[{"@type":"ReadAction","target":["https:\/\/www.axpourtous.fr\/index.php\/geraldine-gau-et-dominique-tavera\/"]}]},{"@type":"ImageObject","inLanguage":"fr-FR","@id":"https:\/\/www.axpourtous.fr\/index.php\/geraldine-gau-et-dominique-tavera\/#primaryimage","url":"https:\/\/www.axpourtous.fr\/wp-content\/uploads\/2026\/01\/Geraldine-GAU.jpg","contentUrl":"https:\/\/www.axpourtous.fr\/wp-content\/uploads\/2026\/01\/Geraldine-GAU.jpg","width":333,"height":500,"caption":"G\u00e9raldine GAU"},{"@type":"BreadcrumbList","@id":"https:\/\/www.axpourtous.fr\/index.php\/geraldine-gau-et-dominique-tavera\/#breadcrumb","itemListElement":[{"@type":"ListItem","position":1,"name":"Accueil","item":"https:\/\/www.axpourtous.fr\/"},{"@type":"ListItem","position":2,"name":"G\u00e9raldine GAU et Dominique TAVERA"}]},{"@type":"WebSite","@id":"https:\/\/www.axpourtous.fr\/#website","url":"https:\/\/www.axpourtous.fr\/","name":"Ax Pour Tous","description":"Ax Pour Tous - Partageons Demain","publisher":{"@id":"https:\/\/www.axpourtous.fr\/#organization"},"potentialAction":[{"@type":"SearchAction","target":{"@type":"EntryPoint","urlTemplate":"https:\/\/www.axpourtous.fr\/?s={search_term_string}"},"query-input":{"@type":"PropertyValueSpecification","valueRequired":true,"valueName":"search_term_string"}}],"inLanguage":"fr-FR"},{"@type":"Organization","@id":"https:\/\/www.axpourtous.fr\/#organization","name":"Ax Pour Tous","url":"https:\/\/www.axpourtous.fr\/","logo":{"@type":"ImageObject","inLanguage":"fr-FR","@id":"https:\/\/www.axpourtous.fr\/#\/schema\/logo\/image\/","url":"https:\/\/www.axpourtous.fr\/wp-content\/uploads\/2026\/01\/cropped-Logo-Ax-pour-tous-1.jpg","contentUrl":"https:\/\/www.axpourtous.fr\/wp-content\/uploads\/2026\/01\/cropped-Logo-Ax-pour-tous-1.jpg","width":582,"height":271,"caption":"Ax Pour Tous"},"image":{"@id":"https:\/\/www.axpourtous.fr\/#\/schema\/logo\/image\/"}}]}},"_links":{"self":[{"href":"https:\/\/www.axpourtous.fr\/index.php\/wp-json\/wp\/v2\/pages\/1920","targetHints":{"allow":["GET"]}}],"collection":[{"href":"https:\/\/www.axpourtous.fr\/index.php\/wp-json\/wp\/v2\/pages"}],"about":[{"href":"https:\/\/www.axpourtous.fr\/index.php\/wp-json\/wp\/v2\/types\/page"}],"author":[{"embeddable":true,"href":"https:\/\/www.axpourtous.fr\/index.php\/wp-json\/wp\/v2\/users\/1"}],"replies":[{"embeddable":true,"href":"https:\/\/www.axpourtous.fr\/index.php\/wp-json\/wp\/v2\/comments?post=1920"}],"version-history":[{"count":10,"href":"https:\/\/www.axpourtous.fr\/index.php\/wp-json\/wp\/v2\/pages\/1920\/revisions"}],"predecessor-version":[{"id":2072,"href":"https:\/\/www.axpourtous.fr\/index.php\/wp-json\/wp\/v2\/pages\/1920\/revisions\/2072"}],"wp:attachment":[{"href":"https:\/\/www.axpourtous.fr\/index.php\/wp-json\/wp\/v2\/media?parent=1920"}],"curies":[{"name":"wp","href":"https:\/\/api.w.org\/{rel}","templated":true}]}}