{"id":1907,"date":"2026-02-09T08:37:40","date_gmt":"2026-02-09T08:37:40","guid":{"rendered":"https:\/\/www.axpourtous.fr\/?page_id=1907"},"modified":"2026-02-20T16:03:41","modified_gmt":"2026-02-20T16:03:41","slug":"odile-campos-et-bachir-kerroum","status":"publish","type":"page","link":"https:\/\/www.axpourtous.fr\/index.php\/odile-campos-et-bachir-kerroum\/","title":{"rendered":"Odile CAMPOS et Bachir KERROUM"},"content":{"rendered":"\t\t<div data-elementor-type=\"wp-page\" data-elementor-id=\"1907\" class=\"elementor elementor-1907\">\n\t\t\t\t<div class=\"elementor-element elementor-element-da87b9f e-flex e-con-boxed e-con e-parent\" data-id=\"da87b9f\" data-element_type=\"container\" data-e-type=\"container\">\n\t\t\t\t\t<div class=\"e-con-inner\">\n\t\t<div class=\"elementor-element elementor-element-ac7873b e-con-full e-flex e-con e-child\" data-id=\"ac7873b\" data-element_type=\"container\" data-e-type=\"container\">\n\t\t<div class=\"elementor-element elementor-element-6f1e9ff e-con-full e-flex e-con e-child\" data-id=\"6f1e9ff\" data-element_type=\"container\" data-e-type=\"container\">\n\t\t\t\t<div class=\"elementor-element elementor-element-f5839d5 elementor-widget elementor-widget-image\" data-id=\"f5839d5\" data-element_type=\"widget\" data-e-type=\"widget\" data-widget_type=\"image.default\">\n\t\t\t\t\t\t\t\t\t\t\t\t\t\t\t<img fetchpriority=\"high\" decoding=\"async\" width=\"333\" height=\"500\" src=\"https:\/\/www.axpourtous.fr\/wp-content\/uploads\/2026\/01\/Odile-CAMPOS.jpg\" class=\"attachment-large size-large wp-image-860\" alt=\"Odile CAMPOS\" srcset=\"https:\/\/www.axpourtous.fr\/wp-content\/uploads\/2026\/01\/Odile-CAMPOS.jpg 333w, https:\/\/www.axpourtous.fr\/wp-content\/uploads\/2026\/01\/Odile-CAMPOS-200x300.jpg 200w\" sizes=\"(max-width: 333px) 100vw, 333px\" \/>\t\t\t\t\t\t\t\t\t\t\t\t\t\t\t<\/div>\n\t\t\t\t<\/div>\n\t\t<div class=\"elementor-element elementor-element-e30088e e-con-full e-flex e-con e-child\" data-id=\"e30088e\" data-element_type=\"container\" data-e-type=\"container\">\n\t\t\t\t<div class=\"elementor-element elementor-element-2f11c3d elementor-widget elementor-widget-text-editor\" data-id=\"2f11c3d\" data-element_type=\"widget\" data-e-type=\"widget\" data-widget_type=\"text-editor.default\">\n\t\t\t\t\t\t\t\t\t<p><strong>Odile CAMPOS<\/strong><\/p><p>N\u00e9e en Bourgogne, mari\u00e9e \u00e0 un Ax\u00e9en et m\u00e8re d\u2019un enfant, je suis install\u00e9e \u00e0 Ax Les Thermes depuis de nombreuses ann\u00e9es, j\u2019y ai construit ma vie personnelle, familiale et professionnelle, en d\u00e9veloppant un attachement profond \u00e0 notre commune et \u00e0 ses habitants.<\/p><p>J\u2019ai exerc\u00e9 une grande partie de ma carri\u00e8re \u00e0 l\u2019h\u00f4pital d\u2019Ax Les Thermes, au service de la population et du territoire. Cette exp\u00e9rience m\u2019a permis d\u2019acqu\u00e9rir une connaissance concr\u00e8te des r\u00e9alit\u00e9s humaines, sociales et institutionnelles, ainsi qu\u2019un sens aigu de l\u2019\u00e9coute, de la responsabilit\u00e9 et du travail collectif. Aujourd\u2019hui retrait\u00e9e, je souhaite continuer de m\u2019investir autrement, en mettant mon temps, mon exp\u00e9rience et mon \u00e9nergie au service de l\u2019int\u00e9r\u00eat g\u00e9n\u00e9ral.<\/p><p>Ax Les Thermes est une commune \u00e0 l\u2019identit\u00e9 forte, \u00e0 la fois thermale, montagnarde et humaine, qui m\u00e9rite un engagement constant et une vision \u00e9quilibr\u00e9e de son d\u00e9veloppement. Pratiquant la randonn\u00e9e et le v\u00e9lo l\u2019\u00e9t\u00e9, le ski et les raquettes l\u2019hiver, je vis notre territoire au quotidien et mesure pleinement les enjeux li\u00e9s \u00e0 la qualit\u00e9 de vie, \u00e0 l\u2019environnement et \u00e0 l\u2019attractivit\u00e9 de la commune.<\/p><p>Anim\u00e9 par les valeurs d\u2019humanisme, de pragmatisme et de solidarit\u00e9, je crois en une action publique fond\u00e9e sur l\u2019\u00e9coute, le dialogue et la proximit\u00e9 avec les citoyens.<\/p><p>C\u2019est avec cet \u00e9tat d\u2019esprit que j\u2019ai d\u00e9cid\u00e9 de m\u2019engager au service des Ax\u00e9ennes et des Ax\u00e9ens, afin de contribuer de mani\u00e8re constructive, responsable et durable \u00e0 l\u2019avenir d\u2019Ax Les Thermes, dans le respect de son identit\u00e9, de ses habitants et des g\u00e9n\u00e9rations futures.<\/p>\t\t\t\t\t\t\t\t<\/div>\n\t\t\t\t<\/div>\n\t\t\t\t<\/div>\n\t\t\t\t\t<\/div>\n\t\t\t\t<\/div>\n\t\t<div class=\"elementor-element elementor-element-be1e656 e-flex e-con-boxed e-con e-parent\" data-id=\"be1e656\" data-element_type=\"container\" data-e-type=\"container\">\n\t\t\t\t\t<div class=\"e-con-inner\">\n\t\t<div class=\"elementor-element elementor-element-7a29673 e-con-full e-flex e-con e-child\" data-id=\"7a29673\" data-element_type=\"container\" data-e-type=\"container\">\n\t\t<div class=\"elementor-element elementor-element-f4be269 e-con-full e-flex e-con e-child\" data-id=\"f4be269\" data-element_type=\"container\" data-e-type=\"container\">\n\t\t\t\t<div class=\"elementor-element elementor-element-fae8cd0 elementor-widget elementor-widget-image\" data-id=\"fae8cd0\" data-element_type=\"widget\" data-e-type=\"widget\" data-widget_type=\"image.default\">\n\t\t\t\t\t\t\t\t\t\t\t\t\t\t\t<img decoding=\"async\" width=\"333\" height=\"500\" src=\"https:\/\/www.axpourtous.fr\/wp-content\/uploads\/2026\/01\/Bachir-KERROUM.jpg\" class=\"attachment-large size-large wp-image-850\" alt=\"Bachir KERROUM\" srcset=\"https:\/\/www.axpourtous.fr\/wp-content\/uploads\/2026\/01\/Bachir-KERROUM.jpg 333w, https:\/\/www.axpourtous.fr\/wp-content\/uploads\/2026\/01\/Bachir-KERROUM-200x300.jpg 200w\" sizes=\"(max-width: 333px) 100vw, 333px\" \/>\t\t\t\t\t\t\t\t\t\t\t\t\t\t\t<\/div>\n\t\t\t\t<\/div>\n\t\t<div class=\"elementor-element elementor-element-7bb6b8e e-con-full e-flex e-con e-child\" data-id=\"7bb6b8e\" data-element_type=\"container\" data-e-type=\"container\">\n\t\t\t\t<div class=\"elementor-element elementor-element-423de47 elementor-widget elementor-widget-text-editor\" data-id=\"423de47\" data-element_type=\"widget\" data-e-type=\"widget\" data-widget_type=\"text-editor.default\">\n\t\t\t\t\t\t\t\t\t<p><strong>Bachir KERROUM<\/strong><\/p><p>Ag\u00e9 de 28 ans, je suis originaire d\u2019Ax-les-Thermes o\u00f9 j\u2019ai grandi et ai suivi toute ma scolarit\u00e9. Je travaille actuellement \u00e0 la pharmacie d\u2019Ax, un m\u00e9tier qui me permet de rester proche des habitants, de comprendre leurs besoins et d\u2019\u00eatre au c\u0153ur de la vie locale.<\/p><p>Ma famille est profond\u00e9ment attach\u00e9e \u00e0 Ax-les-Thermes. Mon p\u00e8re a \u00e9t\u00e9 g\u00e9rant d\u2019une soci\u00e9t\u00e9 de mat\u00e9riaux, avant de cr\u00e9er, avec ma m\u00e8re, un restaurant situ\u00e9 rue de l\u2019Horloge, qui est devenu un lieu de rencontre et de convivialit\u00e9 pour de nombreux habitants. Ma m\u00e8re est \u00e9galement b\u00e9n\u00e9vole aux Restos du C\u0153ur, ce qui m\u2019a transmis tr\u00e8s t\u00f4t des valeurs de solidarit\u00e9 et d\u2019engagement envers les autres.<\/p><p>Je me suis mari\u00e9 en octobre dernier, et ma femme a choisi de s\u2019installer \u00e0 Ax, o\u00f9 elle est rapidement tomb\u00e9e amoureuse de cette ville, ce qui renforce encore mon attachement personnel et familial \u00e0 notre commune.<\/p><p>Dans cet esprit, je me suis investi au sein de plusieurs associations locales, notamment celles destin\u00e9es aux jeunes, o\u00f9 j\u2019ai particip\u00e9 \u00e0 l\u2019organisation d\u2019\u00e9v\u00e9nements sportifs, de soir\u00e9es conviviales, de lotos, et de projets favorisant l\u2019\u00e9panouissement des jeunes. J\u2019ai \u00e9galement \u00e9t\u00e9 membre de diff\u00e9rentes associations sportives locales, pratiquant le karat\u00e9, le handball, le football, et je pratique r\u00e9guli\u00e8rement le ski, activit\u00e9 embl\u00e9matique de notre r\u00e9gion.<\/p><p>Ces exp\u00e9riences m\u2019ont permis de d\u00e9velopper des qualit\u00e9s d\u2019engagement, de partage, d\u2019organisation et d\u2019esprit d\u2019\u00e9quipe, que je souhaite mettre au service de la commune et de ses habitants. Mon objectif est de contribuer activement \u00e0 la vie locale, soutenir les initiatives associatives et culturelles, et participer au renforcement du lien social et communautaire \u00e0 Ax-les-Thermes, une ville qui repr\u00e9sente pour moi un v\u00e9ritable foyer.<\/p>\t\t\t\t\t\t\t\t<\/div>\n\t\t\t\t<\/div>\n\t\t\t\t<\/div>\n\t\t\t\t\t<\/div>\n\t\t\t\t<\/div>\n\t\t<div class=\"elementor-element elementor-element-270c3e7 e-flex e-con-boxed e-con e-parent\" data-id=\"270c3e7\" data-element_type=\"container\" data-e-type=\"container\">\n\t\t\t\t\t<div class=\"e-con-inner\">\n\t\t<div class=\"elementor-element elementor-element-ba9d860 e-con-full e-flex e-con e-child\" data-id=\"ba9d860\" data-element_type=\"container\" data-e-type=\"container\">\n\t\t\t\t<div class=\"elementor-element elementor-element-f961f9b elementor-widget elementor-widget-text-editor\" data-id=\"f961f9b\" data-element_type=\"widget\" data-e-type=\"widget\" data-widget_type=\"text-editor.default\">\n\t\t\t\t\t\t\t\t\t<p>Une question \u00e0 nous poser ?<\/p><p>Envoyez nous un mail \u00e0 <strong>axpourtous@gmail.com<\/strong> et nous vous r\u00e9pondrons au plus vite.<\/p>\t\t\t\t\t\t\t\t<\/div>\n\t\t\t\t<\/div>\n\t\t\t\t\t<\/div>\n\t\t\t\t<\/div>\n\t\t\t\t<\/div>\n\t\t","protected":false},"excerpt":{"rendered":"<p>Odile CAMPOS N\u00e9e en Bourgogne, mari\u00e9e \u00e0 un Ax\u00e9en et m\u00e8re d\u2019un enfant, je suis install\u00e9e \u00e0 Ax Les Thermes depuis de nombreuses ann\u00e9es, j\u2019y ai construit ma vie personnelle, familiale et professionnelle, en d\u00e9veloppant un attachement profond \u00e0 notre commune et \u00e0 ses habitants. J\u2019ai exerc\u00e9 une grande partie de ma carri\u00e8re \u00e0 l\u2019h\u00f4pital [&hellip;]<\/p>\n","protected":false},"author":1,"featured_media":0,"parent":0,"menu_order":0,"comment_status":"closed","ping_status":"closed","template":"","meta":{"_monsterinsights_skip_tracking":false,"_monsterinsights_sitenote_active":false,"_monsterinsights_sitenote_note":"","_monsterinsights_sitenote_category":0,"ocean_post_layout":"","ocean_both_sidebars_style":"","ocean_both_sidebars_content_width":0,"ocean_both_sidebars_sidebars_width":0,"ocean_sidebar":"","ocean_second_sidebar":"","ocean_disable_margins":"enable","ocean_add_body_class":"","ocean_shortcode_before_top_bar":"","ocean_shortcode_after_top_bar":"","ocean_shortcode_before_header":"","ocean_shortcode_after_header":"","ocean_has_shortcode":"","ocean_shortcode_after_title":"","ocean_shortcode_before_footer_widgets":"","ocean_shortcode_after_footer_widgets":"","ocean_shortcode_before_footer_bottom":"","ocean_shortcode_after_footer_bottom":"","ocean_display_top_bar":"default","ocean_display_header":"default","ocean_header_style":"","ocean_center_header_left_menu":"","ocean_custom_header_template":"","ocean_custom_logo":0,"ocean_custom_retina_logo":0,"ocean_custom_logo_max_width":0,"ocean_custom_logo_tablet_max_width":0,"ocean_custom_logo_mobile_max_width":0,"ocean_custom_logo_max_height":0,"ocean_custom_logo_tablet_max_height":0,"ocean_custom_logo_mobile_max_height":0,"ocean_header_custom_menu":"","ocean_menu_typo_font_family":"","ocean_menu_typo_font_subset":"","ocean_menu_typo_font_size":0,"ocean_menu_typo_font_size_tablet":0,"ocean_menu_typo_font_size_mobile":0,"ocean_menu_typo_font_size_unit":"px","ocean_menu_typo_font_weight":"","ocean_menu_typo_font_weight_tablet":"","ocean_menu_typo_font_weight_mobile":"","ocean_menu_typo_transform":"","ocean_menu_typo_transform_tablet":"","ocean_menu_typo_transform_mobile":"","ocean_menu_typo_line_height":0,"ocean_menu_typo_line_height_tablet":0,"ocean_menu_typo_line_height_mobile":0,"ocean_menu_typo_line_height_unit":"","ocean_menu_typo_spacing":0,"ocean_menu_typo_spacing_tablet":0,"ocean_menu_typo_spacing_mobile":0,"ocean_menu_typo_spacing_unit":"","ocean_menu_link_color":"","ocean_menu_link_color_hover":"","ocean_menu_link_color_active":"","ocean_menu_link_background":"","ocean_menu_link_hover_background":"","ocean_menu_link_active_background":"","ocean_menu_social_links_bg":"","ocean_menu_social_hover_links_bg":"","ocean_menu_social_links_color":"","ocean_menu_social_hover_links_color":"","ocean_disable_title":"default","ocean_disable_heading":"default","ocean_post_title":"","ocean_post_subheading":"","ocean_post_title_style":"","ocean_post_title_background_color":"","ocean_post_title_background":0,"ocean_post_title_bg_image_position":"","ocean_post_title_bg_image_attachment":"","ocean_post_title_bg_image_repeat":"","ocean_post_title_bg_image_size":"","ocean_post_title_height":0,"ocean_post_title_bg_overlay":0.5,"ocean_post_title_bg_overlay_color":"","ocean_disable_breadcrumbs":"default","ocean_breadcrumbs_color":"","ocean_breadcrumbs_separator_color":"","ocean_breadcrumbs_links_color":"","ocean_breadcrumbs_links_hover_color":"","ocean_display_footer_widgets":"default","ocean_display_footer_bottom":"default","ocean_custom_footer_template":"","footnotes":""},"class_list":["post-1907","page","type-page","status-publish","hentry","entry"],"yoast_head":"<!-- This site is optimized with the Yoast SEO plugin v27.0 - https:\/\/yoast.com\/product\/yoast-seo-wordpress\/ -->\n<title>Odile CAMPOS et Bachir KERROUM - Ax Pour Tous<\/title>\n<meta name=\"robots\" content=\"index, follow, max-snippet:-1, max-image-preview:large, max-video-preview:-1\" \/>\n<link rel=\"canonical\" href=\"https:\/\/www.axpourtous.fr\/index.php\/odile-campos-et-bachir-kerroum\/\" \/>\n<meta property=\"og:locale\" content=\"fr_FR\" \/>\n<meta property=\"og:type\" content=\"article\" \/>\n<meta property=\"og:title\" content=\"Odile CAMPOS et Bachir KERROUM - Ax Pour Tous\" \/>\n<meta property=\"og:description\" content=\"Odile CAMPOS N\u00e9e en Bourgogne, mari\u00e9e \u00e0 un Ax\u00e9en et m\u00e8re d\u2019un enfant, je suis install\u00e9e \u00e0 Ax Les Thermes depuis de nombreuses ann\u00e9es, j\u2019y ai construit ma vie personnelle, familiale et professionnelle, en d\u00e9veloppant un attachement profond \u00e0 notre commune et \u00e0 ses habitants. J\u2019ai exerc\u00e9 une grande partie de ma carri\u00e8re \u00e0 l\u2019h\u00f4pital [&hellip;]\" \/>\n<meta property=\"og:url\" content=\"https:\/\/www.axpourtous.fr\/index.php\/odile-campos-et-bachir-kerroum\/\" \/>\n<meta property=\"og:site_name\" content=\"Ax Pour Tous\" \/>\n<meta property=\"article:modified_time\" content=\"2026-02-20T16:03:41+00:00\" \/>\n<meta property=\"og:image\" content=\"https:\/\/www.axpourtous.fr\/wp-content\/uploads\/2026\/01\/Odile-CAMPOS.jpg\" \/>\n\t<meta property=\"og:image:width\" content=\"333\" \/>\n\t<meta property=\"og:image:height\" content=\"500\" \/>\n\t<meta property=\"og:image:type\" content=\"image\/jpeg\" \/>\n<meta name=\"twitter:card\" content=\"summary_large_image\" \/>\n<meta name=\"twitter:label1\" content=\"Dur\u00e9e de lecture estim\u00e9e\" \/>\n\t<meta name=\"twitter:data1\" content=\"3 minutes\" \/>\n<script type=\"application\/ld+json\" class=\"yoast-schema-graph\">{\"@context\":\"https:\/\/schema.org\",\"@graph\":[{\"@type\":\"WebPage\",\"@id\":\"https:\/\/www.axpourtous.fr\/index.php\/odile-campos-et-bachir-kerroum\/\",\"url\":\"https:\/\/www.axpourtous.fr\/index.php\/odile-campos-et-bachir-kerroum\/\",\"name\":\"Odile CAMPOS et Bachir KERROUM - Ax Pour Tous\",\"isPartOf\":{\"@id\":\"https:\/\/www.axpourtous.fr\/#website\"},\"primaryImageOfPage\":{\"@id\":\"https:\/\/www.axpourtous.fr\/index.php\/odile-campos-et-bachir-kerroum\/#primaryimage\"},\"image\":{\"@id\":\"https:\/\/www.axpourtous.fr\/index.php\/odile-campos-et-bachir-kerroum\/#primaryimage\"},\"thumbnailUrl\":\"https:\/\/www.axpourtous.fr\/wp-content\/uploads\/2026\/01\/Odile-CAMPOS.jpg\",\"datePublished\":\"2026-02-09T08:37:40+00:00\",\"dateModified\":\"2026-02-20T16:03:41+00:00\",\"breadcrumb\":{\"@id\":\"https:\/\/www.axpourtous.fr\/index.php\/odile-campos-et-bachir-kerroum\/#breadcrumb\"},\"inLanguage\":\"fr-FR\",\"potentialAction\":[{\"@type\":\"ReadAction\",\"target\":[\"https:\/\/www.axpourtous.fr\/index.php\/odile-campos-et-bachir-kerroum\/\"]}]},{\"@type\":\"ImageObject\",\"inLanguage\":\"fr-FR\",\"@id\":\"https:\/\/www.axpourtous.fr\/index.php\/odile-campos-et-bachir-kerroum\/#primaryimage\",\"url\":\"https:\/\/www.axpourtous.fr\/wp-content\/uploads\/2026\/01\/Odile-CAMPOS.jpg\",\"contentUrl\":\"https:\/\/www.axpourtous.fr\/wp-content\/uploads\/2026\/01\/Odile-CAMPOS.jpg\",\"width\":333,\"height\":500,\"caption\":\"Odile CAMPOS\"},{\"@type\":\"BreadcrumbList\",\"@id\":\"https:\/\/www.axpourtous.fr\/index.php\/odile-campos-et-bachir-kerroum\/#breadcrumb\",\"itemListElement\":[{\"@type\":\"ListItem\",\"position\":1,\"name\":\"Accueil\",\"item\":\"https:\/\/www.axpourtous.fr\/\"},{\"@type\":\"ListItem\",\"position\":2,\"name\":\"Odile CAMPOS et Bachir KERROUM\"}]},{\"@type\":\"WebSite\",\"@id\":\"https:\/\/www.axpourtous.fr\/#website\",\"url\":\"https:\/\/www.axpourtous.fr\/\",\"name\":\"Ax Pour Tous\",\"description\":\"Ax Pour Tous - Partageons Demain\",\"publisher\":{\"@id\":\"https:\/\/www.axpourtous.fr\/#organization\"},\"potentialAction\":[{\"@type\":\"SearchAction\",\"target\":{\"@type\":\"EntryPoint\",\"urlTemplate\":\"https:\/\/www.axpourtous.fr\/?s={search_term_string}\"},\"query-input\":{\"@type\":\"PropertyValueSpecification\",\"valueRequired\":true,\"valueName\":\"search_term_string\"}}],\"inLanguage\":\"fr-FR\"},{\"@type\":\"Organization\",\"@id\":\"https:\/\/www.axpourtous.fr\/#organization\",\"name\":\"Ax Pour Tous\",\"url\":\"https:\/\/www.axpourtous.fr\/\",\"logo\":{\"@type\":\"ImageObject\",\"inLanguage\":\"fr-FR\",\"@id\":\"https:\/\/www.axpourtous.fr\/#\/schema\/logo\/image\/\",\"url\":\"https:\/\/www.axpourtous.fr\/wp-content\/uploads\/2026\/01\/cropped-Logo-Ax-pour-tous-1.jpg\",\"contentUrl\":\"https:\/\/www.axpourtous.fr\/wp-content\/uploads\/2026\/01\/cropped-Logo-Ax-pour-tous-1.jpg\",\"width\":582,\"height\":271,\"caption\":\"Ax Pour Tous\"},\"image\":{\"@id\":\"https:\/\/www.axpourtous.fr\/#\/schema\/logo\/image\/\"}}]}<\/script>\n<!-- \/ Yoast SEO plugin. -->","yoast_head_json":{"title":"Odile CAMPOS et Bachir KERROUM - Ax Pour Tous","robots":{"index":"index","follow":"follow","max-snippet":"max-snippet:-1","max-image-preview":"max-image-preview:large","max-video-preview":"max-video-preview:-1"},"canonical":"https:\/\/www.axpourtous.fr\/index.php\/odile-campos-et-bachir-kerroum\/","og_locale":"fr_FR","og_type":"article","og_title":"Odile CAMPOS et Bachir KERROUM - Ax Pour Tous","og_description":"Odile CAMPOS N\u00e9e en Bourgogne, mari\u00e9e \u00e0 un Ax\u00e9en et m\u00e8re d\u2019un enfant, je suis install\u00e9e \u00e0 Ax Les Thermes depuis de nombreuses ann\u00e9es, j\u2019y ai construit ma vie personnelle, familiale et professionnelle, en d\u00e9veloppant un attachement profond \u00e0 notre commune et \u00e0 ses habitants. J\u2019ai exerc\u00e9 une grande partie de ma carri\u00e8re \u00e0 l\u2019h\u00f4pital [&hellip;]","og_url":"https:\/\/www.axpourtous.fr\/index.php\/odile-campos-et-bachir-kerroum\/","og_site_name":"Ax Pour Tous","article_modified_time":"2026-02-20T16:03:41+00:00","og_image":[{"width":333,"height":500,"url":"https:\/\/www.axpourtous.fr\/wp-content\/uploads\/2026\/01\/Odile-CAMPOS.jpg","type":"image\/jpeg"}],"twitter_card":"summary_large_image","twitter_misc":{"Dur\u00e9e de lecture estim\u00e9e":"3 minutes"},"schema":{"@context":"https:\/\/schema.org","@graph":[{"@type":"WebPage","@id":"https:\/\/www.axpourtous.fr\/index.php\/odile-campos-et-bachir-kerroum\/","url":"https:\/\/www.axpourtous.fr\/index.php\/odile-campos-et-bachir-kerroum\/","name":"Odile CAMPOS et Bachir KERROUM - Ax Pour Tous","isPartOf":{"@id":"https:\/\/www.axpourtous.fr\/#website"},"primaryImageOfPage":{"@id":"https:\/\/www.axpourtous.fr\/index.php\/odile-campos-et-bachir-kerroum\/#primaryimage"},"image":{"@id":"https:\/\/www.axpourtous.fr\/index.php\/odile-campos-et-bachir-kerroum\/#primaryimage"},"thumbnailUrl":"https:\/\/www.axpourtous.fr\/wp-content\/uploads\/2026\/01\/Odile-CAMPOS.jpg","datePublished":"2026-02-09T08:37:40+00:00","dateModified":"2026-02-20T16:03:41+00:00","breadcrumb":{"@id":"https:\/\/www.axpourtous.fr\/index.php\/odile-campos-et-bachir-kerroum\/#breadcrumb"},"inLanguage":"fr-FR","potentialAction":[{"@type":"ReadAction","target":["https:\/\/www.axpourtous.fr\/index.php\/odile-campos-et-bachir-kerroum\/"]}]},{"@type":"ImageObject","inLanguage":"fr-FR","@id":"https:\/\/www.axpourtous.fr\/index.php\/odile-campos-et-bachir-kerroum\/#primaryimage","url":"https:\/\/www.axpourtous.fr\/wp-content\/uploads\/2026\/01\/Odile-CAMPOS.jpg","contentUrl":"https:\/\/www.axpourtous.fr\/wp-content\/uploads\/2026\/01\/Odile-CAMPOS.jpg","width":333,"height":500,"caption":"Odile CAMPOS"},{"@type":"BreadcrumbList","@id":"https:\/\/www.axpourtous.fr\/index.php\/odile-campos-et-bachir-kerroum\/#breadcrumb","itemListElement":[{"@type":"ListItem","position":1,"name":"Accueil","item":"https:\/\/www.axpourtous.fr\/"},{"@type":"ListItem","position":2,"name":"Odile CAMPOS et Bachir KERROUM"}]},{"@type":"WebSite","@id":"https:\/\/www.axpourtous.fr\/#website","url":"https:\/\/www.axpourtous.fr\/","name":"Ax Pour Tous","description":"Ax Pour Tous - Partageons Demain","publisher":{"@id":"https:\/\/www.axpourtous.fr\/#organization"},"potentialAction":[{"@type":"SearchAction","target":{"@type":"EntryPoint","urlTemplate":"https:\/\/www.axpourtous.fr\/?s={search_term_string}"},"query-input":{"@type":"PropertyValueSpecification","valueRequired":true,"valueName":"search_term_string"}}],"inLanguage":"fr-FR"},{"@type":"Organization","@id":"https:\/\/www.axpourtous.fr\/#organization","name":"Ax Pour Tous","url":"https:\/\/www.axpourtous.fr\/","logo":{"@type":"ImageObject","inLanguage":"fr-FR","@id":"https:\/\/www.axpourtous.fr\/#\/schema\/logo\/image\/","url":"https:\/\/www.axpourtous.fr\/wp-content\/uploads\/2026\/01\/cropped-Logo-Ax-pour-tous-1.jpg","contentUrl":"https:\/\/www.axpourtous.fr\/wp-content\/uploads\/2026\/01\/cropped-Logo-Ax-pour-tous-1.jpg","width":582,"height":271,"caption":"Ax Pour Tous"},"image":{"@id":"https:\/\/www.axpourtous.fr\/#\/schema\/logo\/image\/"}}]}},"_links":{"self":[{"href":"https:\/\/www.axpourtous.fr\/index.php\/wp-json\/wp\/v2\/pages\/1907","targetHints":{"allow":["GET"]}}],"collection":[{"href":"https:\/\/www.axpourtous.fr\/index.php\/wp-json\/wp\/v2\/pages"}],"about":[{"href":"https:\/\/www.axpourtous.fr\/index.php\/wp-json\/wp\/v2\/types\/page"}],"author":[{"embeddable":true,"href":"https:\/\/www.axpourtous.fr\/index.php\/wp-json\/wp\/v2\/users\/1"}],"replies":[{"embeddable":true,"href":"https:\/\/www.axpourtous.fr\/index.php\/wp-json\/wp\/v2\/comments?post=1907"}],"version-history":[{"count":10,"href":"https:\/\/www.axpourtous.fr\/index.php\/wp-json\/wp\/v2\/pages\/1907\/revisions"}],"predecessor-version":[{"id":2096,"href":"https:\/\/www.axpourtous.fr\/index.php\/wp-json\/wp\/v2\/pages\/1907\/revisions\/2096"}],"wp:attachment":[{"href":"https:\/\/www.axpourtous.fr\/index.php\/wp-json\/wp\/v2\/media?parent=1907"}],"curies":[{"name":"wp","href":"https:\/\/api.w.org\/{rel}","templated":true}]}}