{"id":1839,"date":"2026-02-08T10:28:53","date_gmt":"2026-02-08T10:28:53","guid":{"rendered":"https:\/\/www.axpourtous.fr\/?page_id=1839"},"modified":"2026-02-08T10:30:09","modified_gmt":"2026-02-08T10:30:09","slug":"ax-terre-delevage","status":"publish","type":"page","link":"https:\/\/www.axpourtous.fr\/index.php\/ax-terre-delevage\/","title":{"rendered":"Ax terre d&rsquo;\u00e9levage"},"content":{"rendered":"\t\t<div data-elementor-type=\"wp-page\" data-elementor-id=\"1839\" class=\"elementor elementor-1839\">\n\t\t\t\t<div class=\"elementor-element elementor-element-cc8f0fa e-flex e-con-boxed e-con e-parent\" data-id=\"cc8f0fa\" data-element_type=\"container\" data-e-type=\"container\">\n\t\t\t\t\t<div class=\"e-con-inner\">\n\t\t<div class=\"elementor-element elementor-element-cfcaa7b e-con-full e-flex e-con e-child\" data-id=\"cfcaa7b\" data-element_type=\"container\" data-e-type=\"container\" data-settings=\"{&quot;background_background&quot;:&quot;classic&quot;}\">\n\t\t\t\t<div class=\"elementor-element elementor-element-80a58d4 elementor-widget elementor-widget-heading\" data-id=\"80a58d4\" data-element_type=\"widget\" data-e-type=\"widget\" data-widget_type=\"heading.default\">\n\t\t\t\t\t<h2 class=\"elementor-heading-title elementor-size-default\">Ax - Terre d'\u00e9levage et d'agriculture<\/h2>\t\t\t\t<\/div>\n\t\t\t\t<\/div>\n\t\t\t\t\t<\/div>\n\t\t\t\t<\/div>\n\t\t<div class=\"elementor-element elementor-element-eeccaf2 e-flex e-con-boxed e-con e-parent\" data-id=\"eeccaf2\" data-element_type=\"container\" data-e-type=\"container\">\n\t\t\t\t\t<div class=\"e-con-inner\">\n\t\t\t\t<div class=\"elementor-element elementor-element-466b217 elementor-widget elementor-widget-text-editor\" data-id=\"466b217\" data-element_type=\"widget\" data-e-type=\"widget\" data-widget_type=\"text-editor.default\">\n\t\t\t\t\t\t\t\t\t<p>Ax-les-Thermes a \u00e9t\u00e9 de tout temps une cit\u00e9 commerciale avec de nombreux \u00e9changes entre la Catalogne et l\u2019Espagne proches : d\u00e9p\u00f4t du sel espagnol de Cardona sous les Comtes de Foix, vente de mulets aux Espagnols \u2026.<br \/>Mais l\u2019\u00e9levage a toujours \u00e9t\u00e9 pr\u00e9sent : mont\u00e9e en estive des bovins vers le Capcir dans la vall\u00e9e du Galbe, transhumance des ovins vers les plaine de l\u2019Ebre sans oublier les grandes foires de mai et surtout celle du 14 septembre. La commune entretient ses 6 cabanes pastorales qui servent d\u2019abri aux gardiens(nes) des troupeaux.<br \/>On n\u2019oublie pas l\u2019agriculture, car d\u00e8s 1590 se cultivait \u00ab la pomme d\u2019Espagne \u00bb autre nom de la pomme de terre bien avant que Parmentier la popularise ver s 1780. Il existe le quartier de l\u2019Horte \u00e0 Entresserre dont les l\u00e9gumes \u00e9taient servis \u00e0 l\u2019hospice d\u2019Ax.<br \/>En 1972, la premi\u00e8re loi relative \u00e0 la mise en valeur pastorale des r\u00e9gions d\u2019\u00e9conomie montagnarde (Loi pastorale), a ainsi mis en oeuvre deux outils juridiques toujours tr\u00e8s utilis\u00e9s et \u201cmodernes\u201d : l\u2019association fonci\u00e8re pastorale (AFP) et le groupement pastoral (GP). Ces deux entit\u00e9s ayant pour finalit\u00e9 une gestion et une exploitation efficace du domaine pastoral afin de pr\u00e9server ce milieu.<br \/>L&rsquo;association fonci\u00e8re pastorale est un regroupement de propri\u00e9taires de terrains (priv\u00e9s ou publics) constitu\u00e9 sur un p\u00e9rim\u00e8tre agro pastoral. L\u2019AFP constitue un outil unique pour la gestion int\u00e9gr\u00e9e de l&rsquo;espace pastoral et forestier, mais aussi pour la gestion de l&rsquo;eau, de l&rsquo;environnement et de la fr\u00e9quentation touristique.<br \/>Le groupement pastoral est une structure d\u2019exploitation collective, r\u00e9unissant les \u00e9leveurs qui choisissent une gestion commune de leurs troupeaux.<br \/>Sur la commune existe l\u2019Association Fonci\u00e8re Pastorale d\u2019Ax Petches Les Bazerques autoris\u00e9e par arr\u00eat\u00e9 pr\u00e9fectoral, sur un p\u00e9rim\u00e8tre de 118 ha. Monsieur Manuel FRANCK s\u2019est install\u00e9 sur la commune en tant qu\u2019exploitant sur les terrains de l\u2019Association Fonci\u00e8re Pastorale d\u2019Ax Petches en 2011. En avril 2021, il s\u2019est associ\u00e9 avec Monsieur Julien BEITONE pour cr\u00e9er le Groupement Agricole d&rsquo;Exploitation en Commun (GAEC) de Petches. Le GAEC propose des cochons noirs et \u00e9l\u00e8ve des \u00e2nes pour des Le GAEC de Petches propose ses produits en vente directe.<br \/>Sur l\u2019estive du Saquet pacagent plus de 300 vaches et veaux de 5 \u00e9leveurs d\u2019un groupement pastoral de la Basse Ari\u00e8ge. Ce troupeau important entretient \u00e0 moindre frais les pistes de ski.<br \/>Un vent nouveau souffle sur l\u2019\u00e9levage et l\u2019agriculture.<br \/>Les randonneurs d\u00e9couvrent la vie sur les estives du Col de Joux et du Saquet. Sur ces secteurs r\u00e9sonnent tout l\u2019\u00e9t\u00e9 les cloches des vaches et des chevaux pour le bonheur de tous. Un plus pour la diversification d\u2019une montagne quatre saisons.<br \/>A la troisi\u00e8me Bazerque vient de s\u2019installer un \u00e9leveur caprin pour de l\u2019\u00e9levage et production de fromages.<br \/>Les ch\u00e8vres vont, ainsi participer \u00e0 l\u2019entretien des espaces ce qui devrait limiter la propagation des incendies.<br \/>A la Calmeraie va s\u2019implanter un \u00e9leveur de poules pondeuses et mara\u00eechage, sur les terrains r\u00e9cup\u00e9r\u00e9s de la succession Salette.<br \/>Une \u00e9leveuse est en train de se former pour une production de poulets pr\u00eats \u00e0 cuire (pac) et de chapons.<br \/>Sur la zone du Baou, un jeune passionn\u00e9 s\u2019est lanc\u00e9 dans l\u2019arboriculture : pommes, poires, cerises et p\u00eaches.<br \/>La municipalit\u00e9 est heureuse de ce renouveau agricole et fait le maximum pour aider ces producteurs qu\u2019on esp\u00e8re rencontrer un jour sur le Festival des Saveurs.<\/p>\t\t\t\t\t\t\t\t<\/div>\n\t\t\t\t\t<\/div>\n\t\t\t\t<\/div>\n\t\t\t\t<\/div>\n\t\t","protected":false},"excerpt":{"rendered":"<p>Ax &#8211; Terre d&rsquo;\u00e9levage et d&rsquo;agriculture Ax-les-Thermes a \u00e9t\u00e9 de tout temps une cit\u00e9 commerciale avec de nombreux \u00e9changes entre la Catalogne et l\u2019Espagne proches : d\u00e9p\u00f4t du sel espagnol de Cardona sous les Comtes de Foix, vente de mulets aux Espagnols \u2026.Mais l\u2019\u00e9levage a toujours \u00e9t\u00e9 pr\u00e9sent : mont\u00e9e en estive des bovins vers [&hellip;]<\/p>\n","protected":false},"author":1,"featured_media":0,"parent":0,"menu_order":0,"comment_status":"closed","ping_status":"closed","template":"","meta":{"_monsterinsights_skip_tracking":false,"_monsterinsights_sitenote_active":false,"_monsterinsights_sitenote_note":"","_monsterinsights_sitenote_category":0,"ocean_post_layout":"","ocean_both_sidebars_style":"","ocean_both_sidebars_content_width":0,"ocean_both_sidebars_sidebars_width":0,"ocean_sidebar":"","ocean_second_sidebar":"","ocean_disable_margins":"enable","ocean_add_body_class":"","ocean_shortcode_before_top_bar":"","ocean_shortcode_after_top_bar":"","ocean_shortcode_before_header":"","ocean_shortcode_after_header":"","ocean_has_shortcode":"","ocean_shortcode_after_title":"","ocean_shortcode_before_footer_widgets":"","ocean_shortcode_after_footer_widgets":"","ocean_shortcode_before_footer_bottom":"","ocean_shortcode_after_footer_bottom":"","ocean_display_top_bar":"default","ocean_display_header":"default","ocean_header_style":"","ocean_center_header_left_menu":"","ocean_custom_header_template":"","ocean_custom_logo":0,"ocean_custom_retina_logo":0,"ocean_custom_logo_max_width":0,"ocean_custom_logo_tablet_max_width":0,"ocean_custom_logo_mobile_max_width":0,"ocean_custom_logo_max_height":0,"ocean_custom_logo_tablet_max_height":0,"ocean_custom_logo_mobile_max_height":0,"ocean_header_custom_menu":"","ocean_menu_typo_font_family":"","ocean_menu_typo_font_subset":"","ocean_menu_typo_font_size":0,"ocean_menu_typo_font_size_tablet":0,"ocean_menu_typo_font_size_mobile":0,"ocean_menu_typo_font_size_unit":"px","ocean_menu_typo_font_weight":"","ocean_menu_typo_font_weight_tablet":"","ocean_menu_typo_font_weight_mobile":"","ocean_menu_typo_transform":"","ocean_menu_typo_transform_tablet":"","ocean_menu_typo_transform_mobile":"","ocean_menu_typo_line_height":0,"ocean_menu_typo_line_height_tablet":0,"ocean_menu_typo_line_height_mobile":0,"ocean_menu_typo_line_height_unit":"","ocean_menu_typo_spacing":0,"ocean_menu_typo_spacing_tablet":0,"ocean_menu_typo_spacing_mobile":0,"ocean_menu_typo_spacing_unit":"","ocean_menu_link_color":"","ocean_menu_link_color_hover":"","ocean_menu_link_color_active":"","ocean_menu_link_background":"","ocean_menu_link_hover_background":"","ocean_menu_link_active_background":"","ocean_menu_social_links_bg":"","ocean_menu_social_hover_links_bg":"","ocean_menu_social_links_color":"","ocean_menu_social_hover_links_color":"","ocean_disable_title":"default","ocean_disable_heading":"default","ocean_post_title":"","ocean_post_subheading":"","ocean_post_title_style":"","ocean_post_title_background_color":"","ocean_post_title_background":0,"ocean_post_title_bg_image_position":"","ocean_post_title_bg_image_attachment":"","ocean_post_title_bg_image_repeat":"","ocean_post_title_bg_image_size":"","ocean_post_title_height":0,"ocean_post_title_bg_overlay":0.5,"ocean_post_title_bg_overlay_color":"","ocean_disable_breadcrumbs":"default","ocean_breadcrumbs_color":"","ocean_breadcrumbs_separator_color":"","ocean_breadcrumbs_links_color":"","ocean_breadcrumbs_links_hover_color":"","ocean_display_footer_widgets":"default","ocean_display_footer_bottom":"default","ocean_custom_footer_template":"","footnotes":""},"class_list":["post-1839","page","type-page","status-publish","hentry","entry"],"yoast_head":"<!-- This site is optimized with the Yoast SEO plugin v27.0 - https:\/\/yoast.com\/product\/yoast-seo-wordpress\/ -->\n<title>Ax terre d&#039;\u00e9levage - Ax Pour Tous<\/title>\n<meta name=\"robots\" content=\"index, follow, max-snippet:-1, max-image-preview:large, max-video-preview:-1\" \/>\n<link rel=\"canonical\" href=\"https:\/\/www.axpourtous.fr\/index.php\/ax-terre-delevage\/\" \/>\n<meta property=\"og:locale\" content=\"fr_FR\" \/>\n<meta property=\"og:type\" content=\"article\" \/>\n<meta property=\"og:title\" content=\"Ax terre d&#039;\u00e9levage - Ax Pour Tous\" \/>\n<meta property=\"og:description\" content=\"Ax &#8211; Terre d&rsquo;\u00e9levage et d&rsquo;agriculture Ax-les-Thermes a \u00e9t\u00e9 de tout temps une cit\u00e9 commerciale avec de nombreux \u00e9changes entre la Catalogne et l\u2019Espagne proches : d\u00e9p\u00f4t du sel espagnol de Cardona sous les Comtes de Foix, vente de mulets aux Espagnols \u2026.Mais l\u2019\u00e9levage a toujours \u00e9t\u00e9 pr\u00e9sent : mont\u00e9e en estive des bovins vers [&hellip;]\" \/>\n<meta property=\"og:url\" content=\"https:\/\/www.axpourtous.fr\/index.php\/ax-terre-delevage\/\" \/>\n<meta property=\"og:site_name\" content=\"Ax Pour Tous\" \/>\n<meta property=\"article:modified_time\" content=\"2026-02-08T10:30:09+00:00\" \/>\n<meta name=\"twitter:card\" content=\"summary_large_image\" \/>\n<meta name=\"twitter:label1\" content=\"Dur\u00e9e de lecture estim\u00e9e\" \/>\n\t<meta name=\"twitter:data1\" content=\"3 minutes\" \/>\n<script type=\"application\/ld+json\" class=\"yoast-schema-graph\">{\"@context\":\"https:\/\/schema.org\",\"@graph\":[{\"@type\":\"WebPage\",\"@id\":\"https:\/\/www.axpourtous.fr\/index.php\/ax-terre-delevage\/\",\"url\":\"https:\/\/www.axpourtous.fr\/index.php\/ax-terre-delevage\/\",\"name\":\"Ax terre d'\u00e9levage - Ax Pour Tous\",\"isPartOf\":{\"@id\":\"https:\/\/www.axpourtous.fr\/#website\"},\"datePublished\":\"2026-02-08T10:28:53+00:00\",\"dateModified\":\"2026-02-08T10:30:09+00:00\",\"breadcrumb\":{\"@id\":\"https:\/\/www.axpourtous.fr\/index.php\/ax-terre-delevage\/#breadcrumb\"},\"inLanguage\":\"fr-FR\",\"potentialAction\":[{\"@type\":\"ReadAction\",\"target\":[\"https:\/\/www.axpourtous.fr\/index.php\/ax-terre-delevage\/\"]}]},{\"@type\":\"BreadcrumbList\",\"@id\":\"https:\/\/www.axpourtous.fr\/index.php\/ax-terre-delevage\/#breadcrumb\",\"itemListElement\":[{\"@type\":\"ListItem\",\"position\":1,\"name\":\"Accueil\",\"item\":\"https:\/\/www.axpourtous.fr\/\"},{\"@type\":\"ListItem\",\"position\":2,\"name\":\"Ax terre d&rsquo;\u00e9levage\"}]},{\"@type\":\"WebSite\",\"@id\":\"https:\/\/www.axpourtous.fr\/#website\",\"url\":\"https:\/\/www.axpourtous.fr\/\",\"name\":\"Ax Pour Tous\",\"description\":\"Ax Pour Tous - Partageons Demain\",\"publisher\":{\"@id\":\"https:\/\/www.axpourtous.fr\/#organization\"},\"potentialAction\":[{\"@type\":\"SearchAction\",\"target\":{\"@type\":\"EntryPoint\",\"urlTemplate\":\"https:\/\/www.axpourtous.fr\/?s={search_term_string}\"},\"query-input\":{\"@type\":\"PropertyValueSpecification\",\"valueRequired\":true,\"valueName\":\"search_term_string\"}}],\"inLanguage\":\"fr-FR\"},{\"@type\":\"Organization\",\"@id\":\"https:\/\/www.axpourtous.fr\/#organization\",\"name\":\"Ax Pour Tous\",\"url\":\"https:\/\/www.axpourtous.fr\/\",\"logo\":{\"@type\":\"ImageObject\",\"inLanguage\":\"fr-FR\",\"@id\":\"https:\/\/www.axpourtous.fr\/#\/schema\/logo\/image\/\",\"url\":\"https:\/\/www.axpourtous.fr\/wp-content\/uploads\/2026\/01\/cropped-Logo-Ax-pour-tous-1.jpg\",\"contentUrl\":\"https:\/\/www.axpourtous.fr\/wp-content\/uploads\/2026\/01\/cropped-Logo-Ax-pour-tous-1.jpg\",\"width\":582,\"height\":271,\"caption\":\"Ax Pour Tous\"},\"image\":{\"@id\":\"https:\/\/www.axpourtous.fr\/#\/schema\/logo\/image\/\"}}]}<\/script>\n<!-- \/ Yoast SEO plugin. -->","yoast_head_json":{"title":"Ax terre d'\u00e9levage - Ax Pour Tous","robots":{"index":"index","follow":"follow","max-snippet":"max-snippet:-1","max-image-preview":"max-image-preview:large","max-video-preview":"max-video-preview:-1"},"canonical":"https:\/\/www.axpourtous.fr\/index.php\/ax-terre-delevage\/","og_locale":"fr_FR","og_type":"article","og_title":"Ax terre d'\u00e9levage - Ax Pour Tous","og_description":"Ax &#8211; Terre d&rsquo;\u00e9levage et d&rsquo;agriculture Ax-les-Thermes a \u00e9t\u00e9 de tout temps une cit\u00e9 commerciale avec de nombreux \u00e9changes entre la Catalogne et l\u2019Espagne proches : d\u00e9p\u00f4t du sel espagnol de Cardona sous les Comtes de Foix, vente de mulets aux Espagnols \u2026.Mais l\u2019\u00e9levage a toujours \u00e9t\u00e9 pr\u00e9sent : mont\u00e9e en estive des bovins vers [&hellip;]","og_url":"https:\/\/www.axpourtous.fr\/index.php\/ax-terre-delevage\/","og_site_name":"Ax Pour Tous","article_modified_time":"2026-02-08T10:30:09+00:00","twitter_card":"summary_large_image","twitter_misc":{"Dur\u00e9e de lecture estim\u00e9e":"3 minutes"},"schema":{"@context":"https:\/\/schema.org","@graph":[{"@type":"WebPage","@id":"https:\/\/www.axpourtous.fr\/index.php\/ax-terre-delevage\/","url":"https:\/\/www.axpourtous.fr\/index.php\/ax-terre-delevage\/","name":"Ax terre d'\u00e9levage - Ax Pour Tous","isPartOf":{"@id":"https:\/\/www.axpourtous.fr\/#website"},"datePublished":"2026-02-08T10:28:53+00:00","dateModified":"2026-02-08T10:30:09+00:00","breadcrumb":{"@id":"https:\/\/www.axpourtous.fr\/index.php\/ax-terre-delevage\/#breadcrumb"},"inLanguage":"fr-FR","potentialAction":[{"@type":"ReadAction","target":["https:\/\/www.axpourtous.fr\/index.php\/ax-terre-delevage\/"]}]},{"@type":"BreadcrumbList","@id":"https:\/\/www.axpourtous.fr\/index.php\/ax-terre-delevage\/#breadcrumb","itemListElement":[{"@type":"ListItem","position":1,"name":"Accueil","item":"https:\/\/www.axpourtous.fr\/"},{"@type":"ListItem","position":2,"name":"Ax terre d&rsquo;\u00e9levage"}]},{"@type":"WebSite","@id":"https:\/\/www.axpourtous.fr\/#website","url":"https:\/\/www.axpourtous.fr\/","name":"Ax Pour Tous","description":"Ax Pour Tous - Partageons Demain","publisher":{"@id":"https:\/\/www.axpourtous.fr\/#organization"},"potentialAction":[{"@type":"SearchAction","target":{"@type":"EntryPoint","urlTemplate":"https:\/\/www.axpourtous.fr\/?s={search_term_string}"},"query-input":{"@type":"PropertyValueSpecification","valueRequired":true,"valueName":"search_term_string"}}],"inLanguage":"fr-FR"},{"@type":"Organization","@id":"https:\/\/www.axpourtous.fr\/#organization","name":"Ax Pour Tous","url":"https:\/\/www.axpourtous.fr\/","logo":{"@type":"ImageObject","inLanguage":"fr-FR","@id":"https:\/\/www.axpourtous.fr\/#\/schema\/logo\/image\/","url":"https:\/\/www.axpourtous.fr\/wp-content\/uploads\/2026\/01\/cropped-Logo-Ax-pour-tous-1.jpg","contentUrl":"https:\/\/www.axpourtous.fr\/wp-content\/uploads\/2026\/01\/cropped-Logo-Ax-pour-tous-1.jpg","width":582,"height":271,"caption":"Ax Pour Tous"},"image":{"@id":"https:\/\/www.axpourtous.fr\/#\/schema\/logo\/image\/"}}]}},"_links":{"self":[{"href":"https:\/\/www.axpourtous.fr\/index.php\/wp-json\/wp\/v2\/pages\/1839","targetHints":{"allow":["GET"]}}],"collection":[{"href":"https:\/\/www.axpourtous.fr\/index.php\/wp-json\/wp\/v2\/pages"}],"about":[{"href":"https:\/\/www.axpourtous.fr\/index.php\/wp-json\/wp\/v2\/types\/page"}],"author":[{"embeddable":true,"href":"https:\/\/www.axpourtous.fr\/index.php\/wp-json\/wp\/v2\/users\/1"}],"replies":[{"embeddable":true,"href":"https:\/\/www.axpourtous.fr\/index.php\/wp-json\/wp\/v2\/comments?post=1839"}],"version-history":[{"count":7,"href":"https:\/\/www.axpourtous.fr\/index.php\/wp-json\/wp\/v2\/pages\/1839\/revisions"}],"predecessor-version":[{"id":1846,"href":"https:\/\/www.axpourtous.fr\/index.php\/wp-json\/wp\/v2\/pages\/1839\/revisions\/1846"}],"wp:attachment":[{"href":"https:\/\/www.axpourtous.fr\/index.php\/wp-json\/wp\/v2\/media?parent=1839"}],"curies":[{"name":"wp","href":"https:\/\/api.w.org\/{rel}","templated":true}]}}