{"id":1827,"date":"2026-02-08T10:22:07","date_gmt":"2026-02-08T10:22:07","guid":{"rendered":"https:\/\/www.axpourtous.fr\/?page_id=1827"},"modified":"2026-02-08T10:27:06","modified_gmt":"2026-02-08T10:27:06","slug":"la-sante","status":"publish","type":"page","link":"https:\/\/www.axpourtous.fr\/index.php\/la-sante\/","title":{"rendered":"La sant\u00e9"},"content":{"rendered":"\t\t<div data-elementor-type=\"wp-page\" data-elementor-id=\"1827\" class=\"elementor elementor-1827\">\n\t\t\t\t<div class=\"elementor-element elementor-element-2acbcfe e-flex e-con-boxed e-con e-parent\" data-id=\"2acbcfe\" data-element_type=\"container\" data-e-type=\"container\" data-settings=\"{&quot;background_background&quot;:&quot;classic&quot;}\">\n\t\t\t\t\t<div class=\"e-con-inner\">\n\t\t<div class=\"elementor-element elementor-element-9e7125f e-con-full e-flex e-con e-child\" data-id=\"9e7125f\" data-element_type=\"container\" data-e-type=\"container\" data-settings=\"{&quot;background_background&quot;:&quot;classic&quot;}\">\n\t\t\t\t<div class=\"elementor-element elementor-element-ca3d502 elementor-widget elementor-widget-heading\" data-id=\"ca3d502\" data-element_type=\"widget\" data-e-type=\"widget\" data-widget_type=\"heading.default\">\n\t\t\t\t\t<h2 class=\"elementor-heading-title elementor-size-default\">Sant\u00e9<\/h2>\t\t\t\t<\/div>\n\t\t\t\t<\/div>\n\t\t\t\t\t<\/div>\n\t\t\t\t<\/div>\n\t\t<div class=\"elementor-element elementor-element-2dece1e e-flex e-con-boxed e-con e-parent\" data-id=\"2dece1e\" data-element_type=\"container\" data-e-type=\"container\">\n\t\t\t\t\t<div class=\"e-con-inner\">\n\t\t\t\t<div class=\"elementor-element elementor-element-d05a8ee elementor-widget elementor-widget-text-editor\" data-id=\"d05a8ee\" data-element_type=\"widget\" data-e-type=\"widget\" data-widget_type=\"text-editor.default\">\n\t\t\t\t\t\t\t\t\t<p><strong>Renforcer l\u2019offre de soins \u00e0 Ax-les-Thermes<\/strong><\/p><p>La commune d\u2019Ax-les-Thermes est tr\u00e8s pr\u00e9sente aupr\u00e8s de ses partenaires de sant\u00e9 pour renforcer et d\u00e9velopper l\u2019offre de soins sur le territoire.<\/p><p><strong>Le centre hospitalier Saint Louis, un h\u00f4pital de proximit\u00e9 au service des habitants<\/strong><\/p><p>Gr\u00e2ce \u00e0 l\u2019intervention du S\u00e9nateur Jean-Jacques Michau et \u00e0 la venue du Directeur g\u00e9n\u00e9ral de l\u2019ARS Occitanie, le Centre hospitalier Saint-Louis, pilier essentiel de l\u2019acc\u00e8s aux soins \u00e0 Ax-les-Thermes, a obtenu le <strong>label \u00ab H\u00f4pital de proximit\u00e9 \u00bb<\/strong>.<br \/>Cette reconnaissance permet l\u2019ouverture de <strong>dix lits de m\u00e9decine<\/strong> qui s&rsquo;adresseront directement aux <strong>besoins de la population locale<\/strong> et une <strong>dizaine d&#8217;emplois<\/strong> seront cr\u00e9\u00e9s.<br \/>Le label \u00ab H\u00f4pital de proximit\u00e9 \u00bb ouvre \u00e9galement des droits \u00e0 des financements d\u00e9di\u00e9s au d\u00e9veloppement des <strong>consultations externes<\/strong>.<br \/>Plusieurs sp\u00e9cialit\u00e9s sont d\u2019ores et d\u00e9j\u00e0 en place :<br \/>&#8211; gyn\u00e9cologie,<br \/>&#8211; p\u00e9diatrie,<br \/>&#8211; g\u00e9riatrie.<br \/>D\u2019autres viendront prochainement compl\u00e9ter cette offre, notamment la rhumatologie, et, \u00e0 court terme, nous l\u2019esp\u00e9rons, la cardiologie, contribuant ainsi \u00e0 am\u00e9liorer l\u2019\u00e9galit\u00e9 d\u2019acc\u00e8s aux soins.<\/p><p><strong>Lien social et qualit\u00e9 d\u2019accueil<\/strong><\/p><p>La cr\u00e9ation d\u2019un espace de type tiers-lieu est actuellement en cours au sein du centre hospitalier.<br \/>Ouvert \u00e9galement aux personnes ext\u00e9rieures (personnes \u00e2g\u00e9es, familles\u2026), il proposera des activit\u00e9s conviviales \u2013 ateliers, jeux et temps d\u2019\u00e9changes \u2013 visant \u00e0 favoriser le lien social interg\u00e9n\u00e9rationnel, en particulier au b\u00e9n\u00e9fice de nos a\u00een\u00e9(e)s vivant en institution au Centre hospitalier d\u2019Ax-les-Thermes.<br \/>Par ailleurs, la CCHA, avec le soutien de notre commune, a port\u00e9 des investissements importants, notamment l\u2019acquisition d\u2019\u00e9quipements de radiographie et d\u2019\u00e9chographie.<br \/>Des travaux viendront \u00e9galement am\u00e9liorer la qualit\u00e9 de l\u2019accueil et la prise en charge des patients.<\/p><p><strong>Un acc\u00e8s renforc\u00e9 aux soins sp\u00e9cialis\u00e9s<\/strong><\/p><p>Le recours aux m\u00e9decins sp\u00e9cialistes est d\u00e9sormais nettement am\u00e9lior\u00e9 gr\u00e2ce au soutien du label \u00ab H\u00f4pital de proximit\u00e9 \u00bb, qui permet au Centre hospitalier Saint-Louis de proposer un acc\u00e8s rapide et de qualit\u00e9 aux soins sp\u00e9cialis\u00e9s pour l\u2019ensemble de la population.<\/p><p><strong>Une offre de soins de ville soutenue<\/strong><\/p><p>Parall\u00e8lement, la commune soutient activement l\u2019offre de soins de ville.<br \/>La maison m\u00e9dicale accueille :<br \/>&#8211; deux m\u00e9decins : Madame Goubay et Madame Gaubert,<br \/>&#8211;\u00a0de nombreux professionnels param\u00e9dicaux : dentistes, kin\u00e9sith\u00e9rapeutes, infirmi\u00e8res, orthophoniste.<br \/>L\u2019offre m\u00e9dicale est \u00e9galement renforc\u00e9e par :<br \/>&#8211;\u00a0les m\u00e9decins de ville Docteurs Marques et Sasieta,<br \/>&#8211;\u00a0l\u2019activit\u00e9 m\u00e9dicale thermale avec les Docteurs Sablon et Grand-Claude,<br \/>&#8211;\u00a0le Docteur Yonela, m\u00e9decin salari\u00e9e au Grand T\u00e9tras.<\/p><p>\u00a0<\/p>\t\t\t\t\t\t\t\t<\/div>\n\t\t\t\t\t<\/div>\n\t\t\t\t<\/div>\n\t\t<div class=\"elementor-element elementor-element-8de51e0 e-flex e-con-boxed e-con e-parent\" data-id=\"8de51e0\" data-element_type=\"container\" data-e-type=\"container\">\n\t\t\t\t\t<div class=\"e-con-inner\">\n\t\t\t\t<div class=\"elementor-element elementor-element-fd027f2 elementor-widget elementor-widget-text-editor\" data-id=\"fd027f2\" data-element_type=\"widget\" data-e-type=\"widget\" data-widget_type=\"text-editor.default\">\n\t\t\t\t\t\t\t\t\t<p><strong>Un engagement communal fort, un choix politique clair :<\/strong><\/p><p><strong>D\u00e9fendre une m\u00e9decine de proximit\u00e9, renforcer l\u2019\u00e9galit\u00e9 d\u2019acc\u00e8s aux soins et maintenir un service public de sant\u00e9 fort au c\u0153ur de notre territoire au service de la vie sociale et de l\u2019int\u00e9r\u00eat g\u00e9n\u00e9ral.<\/strong><\/p>\t\t\t\t\t\t\t\t<\/div>\n\t\t\t\t\t<\/div>\n\t\t\t\t<\/div>\n\t\t\t\t<\/div>\n\t\t","protected":false},"excerpt":{"rendered":"<p>Sant\u00e9 Renforcer l\u2019offre de soins \u00e0 Ax-les-Thermes La commune d\u2019Ax-les-Thermes est tr\u00e8s pr\u00e9sente aupr\u00e8s de ses partenaires de sant\u00e9 pour renforcer et d\u00e9velopper l\u2019offre de soins sur le territoire. Le centre hospitalier Saint Louis, un h\u00f4pital de proximit\u00e9 au service des habitants Gr\u00e2ce \u00e0 l\u2019intervention du S\u00e9nateur Jean-Jacques Michau et \u00e0 la venue du Directeur [&hellip;]<\/p>\n","protected":false},"author":1,"featured_media":0,"parent":0,"menu_order":0,"comment_status":"closed","ping_status":"closed","template":"","meta":{"_monsterinsights_skip_tracking":false,"_monsterinsights_sitenote_active":false,"_monsterinsights_sitenote_note":"","_monsterinsights_sitenote_category":0,"ocean_post_layout":"","ocean_both_sidebars_style":"","ocean_both_sidebars_content_width":0,"ocean_both_sidebars_sidebars_width":0,"ocean_sidebar":"","ocean_second_sidebar":"","ocean_disable_margins":"enable","ocean_add_body_class":"","ocean_shortcode_before_top_bar":"","ocean_shortcode_after_top_bar":"","ocean_shortcode_before_header":"","ocean_shortcode_after_header":"","ocean_has_shortcode":"","ocean_shortcode_after_title":"","ocean_shortcode_before_footer_widgets":"","ocean_shortcode_after_footer_widgets":"","ocean_shortcode_before_footer_bottom":"","ocean_shortcode_after_footer_bottom":"","ocean_display_top_bar":"default","ocean_display_header":"default","ocean_header_style":"","ocean_center_header_left_menu":"","ocean_custom_header_template":"","ocean_custom_logo":0,"ocean_custom_retina_logo":0,"ocean_custom_logo_max_width":0,"ocean_custom_logo_tablet_max_width":0,"ocean_custom_logo_mobile_max_width":0,"ocean_custom_logo_max_height":0,"ocean_custom_logo_tablet_max_height":0,"ocean_custom_logo_mobile_max_height":0,"ocean_header_custom_menu":"","ocean_menu_typo_font_family":"","ocean_menu_typo_font_subset":"","ocean_menu_typo_font_size":0,"ocean_menu_typo_font_size_tablet":0,"ocean_menu_typo_font_size_mobile":0,"ocean_menu_typo_font_size_unit":"px","ocean_menu_typo_font_weight":"","ocean_menu_typo_font_weight_tablet":"","ocean_menu_typo_font_weight_mobile":"","ocean_menu_typo_transform":"","ocean_menu_typo_transform_tablet":"","ocean_menu_typo_transform_mobile":"","ocean_menu_typo_line_height":0,"ocean_menu_typo_line_height_tablet":0,"ocean_menu_typo_line_height_mobile":0,"ocean_menu_typo_line_height_unit":"","ocean_menu_typo_spacing":0,"ocean_menu_typo_spacing_tablet":0,"ocean_menu_typo_spacing_mobile":0,"ocean_menu_typo_spacing_unit":"","ocean_menu_link_color":"","ocean_menu_link_color_hover":"","ocean_menu_link_color_active":"","ocean_menu_link_background":"","ocean_menu_link_hover_background":"","ocean_menu_link_active_background":"","ocean_menu_social_links_bg":"","ocean_menu_social_hover_links_bg":"","ocean_menu_social_links_color":"","ocean_menu_social_hover_links_color":"","ocean_disable_title":"default","ocean_disable_heading":"default","ocean_post_title":"","ocean_post_subheading":"","ocean_post_title_style":"","ocean_post_title_background_color":"","ocean_post_title_background":0,"ocean_post_title_bg_image_position":"","ocean_post_title_bg_image_attachment":"","ocean_post_title_bg_image_repeat":"","ocean_post_title_bg_image_size":"","ocean_post_title_height":0,"ocean_post_title_bg_overlay":0.5,"ocean_post_title_bg_overlay_color":"","ocean_disable_breadcrumbs":"default","ocean_breadcrumbs_color":"","ocean_breadcrumbs_separator_color":"","ocean_breadcrumbs_links_color":"","ocean_breadcrumbs_links_hover_color":"","ocean_display_footer_widgets":"default","ocean_display_footer_bottom":"default","ocean_custom_footer_template":"","footnotes":""},"class_list":["post-1827","page","type-page","status-publish","hentry","entry"],"yoast_head":"<!-- This site is optimized with the Yoast SEO plugin v27.0 - https:\/\/yoast.com\/product\/yoast-seo-wordpress\/ -->\n<title>La sant\u00e9 - Ax Pour Tous<\/title>\n<meta name=\"robots\" content=\"index, follow, max-snippet:-1, max-image-preview:large, max-video-preview:-1\" \/>\n<link rel=\"canonical\" href=\"https:\/\/www.axpourtous.fr\/index.php\/la-sante\/\" \/>\n<meta property=\"og:locale\" content=\"fr_FR\" \/>\n<meta property=\"og:type\" content=\"article\" \/>\n<meta property=\"og:title\" content=\"La sant\u00e9 - Ax Pour Tous\" \/>\n<meta property=\"og:description\" content=\"Sant\u00e9 Renforcer l\u2019offre de soins \u00e0 Ax-les-Thermes La commune d\u2019Ax-les-Thermes est tr\u00e8s pr\u00e9sente aupr\u00e8s de ses partenaires de sant\u00e9 pour renforcer et d\u00e9velopper l\u2019offre de soins sur le territoire. Le centre hospitalier Saint Louis, un h\u00f4pital de proximit\u00e9 au service des habitants Gr\u00e2ce \u00e0 l\u2019intervention du S\u00e9nateur Jean-Jacques Michau et \u00e0 la venue du Directeur [&hellip;]\" \/>\n<meta property=\"og:url\" content=\"https:\/\/www.axpourtous.fr\/index.php\/la-sante\/\" \/>\n<meta property=\"og:site_name\" content=\"Ax Pour Tous\" \/>\n<meta property=\"article:modified_time\" content=\"2026-02-08T10:27:06+00:00\" \/>\n<meta name=\"twitter:card\" content=\"summary_large_image\" \/>\n<meta name=\"twitter:label1\" content=\"Dur\u00e9e de lecture estim\u00e9e\" \/>\n\t<meta name=\"twitter:data1\" content=\"3 minutes\" \/>\n<script type=\"application\/ld+json\" class=\"yoast-schema-graph\">{\"@context\":\"https:\/\/schema.org\",\"@graph\":[{\"@type\":\"WebPage\",\"@id\":\"https:\/\/www.axpourtous.fr\/index.php\/la-sante\/\",\"url\":\"https:\/\/www.axpourtous.fr\/index.php\/la-sante\/\",\"name\":\"La sant\u00e9 - Ax Pour Tous\",\"isPartOf\":{\"@id\":\"https:\/\/www.axpourtous.fr\/#website\"},\"datePublished\":\"2026-02-08T10:22:07+00:00\",\"dateModified\":\"2026-02-08T10:27:06+00:00\",\"breadcrumb\":{\"@id\":\"https:\/\/www.axpourtous.fr\/index.php\/la-sante\/#breadcrumb\"},\"inLanguage\":\"fr-FR\",\"potentialAction\":[{\"@type\":\"ReadAction\",\"target\":[\"https:\/\/www.axpourtous.fr\/index.php\/la-sante\/\"]}]},{\"@type\":\"BreadcrumbList\",\"@id\":\"https:\/\/www.axpourtous.fr\/index.php\/la-sante\/#breadcrumb\",\"itemListElement\":[{\"@type\":\"ListItem\",\"position\":1,\"name\":\"Accueil\",\"item\":\"https:\/\/www.axpourtous.fr\/\"},{\"@type\":\"ListItem\",\"position\":2,\"name\":\"La sant\u00e9\"}]},{\"@type\":\"WebSite\",\"@id\":\"https:\/\/www.axpourtous.fr\/#website\",\"url\":\"https:\/\/www.axpourtous.fr\/\",\"name\":\"Ax Pour Tous\",\"description\":\"Ax Pour Tous - Partageons Demain\",\"publisher\":{\"@id\":\"https:\/\/www.axpourtous.fr\/#organization\"},\"potentialAction\":[{\"@type\":\"SearchAction\",\"target\":{\"@type\":\"EntryPoint\",\"urlTemplate\":\"https:\/\/www.axpourtous.fr\/?s={search_term_string}\"},\"query-input\":{\"@type\":\"PropertyValueSpecification\",\"valueRequired\":true,\"valueName\":\"search_term_string\"}}],\"inLanguage\":\"fr-FR\"},{\"@type\":\"Organization\",\"@id\":\"https:\/\/www.axpourtous.fr\/#organization\",\"name\":\"Ax Pour Tous\",\"url\":\"https:\/\/www.axpourtous.fr\/\",\"logo\":{\"@type\":\"ImageObject\",\"inLanguage\":\"fr-FR\",\"@id\":\"https:\/\/www.axpourtous.fr\/#\/schema\/logo\/image\/\",\"url\":\"https:\/\/www.axpourtous.fr\/wp-content\/uploads\/2026\/01\/cropped-Logo-Ax-pour-tous-1.jpg\",\"contentUrl\":\"https:\/\/www.axpourtous.fr\/wp-content\/uploads\/2026\/01\/cropped-Logo-Ax-pour-tous-1.jpg\",\"width\":582,\"height\":271,\"caption\":\"Ax Pour Tous\"},\"image\":{\"@id\":\"https:\/\/www.axpourtous.fr\/#\/schema\/logo\/image\/\"}}]}<\/script>\n<!-- \/ Yoast SEO plugin. -->","yoast_head_json":{"title":"La sant\u00e9 - Ax Pour Tous","robots":{"index":"index","follow":"follow","max-snippet":"max-snippet:-1","max-image-preview":"max-image-preview:large","max-video-preview":"max-video-preview:-1"},"canonical":"https:\/\/www.axpourtous.fr\/index.php\/la-sante\/","og_locale":"fr_FR","og_type":"article","og_title":"La sant\u00e9 - Ax Pour Tous","og_description":"Sant\u00e9 Renforcer l\u2019offre de soins \u00e0 Ax-les-Thermes La commune d\u2019Ax-les-Thermes est tr\u00e8s pr\u00e9sente aupr\u00e8s de ses partenaires de sant\u00e9 pour renforcer et d\u00e9velopper l\u2019offre de soins sur le territoire. Le centre hospitalier Saint Louis, un h\u00f4pital de proximit\u00e9 au service des habitants Gr\u00e2ce \u00e0 l\u2019intervention du S\u00e9nateur Jean-Jacques Michau et \u00e0 la venue du Directeur [&hellip;]","og_url":"https:\/\/www.axpourtous.fr\/index.php\/la-sante\/","og_site_name":"Ax Pour Tous","article_modified_time":"2026-02-08T10:27:06+00:00","twitter_card":"summary_large_image","twitter_misc":{"Dur\u00e9e de lecture estim\u00e9e":"3 minutes"},"schema":{"@context":"https:\/\/schema.org","@graph":[{"@type":"WebPage","@id":"https:\/\/www.axpourtous.fr\/index.php\/la-sante\/","url":"https:\/\/www.axpourtous.fr\/index.php\/la-sante\/","name":"La sant\u00e9 - Ax Pour Tous","isPartOf":{"@id":"https:\/\/www.axpourtous.fr\/#website"},"datePublished":"2026-02-08T10:22:07+00:00","dateModified":"2026-02-08T10:27:06+00:00","breadcrumb":{"@id":"https:\/\/www.axpourtous.fr\/index.php\/la-sante\/#breadcrumb"},"inLanguage":"fr-FR","potentialAction":[{"@type":"ReadAction","target":["https:\/\/www.axpourtous.fr\/index.php\/la-sante\/"]}]},{"@type":"BreadcrumbList","@id":"https:\/\/www.axpourtous.fr\/index.php\/la-sante\/#breadcrumb","itemListElement":[{"@type":"ListItem","position":1,"name":"Accueil","item":"https:\/\/www.axpourtous.fr\/"},{"@type":"ListItem","position":2,"name":"La sant\u00e9"}]},{"@type":"WebSite","@id":"https:\/\/www.axpourtous.fr\/#website","url":"https:\/\/www.axpourtous.fr\/","name":"Ax Pour Tous","description":"Ax Pour Tous - Partageons Demain","publisher":{"@id":"https:\/\/www.axpourtous.fr\/#organization"},"potentialAction":[{"@type":"SearchAction","target":{"@type":"EntryPoint","urlTemplate":"https:\/\/www.axpourtous.fr\/?s={search_term_string}"},"query-input":{"@type":"PropertyValueSpecification","valueRequired":true,"valueName":"search_term_string"}}],"inLanguage":"fr-FR"},{"@type":"Organization","@id":"https:\/\/www.axpourtous.fr\/#organization","name":"Ax Pour Tous","url":"https:\/\/www.axpourtous.fr\/","logo":{"@type":"ImageObject","inLanguage":"fr-FR","@id":"https:\/\/www.axpourtous.fr\/#\/schema\/logo\/image\/","url":"https:\/\/www.axpourtous.fr\/wp-content\/uploads\/2026\/01\/cropped-Logo-Ax-pour-tous-1.jpg","contentUrl":"https:\/\/www.axpourtous.fr\/wp-content\/uploads\/2026\/01\/cropped-Logo-Ax-pour-tous-1.jpg","width":582,"height":271,"caption":"Ax Pour Tous"},"image":{"@id":"https:\/\/www.axpourtous.fr\/#\/schema\/logo\/image\/"}}]}},"_links":{"self":[{"href":"https:\/\/www.axpourtous.fr\/index.php\/wp-json\/wp\/v2\/pages\/1827","targetHints":{"allow":["GET"]}}],"collection":[{"href":"https:\/\/www.axpourtous.fr\/index.php\/wp-json\/wp\/v2\/pages"}],"about":[{"href":"https:\/\/www.axpourtous.fr\/index.php\/wp-json\/wp\/v2\/types\/page"}],"author":[{"embeddable":true,"href":"https:\/\/www.axpourtous.fr\/index.php\/wp-json\/wp\/v2\/users\/1"}],"replies":[{"embeddable":true,"href":"https:\/\/www.axpourtous.fr\/index.php\/wp-json\/wp\/v2\/comments?post=1827"}],"version-history":[{"count":10,"href":"https:\/\/www.axpourtous.fr\/index.php\/wp-json\/wp\/v2\/pages\/1827\/revisions"}],"predecessor-version":[{"id":1838,"href":"https:\/\/www.axpourtous.fr\/index.php\/wp-json\/wp\/v2\/pages\/1827\/revisions\/1838"}],"wp:attachment":[{"href":"https:\/\/www.axpourtous.fr\/index.php\/wp-json\/wp\/v2\/media?parent=1827"}],"curies":[{"name":"wp","href":"https:\/\/api.w.org\/{rel}","templated":true}]}}