{"id":1819,"date":"2026-02-08T10:17:23","date_gmt":"2026-02-08T10:17:23","guid":{"rendered":"https:\/\/www.axpourtous.fr\/?page_id=1819"},"modified":"2026-02-08T10:21:39","modified_gmt":"2026-02-08T10:21:39","slug":"la-culture","status":"publish","type":"page","link":"https:\/\/www.axpourtous.fr\/index.php\/la-culture\/","title":{"rendered":"La culture"},"content":{"rendered":"\t\t<div data-elementor-type=\"wp-page\" data-elementor-id=\"1819\" class=\"elementor elementor-1819\">\n\t\t\t\t<div class=\"elementor-element elementor-element-f1d453b e-flex e-con-boxed e-con e-parent\" data-id=\"f1d453b\" data-element_type=\"container\" data-e-type=\"container\" data-settings=\"{&quot;background_background&quot;:&quot;classic&quot;}\">\n\t\t\t\t\t<div class=\"e-con-inner\">\n\t\t\t\t<div class=\"elementor-element elementor-element-b11f0f5 elementor-widget elementor-widget-heading\" data-id=\"b11f0f5\" data-element_type=\"widget\" data-e-type=\"widget\" data-widget_type=\"heading.default\">\n\t\t\t\t\t<h2 class=\"elementor-heading-title elementor-size-default\">Culture, f\u00eates, associations : Ax Animation fait battre le c\u0153ur d\u2019Ax<\/h2>\t\t\t\t<\/div>\n\t\t\t\t\t<\/div>\n\t\t\t\t<\/div>\n\t\t<div class=\"elementor-element elementor-element-ed7490a e-flex e-con-boxed e-con e-parent\" data-id=\"ed7490a\" data-element_type=\"container\" data-e-type=\"container\">\n\t\t\t\t\t<div class=\"e-con-inner\">\n\t\t\t\t<div class=\"elementor-element elementor-element-681a8b5 elementor-widget elementor-widget-text-editor\" data-id=\"681a8b5\" data-element_type=\"widget\" data-e-type=\"widget\" data-widget_type=\"text-editor.default\">\n\t\t\t\t\t\t\t\t\t<p>Ax Animation d\u00e9veloppe une politique culturelle originale, coh\u00e9rente et durable, qui allie exigence artistique et proximit\u00e9, animations festives et \u00e9ducation, soutien aux associations et ouverture sur le monde. Une culture pour toutes et tous, vecteur de lien social et de contribution indispensable \u00e0 l&rsquo;attractivit\u00e9 d&rsquo;Ax.<\/p><p><strong>Ax Animation : une chance pour Ax-les-Thermes<\/strong><br \/>Depuis pr\u00e8s de 30 ans, Ax Animation fait vivre Ax-les-Thermes toute l\u2019ann\u00e9e.<br \/>Pour une commune de 1 300 habitants, disposer d\u2019une structure aussi compl\u00e8te, active et reconnue est une vraie richesse, et m\u00eame une exception \u00e0 cette \u00e9chelle.<br \/>Ax Animation r\u00e9unit des \u00e9lus municipaux et des habitants engag\u00e9s, ce qui permet de rester au plus pr\u00e8s des r\u00e9alit\u00e9s locales, des attentes des Ax\u00e9ennes et des Ax\u00e9ens, et de l\u2019identit\u00e9 de la ville.<\/p><p><strong>Des missions nombreuses, souvent invisibles mais indispensables<\/strong><br \/>Ax Animation, ce n\u2019est pas seulement des f\u00eates ou des spectacles que l\u2019on voit.<br \/>C\u2019est aussi :<br \/>&#8211; de la programmation,<br \/>&#8211; des demandes de subventions,<br \/>&#8211; de l\u2019organisation,<br \/>&#8211; de l\u2019accueil du public et des artistes,<br \/>&#8211; du soutien technique,<br \/>&#8211; du travail en journ\u00e9e, en soir\u00e9e, les week-ends.<br \/>Une \u00e9quipe multit\u00e2che, tr\u00e8s investie, qui permet \u00e0 la ville de ne jamais \u00eatre \u00e0 l\u2019arr\u00eat.<\/p><p><strong>Une culture accessible \u00e0 toutes et tous<\/strong><br \/>Le <strong>Cin\u00e9m\u2019Ax<\/strong> en est un bon exemple : films grand public, films Art &amp; Essai, documentaires, s\u00e9ances scolaires, actions avec les \u00e9coles, le coll\u00e8ge et la m\u00e9diath\u00e8que.<br \/><strong>Important \u00e0 savoir<\/strong> :<br \/>Le volet culturel qui fait la part belle au <strong>spectacle vivant<\/strong> (cin\u00e9ma Art &amp; Essai, r\u00e9sidences d\u2019artistes, actions scolaires, Spectacles des Grands Chemins\u2026) existe gr\u00e2ce \u00e0 des subventions sp\u00e9cifiques de l\u2019\u00c9tat, de la R\u00e9gion, du D\u00e9partement, de la CCHA ou de l\u2019Europe. Ces subventions ne peuvent pas \u00eatre utilis\u00e9es pour des animations purement locales ou festives.<br \/><strong>Sans cette politique culturelle structur\u00e9e, cet argent serait tout simplement perdu pour la commune<\/strong>.<\/p><p><strong>Une ville qui vit toute l\u2019ann\u00e9e<\/strong><br \/>Ax Animation organise ou soutien de nombreux \u00e9v\u00e9nements qui rythment la vie locale :<br \/>Carnaval, Saint-Jean, f\u00eate nationale, f\u00eate de la soupe, march\u00e9 de No\u00ebl, animations estivales, animations p\u00eache\u2026<br \/>Pendant les vacances scolaires, certaines animations sont pens\u00e9es pour les visiteurs, mais elles profitent aussi aux habitants, petits et grands.<br \/>R\u00e9sultat : <strong>peu de \u201ctemps mort\u201d, une ville vivante en toute saison<\/strong>.<\/p><p><strong>Un soutien essentiel aux associations locales<\/strong><br \/>Les associations sont <strong>indispensables \u00e0 la vie de la cit\u00e9<\/strong> : elles cr\u00e9ent du lien, de l\u2019engagement, de la solidarit\u00e9 et font vivre Ax toute l\u2019ann\u00e9e. Ax Animation les accompagne au quotidien par une <strong>aide administrative, logistique, technique et en communication, le pr\u00eat de salles<\/strong>, l\u2019appui aux <strong>lotos, spectacles de fin d\u2019ann\u00e9e, \u00e9v\u00e9nements solidaires, sportifs ou culturels<\/strong>.<br \/>Au-del\u00e0 du soutien mat\u00e9riel, c\u2019est <strong>une relation de confiance et de dialogue permanent<\/strong> qui est entretenue avec les b\u00e9n\u00e9voles, pour \u00e9couter leurs besoins, accompagner leurs id\u00e9es et faire \u00e9merger de nouveaux projets. Le <strong>Forum des Associations<\/strong> et la <strong>b\u00e9n\u00e9vol\u2019Ax<\/strong> sont des temps forts de cette dynamique, valorisant l\u2019engagement local et la richesse du tissu associatif ax\u00e9en.<\/p><p><strong>Un travail important avec les enfants, les jeunes et les a\u00een\u00e9s<\/strong><br \/>Avec les \u00e9coles, le coll\u00e8ge et les EHPAD, Ax Animation met en place des ateliers artistiques, des rencontres avec des artistes, des projets p\u00e9dagogiques pendant l\u2019ann\u00e9e scolaire.<br \/>Ces actions favorisent l<strong>\u2019ouverture culturelle<\/strong>, <strong>le lien entre g\u00e9n\u00e9rations et l\u2019acc\u00e8s \u00e0 la culture d\u00e8s le plus jeune \u00e2ge<\/strong>.<\/p><p><strong>Une structure reconnue au-del\u00e0 d\u2019Ax<\/strong><br \/>Ax Animation g\u00e8re les salles du Casino, utilis\u00e9es par les associations, les habitants, les congr\u00e8s et \u00e9v\u00e9nements d\u2019envergure (Ludovia, r\u00e9unions institutionnelles, salons des saisonniers\u2026).<br \/>Elle travaille avec l\u2019Office de Tourisme et s\u2019implique dans les grands projets de la commune : label Famille Plus, PETR, GIE, partenariats intercommunaux.<br \/>L\u00e0 encore, cette reconnaissance permet de faire venir des <strong>financements ext\u00e9rieurs qui b\u00e9n\u00e9ficient directement \u00e0 Ax-les-Thermes<\/strong>.<\/p><p><strong>En r\u00e9sum\u00e9<\/strong><br \/><strong>Ax Animation est n\u00e9e parce qu\u2019un simple comit\u00e9 des f\u00eates ne suffisait plus au dynamisme et \u00e0 la renomm\u00e9e d\u2019Ax-les-Thermes.<\/strong><br \/><strong>Aujourd\u2019hui, elle permet :<\/strong><br \/><strong>&#8211; une ville anim\u00e9e toute l\u2019ann\u00e9e,<\/strong><br \/><strong>&#8211; une vie associative soutenue,<\/strong><br \/><strong>&#8211; une offre culturelle accessible,<\/strong><br \/><strong>&#8211; des subventions qui ne seraient pas obtenues autrement.<\/strong><\/p><p><strong>Evoluer sans renier son ADN<\/strong><br \/><strong>Ax Animation est un pilier de la vie ax\u00e9enne. <\/strong><br \/><strong>Nous poursuivrons notre soutien \u00e0 Ax Animation pour accompagner les associations, renforcer les actions culturelles et scolaires, d\u00e9velopper le lien social et proposer des animations festives au service des habitants comme de l\u2019activit\u00e9 commerciale et touristique.<\/strong><br \/><strong>Une mue est d\u00e9j\u00e0 engag\u00e9e. Elle s\u2019appuie sur un audit approfondi et sur un sondage ayant recueilli plus de 230 r\u00e9ponses. Cette d\u00e9marche permet de faire \u00e9voluer l\u2019outil, sans en perdre l\u2019ADN, pour \u00e9crire une nouvelle histoire, avec un nouveau nom, plus lisible et plus ouvert. <\/strong><br \/><strong>Demain, par exemple, nous renforcerons les projets culturels \u00e0 l\u2019\u00e9chelle intercommunale \u00e0 destination des \u00e9coles et des habitants du territoire et voulons construire un v\u00e9ritable projet jeunesse, en lien avec la Communaut\u00e9 de communes, pens\u00e9 avec et pour les jeunes ax\u00e9ens, \u00e0 partir de leurs besoins sp\u00e9cifiques.<\/strong><\/p><p><strong>Focus sur quelques \u00e9v\u00e9nements<\/strong> <br \/><strong>L\u2019Ultrari\u00e8ge<\/strong> : <strong>un moteur pour l\u2019\u00e9conomie locale<\/strong><br \/>Chaque mois de <strong>juillet<\/strong>, <strong>l\u2019Ultrari\u00e8ge<\/strong> rassemble pendant <strong>4 jours<\/strong> pr\u00e8s de <strong>1 500 athl\u00e8tes et 250 militaires<\/strong>, r\u00e9partis sur <strong>5 courses<\/strong> reliant Guzet, Mercus, les Monts d\u2019Olmes et Bonascre \u00e0 <strong>Ax-les-Thermes<\/strong>, v\u00e9ritable <strong>centre n\u00e9vralgique<\/strong> de l\u2019\u00e9v\u00e9nement.<br \/>Gr\u00e2ce \u00e0 l\u2019engagement de <strong>40 b\u00e9n\u00e9voles ax\u00e9ens<\/strong>, Ax accueille les d\u00e9parts et arriv\u00e9es, le <strong>village partenaires<\/strong>, les ravitaillements et les animations.<br \/>Une enqu\u00eate men\u00e9e aupr\u00e8s des participants confirme l\u2019impact \u00e9conomique :<br \/><strong>4 375 personnes<\/strong> estim\u00e9es (coureurs et accompagnants),<br \/><strong>99 %<\/strong> jugent l\u2019organisation bonne ou tr\u00e8s bonne,<br \/><strong>62 %<\/strong> viennent en famille,<br \/><strong>80 %<\/strong> s\u00e9journent plus de 2 jours,<br \/><strong>80 %<\/strong> utilisent un h\u00e9bergement local,<br \/><strong>51 %<\/strong> consomment en restauration,<br \/><strong>84 %<\/strong> souhaitent revenir \u00e0 Ax.<\/p><p>L\u2019<strong>Ultrari\u00e8ge<\/strong> est une v\u00e9ritable locomotive \u00e9conomique et un formidable vecteur d\u2019image pour Ax-les-Thermes, ville sportive et accueillante.<\/p><p><strong>Festival des saveurs : Festival du bien manger, un rendez-vous \u00e9conomique et populaire<\/strong><br \/>D\u00e9but septembre, pendant 4 jours, Ax-les-Thermes devient la vitrine du bien manger local et du savoir-faire artisanal.<br \/>Plus de <strong>5 000 visiteurs<\/strong> fr\u00e9quentent le march\u00e9 gourmand,<br \/><strong>70 exposants<\/strong> pr\u00e9sentent des produits locaux,<br \/>Plus de 220 bols servis lors de la soupe des canons en 2025.<br \/>Ateliers, braderie des commer\u00e7ants, balades gourmandes, spectacles, animations culturelles et p\u00e9dagogiques rythment l\u2019\u00e9v\u00e9nement, avec une attention particuli\u00e8re port\u00e9e aux seniors de l\u2019EHPAD et aux scolaires.<br \/>Fort de <strong>28 ans d\u2019existence<\/strong>, ce festival, port\u00e9 par l\u2019association du festival, Ax Animation et les agents communaux, est un <strong>soutien concret \u00e0 nos \u00e9leveurs et producteurs ari\u00e9geois<\/strong>, dans un contexte agricole difficile.<br \/><strong>La commune continuera \u00e0 accompagner et \u00e0 d\u00e9fendre ce rendez-vous majeur, moteur de lien social, d\u2019attractivit\u00e9 et d\u2019\u00e9conomie locale<\/strong>.<\/p><p><strong>Les Spectacles des Grands Chemins<\/strong><br \/><strong>Un festival culturel majeur pour le territoire<\/strong><br \/>La <strong>28\u1d49 \u00e9dition des Spectacles des Grands Chemins<\/strong> s\u2019est d\u00e9roul\u00e9e du <strong>22 au 26 juillet 2025<\/strong> sur le territoire de la <strong>Haute-Ari\u00e8ge<\/strong>. Ce festival existe gr\u00e2ce \u00e0 de nombreuses subventions : Drac, R\u00e9gion, d\u00e9partement, CCHA et le m\u00e9c\u00e9nat de Joa Casino pour manifestation culturelle de qualit\u00e9. Ces subventions, d\u00e9di\u00e9es au festival, ne peuvent \u00eatre utilis\u00e9es pour d\u2019autres manifestations,<br \/>Pendant <strong>5 jours<\/strong>, le festival a propos\u00e9 <strong>32 repr\u00e9sentations<\/strong> et accueilli <strong>11 948 spectateurs<\/strong>, confirmant son <strong>ancrage populaire<\/strong> et son <strong>rayonnement croissant<\/strong>.<br \/>Six propositions artistiques ont \u00e9t\u00e9 accueillies dans <strong>quatre villages de Haute-Ari\u00e8ge<\/strong>, renfor\u00e7ant ainsi la dimension <strong>itin\u00e9rante et intercommunale<\/strong> de l\u2019\u00e9v\u00e9nement.<br \/>Depuis <strong>1998<\/strong>, le festival fait vivre les espaces naturels et urbains d\u2019Ax-les-Thermes et de ses alentours \u00e0 travers une programmation exigeante et accessible : <strong>th\u00e9\u00e2tre de rue, randonn\u00e9es spectacles, cirque, danse, musique, cin\u00e9ma<\/strong> et formes artistiques singuli\u00e8res, dans un cadre montagnard exceptionnel.<br \/>Aujourd\u2019hui reconnu \u00e0 l\u2019\u00e9chelle <strong>nationale<\/strong>, Les Spectacles des Grands Chemins est devenu un <strong>\u00e9v\u00e9nement culturel embl\u00e9matique<\/strong>, contribuant \u00e0 l\u2019<strong>attractivit\u00e9 du territoire<\/strong>, \u00e0 la <strong>diversification estivale<\/strong> et \u00e0 l\u2019acc\u00e8s de tous \u00e0 la culture.<br \/><strong>La commune continuera \u00e0 soutenir ce festival, v\u00e9ritable moteur culturel et vecteur de lien social, qui fait rayonner Ax-les-Thermes et la Haute-Ari\u00e8ge bien au-del\u00e0 de nos fronti\u00e8res.<\/strong><\/p>\t\t\t\t\t\t\t\t<\/div>\n\t\t\t\t\t<\/div>\n\t\t\t\t<\/div>\n\t\t\t\t<\/div>\n\t\t","protected":false},"excerpt":{"rendered":"<p>Culture, f\u00eates, associations : Ax Animation fait battre le c\u0153ur d\u2019Ax Ax Animation d\u00e9veloppe une politique culturelle originale, coh\u00e9rente et durable, qui allie exigence artistique et proximit\u00e9, animations festives et \u00e9ducation, soutien aux associations et ouverture sur le monde. Une culture pour toutes et tous, vecteur de lien social et de contribution indispensable \u00e0 l&rsquo;attractivit\u00e9 [&hellip;]<\/p>\n","protected":false},"author":1,"featured_media":0,"parent":0,"menu_order":0,"comment_status":"closed","ping_status":"closed","template":"","meta":{"_monsterinsights_skip_tracking":false,"_monsterinsights_sitenote_active":false,"_monsterinsights_sitenote_note":"","_monsterinsights_sitenote_category":0,"ocean_post_layout":"","ocean_both_sidebars_style":"","ocean_both_sidebars_content_width":0,"ocean_both_sidebars_sidebars_width":0,"ocean_sidebar":"","ocean_second_sidebar":"","ocean_disable_margins":"enable","ocean_add_body_class":"","ocean_shortcode_before_top_bar":"","ocean_shortcode_after_top_bar":"","ocean_shortcode_before_header":"","ocean_shortcode_after_header":"","ocean_has_shortcode":"","ocean_shortcode_after_title":"","ocean_shortcode_before_footer_widgets":"","ocean_shortcode_after_footer_widgets":"","ocean_shortcode_before_footer_bottom":"","ocean_shortcode_after_footer_bottom":"","ocean_display_top_bar":"default","ocean_display_header":"default","ocean_header_style":"","ocean_center_header_left_menu":"","ocean_custom_header_template":"","ocean_custom_logo":0,"ocean_custom_retina_logo":0,"ocean_custom_logo_max_width":0,"ocean_custom_logo_tablet_max_width":0,"ocean_custom_logo_mobile_max_width":0,"ocean_custom_logo_max_height":0,"ocean_custom_logo_tablet_max_height":0,"ocean_custom_logo_mobile_max_height":0,"ocean_header_custom_menu":"","ocean_menu_typo_font_family":"","ocean_menu_typo_font_subset":"","ocean_menu_typo_font_size":0,"ocean_menu_typo_font_size_tablet":0,"ocean_menu_typo_font_size_mobile":0,"ocean_menu_typo_font_size_unit":"px","ocean_menu_typo_font_weight":"","ocean_menu_typo_font_weight_tablet":"","ocean_menu_typo_font_weight_mobile":"","ocean_menu_typo_transform":"","ocean_menu_typo_transform_tablet":"","ocean_menu_typo_transform_mobile":"","ocean_menu_typo_line_height":0,"ocean_menu_typo_line_height_tablet":0,"ocean_menu_typo_line_height_mobile":0,"ocean_menu_typo_line_height_unit":"","ocean_menu_typo_spacing":0,"ocean_menu_typo_spacing_tablet":0,"ocean_menu_typo_spacing_mobile":0,"ocean_menu_typo_spacing_unit":"","ocean_menu_link_color":"","ocean_menu_link_color_hover":"","ocean_menu_link_color_active":"","ocean_menu_link_background":"","ocean_menu_link_hover_background":"","ocean_menu_link_active_background":"","ocean_menu_social_links_bg":"","ocean_menu_social_hover_links_bg":"","ocean_menu_social_links_color":"","ocean_menu_social_hover_links_color":"","ocean_disable_title":"default","ocean_disable_heading":"default","ocean_post_title":"","ocean_post_subheading":"","ocean_post_title_style":"","ocean_post_title_background_color":"","ocean_post_title_background":0,"ocean_post_title_bg_image_position":"","ocean_post_title_bg_image_attachment":"","ocean_post_title_bg_image_repeat":"","ocean_post_title_bg_image_size":"","ocean_post_title_height":0,"ocean_post_title_bg_overlay":0.5,"ocean_post_title_bg_overlay_color":"","ocean_disable_breadcrumbs":"default","ocean_breadcrumbs_color":"","ocean_breadcrumbs_separator_color":"","ocean_breadcrumbs_links_color":"","ocean_breadcrumbs_links_hover_color":"","ocean_display_footer_widgets":"default","ocean_display_footer_bottom":"default","ocean_custom_footer_template":"","footnotes":""},"class_list":["post-1819","page","type-page","status-publish","hentry","entry"],"yoast_head":"<!-- This site is optimized with the Yoast SEO plugin v27.0 - https:\/\/yoast.com\/product\/yoast-seo-wordpress\/ -->\n<title>La culture - Ax Pour Tous<\/title>\n<meta name=\"robots\" content=\"index, follow, max-snippet:-1, max-image-preview:large, max-video-preview:-1\" \/>\n<link rel=\"canonical\" href=\"https:\/\/www.axpourtous.fr\/index.php\/la-culture\/\" \/>\n<meta property=\"og:locale\" content=\"fr_FR\" \/>\n<meta property=\"og:type\" content=\"article\" \/>\n<meta property=\"og:title\" content=\"La culture - Ax Pour Tous\" \/>\n<meta property=\"og:description\" content=\"Culture, f\u00eates, associations : Ax Animation fait battre le c\u0153ur d\u2019Ax Ax Animation d\u00e9veloppe une politique culturelle originale, coh\u00e9rente et durable, qui allie exigence artistique et proximit\u00e9, animations festives et \u00e9ducation, soutien aux associations et ouverture sur le monde. Une culture pour toutes et tous, vecteur de lien social et de contribution indispensable \u00e0 l&rsquo;attractivit\u00e9 [&hellip;]\" \/>\n<meta property=\"og:url\" content=\"https:\/\/www.axpourtous.fr\/index.php\/la-culture\/\" \/>\n<meta property=\"og:site_name\" content=\"Ax Pour Tous\" \/>\n<meta property=\"article:modified_time\" content=\"2026-02-08T10:21:39+00:00\" \/>\n<meta name=\"twitter:card\" content=\"summary_large_image\" \/>\n<meta name=\"twitter:label1\" content=\"Dur\u00e9e de lecture estim\u00e9e\" \/>\n\t<meta name=\"twitter:data1\" content=\"7 minutes\" \/>\n<script type=\"application\/ld+json\" class=\"yoast-schema-graph\">{\"@context\":\"https:\/\/schema.org\",\"@graph\":[{\"@type\":\"WebPage\",\"@id\":\"https:\/\/www.axpourtous.fr\/index.php\/la-culture\/\",\"url\":\"https:\/\/www.axpourtous.fr\/index.php\/la-culture\/\",\"name\":\"La culture - Ax Pour Tous\",\"isPartOf\":{\"@id\":\"https:\/\/www.axpourtous.fr\/#website\"},\"datePublished\":\"2026-02-08T10:17:23+00:00\",\"dateModified\":\"2026-02-08T10:21:39+00:00\",\"breadcrumb\":{\"@id\":\"https:\/\/www.axpourtous.fr\/index.php\/la-culture\/#breadcrumb\"},\"inLanguage\":\"fr-FR\",\"potentialAction\":[{\"@type\":\"ReadAction\",\"target\":[\"https:\/\/www.axpourtous.fr\/index.php\/la-culture\/\"]}]},{\"@type\":\"BreadcrumbList\",\"@id\":\"https:\/\/www.axpourtous.fr\/index.php\/la-culture\/#breadcrumb\",\"itemListElement\":[{\"@type\":\"ListItem\",\"position\":1,\"name\":\"Accueil\",\"item\":\"https:\/\/www.axpourtous.fr\/\"},{\"@type\":\"ListItem\",\"position\":2,\"name\":\"La culture\"}]},{\"@type\":\"WebSite\",\"@id\":\"https:\/\/www.axpourtous.fr\/#website\",\"url\":\"https:\/\/www.axpourtous.fr\/\",\"name\":\"Ax Pour Tous\",\"description\":\"Ax Pour Tous - Partageons Demain\",\"publisher\":{\"@id\":\"https:\/\/www.axpourtous.fr\/#organization\"},\"potentialAction\":[{\"@type\":\"SearchAction\",\"target\":{\"@type\":\"EntryPoint\",\"urlTemplate\":\"https:\/\/www.axpourtous.fr\/?s={search_term_string}\"},\"query-input\":{\"@type\":\"PropertyValueSpecification\",\"valueRequired\":true,\"valueName\":\"search_term_string\"}}],\"inLanguage\":\"fr-FR\"},{\"@type\":\"Organization\",\"@id\":\"https:\/\/www.axpourtous.fr\/#organization\",\"name\":\"Ax Pour Tous\",\"url\":\"https:\/\/www.axpourtous.fr\/\",\"logo\":{\"@type\":\"ImageObject\",\"inLanguage\":\"fr-FR\",\"@id\":\"https:\/\/www.axpourtous.fr\/#\/schema\/logo\/image\/\",\"url\":\"https:\/\/www.axpourtous.fr\/wp-content\/uploads\/2026\/01\/cropped-Logo-Ax-pour-tous-1.jpg\",\"contentUrl\":\"https:\/\/www.axpourtous.fr\/wp-content\/uploads\/2026\/01\/cropped-Logo-Ax-pour-tous-1.jpg\",\"width\":582,\"height\":271,\"caption\":\"Ax Pour Tous\"},\"image\":{\"@id\":\"https:\/\/www.axpourtous.fr\/#\/schema\/logo\/image\/\"}}]}<\/script>\n<!-- \/ Yoast SEO plugin. -->","yoast_head_json":{"title":"La culture - Ax Pour Tous","robots":{"index":"index","follow":"follow","max-snippet":"max-snippet:-1","max-image-preview":"max-image-preview:large","max-video-preview":"max-video-preview:-1"},"canonical":"https:\/\/www.axpourtous.fr\/index.php\/la-culture\/","og_locale":"fr_FR","og_type":"article","og_title":"La culture - Ax Pour Tous","og_description":"Culture, f\u00eates, associations : Ax Animation fait battre le c\u0153ur d\u2019Ax Ax Animation d\u00e9veloppe une politique culturelle originale, coh\u00e9rente et durable, qui allie exigence artistique et proximit\u00e9, animations festives et \u00e9ducation, soutien aux associations et ouverture sur le monde. Une culture pour toutes et tous, vecteur de lien social et de contribution indispensable \u00e0 l&rsquo;attractivit\u00e9 [&hellip;]","og_url":"https:\/\/www.axpourtous.fr\/index.php\/la-culture\/","og_site_name":"Ax Pour Tous","article_modified_time":"2026-02-08T10:21:39+00:00","twitter_card":"summary_large_image","twitter_misc":{"Dur\u00e9e de lecture estim\u00e9e":"7 minutes"},"schema":{"@context":"https:\/\/schema.org","@graph":[{"@type":"WebPage","@id":"https:\/\/www.axpourtous.fr\/index.php\/la-culture\/","url":"https:\/\/www.axpourtous.fr\/index.php\/la-culture\/","name":"La culture - Ax Pour Tous","isPartOf":{"@id":"https:\/\/www.axpourtous.fr\/#website"},"datePublished":"2026-02-08T10:17:23+00:00","dateModified":"2026-02-08T10:21:39+00:00","breadcrumb":{"@id":"https:\/\/www.axpourtous.fr\/index.php\/la-culture\/#breadcrumb"},"inLanguage":"fr-FR","potentialAction":[{"@type":"ReadAction","target":["https:\/\/www.axpourtous.fr\/index.php\/la-culture\/"]}]},{"@type":"BreadcrumbList","@id":"https:\/\/www.axpourtous.fr\/index.php\/la-culture\/#breadcrumb","itemListElement":[{"@type":"ListItem","position":1,"name":"Accueil","item":"https:\/\/www.axpourtous.fr\/"},{"@type":"ListItem","position":2,"name":"La culture"}]},{"@type":"WebSite","@id":"https:\/\/www.axpourtous.fr\/#website","url":"https:\/\/www.axpourtous.fr\/","name":"Ax Pour Tous","description":"Ax Pour Tous - Partageons Demain","publisher":{"@id":"https:\/\/www.axpourtous.fr\/#organization"},"potentialAction":[{"@type":"SearchAction","target":{"@type":"EntryPoint","urlTemplate":"https:\/\/www.axpourtous.fr\/?s={search_term_string}"},"query-input":{"@type":"PropertyValueSpecification","valueRequired":true,"valueName":"search_term_string"}}],"inLanguage":"fr-FR"},{"@type":"Organization","@id":"https:\/\/www.axpourtous.fr\/#organization","name":"Ax Pour Tous","url":"https:\/\/www.axpourtous.fr\/","logo":{"@type":"ImageObject","inLanguage":"fr-FR","@id":"https:\/\/www.axpourtous.fr\/#\/schema\/logo\/image\/","url":"https:\/\/www.axpourtous.fr\/wp-content\/uploads\/2026\/01\/cropped-Logo-Ax-pour-tous-1.jpg","contentUrl":"https:\/\/www.axpourtous.fr\/wp-content\/uploads\/2026\/01\/cropped-Logo-Ax-pour-tous-1.jpg","width":582,"height":271,"caption":"Ax Pour Tous"},"image":{"@id":"https:\/\/www.axpourtous.fr\/#\/schema\/logo\/image\/"}}]}},"_links":{"self":[{"href":"https:\/\/www.axpourtous.fr\/index.php\/wp-json\/wp\/v2\/pages\/1819","targetHints":{"allow":["GET"]}}],"collection":[{"href":"https:\/\/www.axpourtous.fr\/index.php\/wp-json\/wp\/v2\/pages"}],"about":[{"href":"https:\/\/www.axpourtous.fr\/index.php\/wp-json\/wp\/v2\/types\/page"}],"author":[{"embeddable":true,"href":"https:\/\/www.axpourtous.fr\/index.php\/wp-json\/wp\/v2\/users\/1"}],"replies":[{"embeddable":true,"href":"https:\/\/www.axpourtous.fr\/index.php\/wp-json\/wp\/v2\/comments?post=1819"}],"version-history":[{"count":7,"href":"https:\/\/www.axpourtous.fr\/index.php\/wp-json\/wp\/v2\/pages\/1819\/revisions"}],"predecessor-version":[{"id":1826,"href":"https:\/\/www.axpourtous.fr\/index.php\/wp-json\/wp\/v2\/pages\/1819\/revisions\/1826"}],"wp:attachment":[{"href":"https:\/\/www.axpourtous.fr\/index.php\/wp-json\/wp\/v2\/media?parent=1819"}],"curies":[{"name":"wp","href":"https:\/\/api.w.org\/{rel}","templated":true}]}}