{"id":1814,"date":"2026-02-08T10:14:37","date_gmt":"2026-02-08T10:14:37","guid":{"rendered":"https:\/\/www.axpourtous.fr\/?page_id=1814"},"modified":"2026-02-20T15:26:51","modified_gmt":"2026-02-20T15:26:51","slug":"la-jeunesse","status":"publish","type":"page","link":"https:\/\/www.axpourtous.fr\/index.php\/la-jeunesse\/","title":{"rendered":"La jeunesse"},"content":{"rendered":"\t\t<div data-elementor-type=\"wp-page\" data-elementor-id=\"1814\" class=\"elementor elementor-1814\">\n\t\t\t\t<div class=\"elementor-element elementor-element-6d1b630 e-flex e-con-boxed e-con e-parent\" data-id=\"6d1b630\" data-element_type=\"container\" data-e-type=\"container\">\n\t\t\t\t\t<div class=\"e-con-inner\">\n\t\t<div class=\"elementor-element elementor-element-307d34b e-con-full e-flex e-con e-child\" data-id=\"307d34b\" data-element_type=\"container\" data-e-type=\"container\" data-settings=\"{&quot;background_background&quot;:&quot;classic&quot;}\">\n\t\t\t\t<div class=\"elementor-element elementor-element-6cde927 elementor-widget elementor-widget-heading\" data-id=\"6cde927\" data-element_type=\"widget\" data-e-type=\"widget\" data-widget_type=\"heading.default\">\n\t\t\t\t\t<h2 class=\"elementor-heading-title elementor-size-default\">La jeunesse<\/h2>\t\t\t\t<\/div>\n\t\t\t\t<\/div>\n\t\t\t\t\t<\/div>\n\t\t\t\t<\/div>\n\t\t<div class=\"elementor-element elementor-element-e3787f6 e-flex e-con-boxed e-con e-parent\" data-id=\"e3787f6\" data-element_type=\"container\" data-e-type=\"container\">\n\t\t\t\t\t<div class=\"e-con-inner\">\n\t\t\t\t<div class=\"elementor-element elementor-element-8be9340 elementor-widget elementor-widget-text-editor\" data-id=\"8be9340\" data-element_type=\"widget\" data-e-type=\"widget\" data-widget_type=\"text-editor.default\">\n\t\t\t\t\t\t\t\t\t<p><strong>Projet Jeunesse d\u2019Ax-les-Thermes<\/strong><\/p><p><strong>Une ambition communale pleinement inscrite dans la dynamique de la CCHA<\/strong><\/p><p>Ax-les-Thermes dispose d\u2019un cadre de vie attractif et d\u2019une jeunesse attach\u00e9e \u00e0 son territoire. Le diagnostic intercommunal men\u00e9 par la <strong>Communaut\u00e9 de Communes de la Haute-Ari\u00e8ge (CCHA)<\/strong> met en lumi\u00e8re une attente forte : disposer de lieux, de projets et de perspectives concr\u00e8tes pour vivre, s\u2019engager et construire son avenir sur le territoire.<\/p><p>La commune d\u2019Ax-les-Thermes fait le choix d\u2019inscrire pleinement son action jeunesse dans cette dynamique intercommunale, en assumant son r\u00f4le de commune-centre et en apportant des r\u00e9ponses compl\u00e9mentaires, adapt\u00e9es aux r\u00e9alit\u00e9s locales.<\/p><p><strong>Une vision partag\u00e9e : faire de la jeunesse un pilier du projet territorial<\/strong><\/p><p>Le projet jeunesse d\u2019Ax-les-Thermes repose sur une conviction simple :<br \/>Investir dans la jeunesse, c\u2019est investir dans l\u2019avenir du territoire.<\/p><p>Il s\u2019agit de permettre aux jeunes :<\/p><ul><li>de se retrouver dans des espaces identifi\u00e9s et s\u00e9curis\u00e9s,<\/li><li>de participer \u00e0 la vie locale,<\/li><li>de d\u00e9velopper leur autonomie,<\/li><li>et d\u2019envisager durablement leur avenir sur la commune et au sein de la CCHA.<\/li><\/ul><p><strong>Un axe structurant : la cr\u00e9ation d\u2019un lieu \u00e0 vocation jeunesse <\/strong><\/p><p>Pour r\u00e9pondre aux besoins exprim\u00e9s, la commune soutient la mise en place d\u2019un <strong>lieu de vie<\/strong>, en articulation avec le futur P\u00f4le Ressources Animation Jeunesse port\u00e9 \u00e0 l\u2019\u00e9chelle intercommunale.<\/p><ol><li><strong> Un lieu d\u2019accueil et de vie ouvert \u00e0 tous<\/strong><\/li><\/ol><p>Le point jeunesse aura pour vocation de :<\/p><ul><li>cr\u00e9er un espace d\u2019accueil anim\u00e9 par des professionnels qualifi\u00e9s (animateur, r\u00e9f\u00e9rent jeunesse),<\/li><li>favoriser le lien social et le vivre-ensemble,<\/li><li>offrir un lieu accessible toute l\u2019ann\u00e9e, notamment lorsque les conditions climatiques limitent l\u2019usage des espaces ext\u00e9rieurs.<\/li><\/ul><p>Il constituera un point d\u2019ancrage visible pour les 11\u201325 ans, les familles et les habitants.<\/p><ol start=\"2\"><li><strong> Des actions concr\u00e8tes au service des jeunes et des familles<\/strong><\/li><\/ol><p>Le projet s\u2019articule autour de plusieurs actions compl\u00e9mentaires :<\/p><p><strong>\u00a0Animation et vie collective<\/strong><\/p><ul><li>Accueil quotidien et temps conviviaux<\/li><li>Activit\u00e9s culturelles, sportives et citoyennes<\/li><li>Organisation d\u2019\u00e9v\u00e9nements (ex. tournois de PlayStation encadr\u00e9s, animations th\u00e9matiques)<\/li><li>Am\u00e9nagement et d\u00e9veloppement d\u2019un espace abrit\u00e9 am\u00e9lior\u00e9 (mobilier, table de ping-pong, lieu s\u00e9curis\u00e9 et participatif)<\/li><\/ul><p><strong>\u00a0Accompagnement scolaire<\/strong><\/p><ul><li>Aide aux devoirs pour enfants et adolescents<\/li><li>Suivi individualis\u00e9 ou en petits groupes<\/li><li>Renforcement de l\u2019autonomie et de la confiance en soi<\/li><\/ul><p><strong>\u00a0Insertion et autonomie<\/strong><\/p><ul><li>Ateliers d\u2019aide \u00e0 la r\u00e9daction de CV et lettres de motivation<\/li><li>Pr\u00e9paration aux entretiens<\/li><li>Orientation vers les dispositifs de formation et d\u2019insertion existants sur le territoire intercommunal<\/li><li>Accompagnement vers l\u2019engagement (b\u00e9n\u00e9volat, projets associatifs)<\/li><\/ul><p><strong>Une compl\u00e9mentarit\u00e9 commune \u2013 intercommunalit\u00e9<\/strong><\/p><p>Ce projet ne se substitue pas \u00e0 l\u2019action de la CCHA :<br \/>il la renforce et la d\u00e9cline localement.<\/p><ul><li>La CCHA structure la politique jeunesse \u00e0 l\u2019\u00e9chelle du territoire.<\/li><li>La commune d\u2019Ax-les-Thermes cr\u00e9e les conditions concr\u00e8tes de proximit\u00e9 : lieu identifi\u00e9, animation quotidienne, accompagnement personnalis\u00e9.<\/li><\/ul><p>Cette articulation garantit coh\u00e9rence, efficacit\u00e9 et lisibilit\u00e9 pour les jeunes et leurs familles.<\/p><p><strong>Trois engagements forts pour la jeunesse<\/strong><\/p><ol><li><strong>Un lieu identifi\u00e9 et vivant<\/strong>, pens\u00e9 avec les jeunes.<\/li><li><strong>Des actions concr\u00e8tes d\u2019accompagnement et d\u2019animation<\/strong>, tout au long de l\u2019ann\u00e9e.<\/li><li><strong>Un soutien r\u00e9el \u00e0 l\u2019autonomie, \u00e0 l\u2019engagement et \u00e0 l\u2019insertion<\/strong>, en lien avec les acteurs du territoire.<\/li><\/ol><p><strong>Conclusion<\/strong><\/p><p>Ax-les-Thermes affirme sa volont\u00e9 d\u2019\u00eatre une commune o\u00f9 les jeunes peuvent :<\/p><ul><li>vivre pleinement leur quotidien,<\/li><li>s\u2019impliquer dans la vie locale,<\/li><li>et construire leur avenir sur le territoire.<\/li><\/ul><p>\u00a0<\/p>\t\t\t\t\t\t\t\t<\/div>\n\t\t\t\t\t<\/div>\n\t\t\t\t<\/div>\n\t\t\t\t<\/div>\n\t\t","protected":false},"excerpt":{"rendered":"<p>La jeunesse Projet Jeunesse d\u2019Ax-les-Thermes Une ambition communale pleinement inscrite dans la dynamique de la CCHA Ax-les-Thermes dispose d\u2019un cadre de vie attractif et d\u2019une jeunesse attach\u00e9e \u00e0 son territoire. Le diagnostic intercommunal men\u00e9 par la Communaut\u00e9 de Communes de la Haute-Ari\u00e8ge (CCHA) met en lumi\u00e8re une attente forte : disposer de lieux, de projets [&hellip;]<\/p>\n","protected":false},"author":1,"featured_media":0,"parent":0,"menu_order":0,"comment_status":"closed","ping_status":"closed","template":"","meta":{"_monsterinsights_skip_tracking":false,"_monsterinsights_sitenote_active":false,"_monsterinsights_sitenote_note":"","_monsterinsights_sitenote_category":0,"ocean_post_layout":"","ocean_both_sidebars_style":"","ocean_both_sidebars_content_width":0,"ocean_both_sidebars_sidebars_width":0,"ocean_sidebar":"","ocean_second_sidebar":"","ocean_disable_margins":"enable","ocean_add_body_class":"","ocean_shortcode_before_top_bar":"","ocean_shortcode_after_top_bar":"","ocean_shortcode_before_header":"","ocean_shortcode_after_header":"","ocean_has_shortcode":"","ocean_shortcode_after_title":"","ocean_shortcode_before_footer_widgets":"","ocean_shortcode_after_footer_widgets":"","ocean_shortcode_before_footer_bottom":"","ocean_shortcode_after_footer_bottom":"","ocean_display_top_bar":"default","ocean_display_header":"default","ocean_header_style":"","ocean_center_header_left_menu":"","ocean_custom_header_template":"","ocean_custom_logo":0,"ocean_custom_retina_logo":0,"ocean_custom_logo_max_width":0,"ocean_custom_logo_tablet_max_width":0,"ocean_custom_logo_mobile_max_width":0,"ocean_custom_logo_max_height":0,"ocean_custom_logo_tablet_max_height":0,"ocean_custom_logo_mobile_max_height":0,"ocean_header_custom_menu":"","ocean_menu_typo_font_family":"","ocean_menu_typo_font_subset":"","ocean_menu_typo_font_size":0,"ocean_menu_typo_font_size_tablet":0,"ocean_menu_typo_font_size_mobile":0,"ocean_menu_typo_font_size_unit":"px","ocean_menu_typo_font_weight":"","ocean_menu_typo_font_weight_tablet":"","ocean_menu_typo_font_weight_mobile":"","ocean_menu_typo_transform":"","ocean_menu_typo_transform_tablet":"","ocean_menu_typo_transform_mobile":"","ocean_menu_typo_line_height":0,"ocean_menu_typo_line_height_tablet":0,"ocean_menu_typo_line_height_mobile":0,"ocean_menu_typo_line_height_unit":"","ocean_menu_typo_spacing":0,"ocean_menu_typo_spacing_tablet":0,"ocean_menu_typo_spacing_mobile":0,"ocean_menu_typo_spacing_unit":"","ocean_menu_link_color":"","ocean_menu_link_color_hover":"","ocean_menu_link_color_active":"","ocean_menu_link_background":"","ocean_menu_link_hover_background":"","ocean_menu_link_active_background":"","ocean_menu_social_links_bg":"","ocean_menu_social_hover_links_bg":"","ocean_menu_social_links_color":"","ocean_menu_social_hover_links_color":"","ocean_disable_title":"default","ocean_disable_heading":"default","ocean_post_title":"","ocean_post_subheading":"","ocean_post_title_style":"","ocean_post_title_background_color":"","ocean_post_title_background":0,"ocean_post_title_bg_image_position":"","ocean_post_title_bg_image_attachment":"","ocean_post_title_bg_image_repeat":"","ocean_post_title_bg_image_size":"","ocean_post_title_height":0,"ocean_post_title_bg_overlay":0.5,"ocean_post_title_bg_overlay_color":"","ocean_disable_breadcrumbs":"default","ocean_breadcrumbs_color":"","ocean_breadcrumbs_separator_color":"","ocean_breadcrumbs_links_color":"","ocean_breadcrumbs_links_hover_color":"","ocean_display_footer_widgets":"default","ocean_display_footer_bottom":"default","ocean_custom_footer_template":"","footnotes":""},"class_list":["post-1814","page","type-page","status-publish","hentry","entry"],"yoast_head":"<!-- This site is optimized with the Yoast SEO plugin v27.0 - https:\/\/yoast.com\/product\/yoast-seo-wordpress\/ -->\n<title>La jeunesse - Ax Pour Tous<\/title>\n<meta name=\"robots\" content=\"index, follow, max-snippet:-1, max-image-preview:large, max-video-preview:-1\" \/>\n<link rel=\"canonical\" href=\"https:\/\/www.axpourtous.fr\/index.php\/la-jeunesse\/\" \/>\n<meta property=\"og:locale\" content=\"fr_FR\" \/>\n<meta property=\"og:type\" content=\"article\" \/>\n<meta property=\"og:title\" content=\"La jeunesse - Ax Pour Tous\" \/>\n<meta property=\"og:description\" content=\"La jeunesse Projet Jeunesse d\u2019Ax-les-Thermes Une ambition communale pleinement inscrite dans la dynamique de la CCHA Ax-les-Thermes dispose d\u2019un cadre de vie attractif et d\u2019une jeunesse attach\u00e9e \u00e0 son territoire. Le diagnostic intercommunal men\u00e9 par la Communaut\u00e9 de Communes de la Haute-Ari\u00e8ge (CCHA) met en lumi\u00e8re une attente forte : disposer de lieux, de projets [&hellip;]\" \/>\n<meta property=\"og:url\" content=\"https:\/\/www.axpourtous.fr\/index.php\/la-jeunesse\/\" \/>\n<meta property=\"og:site_name\" content=\"Ax Pour Tous\" \/>\n<meta property=\"article:modified_time\" content=\"2026-02-20T15:26:51+00:00\" \/>\n<meta name=\"twitter:card\" content=\"summary_large_image\" \/>\n<meta name=\"twitter:label1\" content=\"Dur\u00e9e de lecture estim\u00e9e\" \/>\n\t<meta name=\"twitter:data1\" content=\"3 minutes\" \/>\n<script type=\"application\/ld+json\" class=\"yoast-schema-graph\">{\"@context\":\"https:\/\/schema.org\",\"@graph\":[{\"@type\":\"WebPage\",\"@id\":\"https:\/\/www.axpourtous.fr\/index.php\/la-jeunesse\/\",\"url\":\"https:\/\/www.axpourtous.fr\/index.php\/la-jeunesse\/\",\"name\":\"La jeunesse - Ax Pour Tous\",\"isPartOf\":{\"@id\":\"https:\/\/www.axpourtous.fr\/#website\"},\"datePublished\":\"2026-02-08T10:14:37+00:00\",\"dateModified\":\"2026-02-20T15:26:51+00:00\",\"breadcrumb\":{\"@id\":\"https:\/\/www.axpourtous.fr\/index.php\/la-jeunesse\/#breadcrumb\"},\"inLanguage\":\"fr-FR\",\"potentialAction\":[{\"@type\":\"ReadAction\",\"target\":[\"https:\/\/www.axpourtous.fr\/index.php\/la-jeunesse\/\"]}]},{\"@type\":\"BreadcrumbList\",\"@id\":\"https:\/\/www.axpourtous.fr\/index.php\/la-jeunesse\/#breadcrumb\",\"itemListElement\":[{\"@type\":\"ListItem\",\"position\":1,\"name\":\"Accueil\",\"item\":\"https:\/\/www.axpourtous.fr\/\"},{\"@type\":\"ListItem\",\"position\":2,\"name\":\"La jeunesse\"}]},{\"@type\":\"WebSite\",\"@id\":\"https:\/\/www.axpourtous.fr\/#website\",\"url\":\"https:\/\/www.axpourtous.fr\/\",\"name\":\"Ax Pour Tous\",\"description\":\"Ax Pour Tous - Partageons Demain\",\"publisher\":{\"@id\":\"https:\/\/www.axpourtous.fr\/#organization\"},\"potentialAction\":[{\"@type\":\"SearchAction\",\"target\":{\"@type\":\"EntryPoint\",\"urlTemplate\":\"https:\/\/www.axpourtous.fr\/?s={search_term_string}\"},\"query-input\":{\"@type\":\"PropertyValueSpecification\",\"valueRequired\":true,\"valueName\":\"search_term_string\"}}],\"inLanguage\":\"fr-FR\"},{\"@type\":\"Organization\",\"@id\":\"https:\/\/www.axpourtous.fr\/#organization\",\"name\":\"Ax Pour Tous\",\"url\":\"https:\/\/www.axpourtous.fr\/\",\"logo\":{\"@type\":\"ImageObject\",\"inLanguage\":\"fr-FR\",\"@id\":\"https:\/\/www.axpourtous.fr\/#\/schema\/logo\/image\/\",\"url\":\"https:\/\/www.axpourtous.fr\/wp-content\/uploads\/2026\/01\/cropped-Logo-Ax-pour-tous-1.jpg\",\"contentUrl\":\"https:\/\/www.axpourtous.fr\/wp-content\/uploads\/2026\/01\/cropped-Logo-Ax-pour-tous-1.jpg\",\"width\":582,\"height\":271,\"caption\":\"Ax Pour Tous\"},\"image\":{\"@id\":\"https:\/\/www.axpourtous.fr\/#\/schema\/logo\/image\/\"}}]}<\/script>\n<!-- \/ Yoast SEO plugin. -->","yoast_head_json":{"title":"La jeunesse - Ax Pour Tous","robots":{"index":"index","follow":"follow","max-snippet":"max-snippet:-1","max-image-preview":"max-image-preview:large","max-video-preview":"max-video-preview:-1"},"canonical":"https:\/\/www.axpourtous.fr\/index.php\/la-jeunesse\/","og_locale":"fr_FR","og_type":"article","og_title":"La jeunesse - Ax Pour Tous","og_description":"La jeunesse Projet Jeunesse d\u2019Ax-les-Thermes Une ambition communale pleinement inscrite dans la dynamique de la CCHA Ax-les-Thermes dispose d\u2019un cadre de vie attractif et d\u2019une jeunesse attach\u00e9e \u00e0 son territoire. Le diagnostic intercommunal men\u00e9 par la Communaut\u00e9 de Communes de la Haute-Ari\u00e8ge (CCHA) met en lumi\u00e8re une attente forte : disposer de lieux, de projets [&hellip;]","og_url":"https:\/\/www.axpourtous.fr\/index.php\/la-jeunesse\/","og_site_name":"Ax Pour Tous","article_modified_time":"2026-02-20T15:26:51+00:00","twitter_card":"summary_large_image","twitter_misc":{"Dur\u00e9e de lecture estim\u00e9e":"3 minutes"},"schema":{"@context":"https:\/\/schema.org","@graph":[{"@type":"WebPage","@id":"https:\/\/www.axpourtous.fr\/index.php\/la-jeunesse\/","url":"https:\/\/www.axpourtous.fr\/index.php\/la-jeunesse\/","name":"La jeunesse - Ax Pour Tous","isPartOf":{"@id":"https:\/\/www.axpourtous.fr\/#website"},"datePublished":"2026-02-08T10:14:37+00:00","dateModified":"2026-02-20T15:26:51+00:00","breadcrumb":{"@id":"https:\/\/www.axpourtous.fr\/index.php\/la-jeunesse\/#breadcrumb"},"inLanguage":"fr-FR","potentialAction":[{"@type":"ReadAction","target":["https:\/\/www.axpourtous.fr\/index.php\/la-jeunesse\/"]}]},{"@type":"BreadcrumbList","@id":"https:\/\/www.axpourtous.fr\/index.php\/la-jeunesse\/#breadcrumb","itemListElement":[{"@type":"ListItem","position":1,"name":"Accueil","item":"https:\/\/www.axpourtous.fr\/"},{"@type":"ListItem","position":2,"name":"La jeunesse"}]},{"@type":"WebSite","@id":"https:\/\/www.axpourtous.fr\/#website","url":"https:\/\/www.axpourtous.fr\/","name":"Ax Pour Tous","description":"Ax Pour Tous - Partageons Demain","publisher":{"@id":"https:\/\/www.axpourtous.fr\/#organization"},"potentialAction":[{"@type":"SearchAction","target":{"@type":"EntryPoint","urlTemplate":"https:\/\/www.axpourtous.fr\/?s={search_term_string}"},"query-input":{"@type":"PropertyValueSpecification","valueRequired":true,"valueName":"search_term_string"}}],"inLanguage":"fr-FR"},{"@type":"Organization","@id":"https:\/\/www.axpourtous.fr\/#organization","name":"Ax Pour Tous","url":"https:\/\/www.axpourtous.fr\/","logo":{"@type":"ImageObject","inLanguage":"fr-FR","@id":"https:\/\/www.axpourtous.fr\/#\/schema\/logo\/image\/","url":"https:\/\/www.axpourtous.fr\/wp-content\/uploads\/2026\/01\/cropped-Logo-Ax-pour-tous-1.jpg","contentUrl":"https:\/\/www.axpourtous.fr\/wp-content\/uploads\/2026\/01\/cropped-Logo-Ax-pour-tous-1.jpg","width":582,"height":271,"caption":"Ax Pour Tous"},"image":{"@id":"https:\/\/www.axpourtous.fr\/#\/schema\/logo\/image\/"}}]}},"_links":{"self":[{"href":"https:\/\/www.axpourtous.fr\/index.php\/wp-json\/wp\/v2\/pages\/1814","targetHints":{"allow":["GET"]}}],"collection":[{"href":"https:\/\/www.axpourtous.fr\/index.php\/wp-json\/wp\/v2\/pages"}],"about":[{"href":"https:\/\/www.axpourtous.fr\/index.php\/wp-json\/wp\/v2\/types\/page"}],"author":[{"embeddable":true,"href":"https:\/\/www.axpourtous.fr\/index.php\/wp-json\/wp\/v2\/users\/1"}],"replies":[{"embeddable":true,"href":"https:\/\/www.axpourtous.fr\/index.php\/wp-json\/wp\/v2\/comments?post=1814"}],"version-history":[{"count":7,"href":"https:\/\/www.axpourtous.fr\/index.php\/wp-json\/wp\/v2\/pages\/1814\/revisions"}],"predecessor-version":[{"id":1997,"href":"https:\/\/www.axpourtous.fr\/index.php\/wp-json\/wp\/v2\/pages\/1814\/revisions\/1997"}],"wp:attachment":[{"href":"https:\/\/www.axpourtous.fr\/index.php\/wp-json\/wp\/v2\/media?parent=1814"}],"curies":[{"name":"wp","href":"https:\/\/api.w.org\/{rel}","templated":true}]}}