{"id":1525,"date":"2026-01-22T14:36:09","date_gmt":"2026-01-22T14:36:09","guid":{"rendered":"https:\/\/www.axpourtous.fr\/?page_id=1525"},"modified":"2026-02-20T15:33:54","modified_gmt":"2026-02-20T15:33:54","slug":"alain-mayodon","status":"publish","type":"page","link":"https:\/\/www.axpourtous.fr\/index.php\/alain-mayodon\/","title":{"rendered":"Alain MAYODON"},"content":{"rendered":"\t\t<div data-elementor-type=\"wp-page\" data-elementor-id=\"1525\" class=\"elementor elementor-1525\">\n\t\t\t\t<div class=\"elementor-element elementor-element-a8c4013 e-flex e-con-boxed e-con e-parent\" data-id=\"a8c4013\" data-element_type=\"container\" data-e-type=\"container\">\n\t\t\t\t\t<div class=\"e-con-inner\">\n\t\t<div class=\"elementor-element elementor-element-1bc349c e-con-full e-flex e-con e-child\" data-id=\"1bc349c\" data-element_type=\"container\" data-e-type=\"container\">\n\t\t\t\t<div class=\"elementor-element elementor-element-be4d23e elementor-widget elementor-widget-image\" data-id=\"be4d23e\" data-element_type=\"widget\" data-e-type=\"widget\" data-widget_type=\"image.default\">\n\t\t\t\t\t\t\t\t\t\t\t\t\t\t\t<img fetchpriority=\"high\" decoding=\"async\" width=\"333\" height=\"499\" src=\"https:\/\/www.axpourtous.fr\/wp-content\/uploads\/2026\/01\/Alain-MAYODON.jpg\" class=\"attachment-large size-large wp-image-1511\" alt=\"Alain MAYODON\" srcset=\"https:\/\/www.axpourtous.fr\/wp-content\/uploads\/2026\/01\/Alain-MAYODON.jpg 333w, https:\/\/www.axpourtous.fr\/wp-content\/uploads\/2026\/01\/Alain-MAYODON-200x300.jpg 200w\" sizes=\"(max-width: 333px) 100vw, 333px\" \/>\t\t\t\t\t\t\t\t\t\t\t\t\t\t\t<\/div>\n\t\t\t\t<\/div>\n\t\t<div class=\"elementor-element elementor-element-a4658e2 e-con-full e-flex e-con e-child\" data-id=\"a4658e2\" data-element_type=\"container\" data-e-type=\"container\">\n\t\t\t\t<div class=\"elementor-element elementor-element-68acc54 elementor-widget elementor-widget-text-editor\" data-id=\"68acc54\" data-element_type=\"widget\" data-e-type=\"widget\" data-widget_type=\"text-editor.default\">\n\t\t\t\t\t\t\t\t\t<p><strong>Alain MAYODON<\/strong><\/p><p>Je vis et travaille \u00e0 Ax-les-Thermes depuis plus de cinquante ans. J\u2019y suis arriv\u00e9 en d\u00e9cembre 1970 pour travailler \u00e0 la station, et depuis, ma vie personnelle, professionnelle et publique est profond\u00e9ment li\u00e9e \u00e0 la commune. Install\u00e9 depuis de nombreuses ann\u00e9es aux Bazerques, je suis mari\u00e9 \u00e0 une Ax\u00e9enne, p\u00e8re de trois enfants et maintenant arri\u00e8re-grand-p\u00e8re. <br \/>J\u2019ai d\u2019abord v\u00e9cu la station de l\u2019int\u00e9rieur sous le mandat de Mario Beulaygue puis comme \u00e9lu, dans ses p\u00e9riodes de d\u00e9veloppement comme dans ses moments plus complexes toujours avec un objectif clair : la s\u00e9curit\u00e9 des usagers et la fiabilit\u00e9 des installations. <br \/>J\u2019ai \u00e9t\u00e9 \u00e9lu conseiller municipal en 1977 avec Alain Aybram puis ai exerc\u00e9 trois mandats depuis 2008. Depuis le mandat de Pierre Peyronne, j\u2019ai toujours \u00e9t\u00e9 fortement impliqu\u00e9 dans les travaux municipaux. Avec Dominique Fourcade, j\u2019ai \u00e9t\u00e9 Adjoint aux travaux, avec \u00e9galement des responsabilit\u00e9s en mati\u00e8re de s\u00e9curit\u00e9 et de police municipale.<br \/>J\u2019ai repr\u00e9sent\u00e9 la commune au sein de plusieurs structures (SMDEA, SD09, SAVASEM, SDIS) et assur\u00e9 pendant de nombreuses ann\u00e9es les commissions de s\u00e9curit\u00e9.<br \/>Je me suis engag\u00e9 pleinement dans des projets qui ont compt\u00e9 pour le d\u00e9veloppement de la ville et je ne parle pas de fiert\u00e9 personnelle, mais de travail accompli. Ainsi, le thermoludisme avec les Bains du Couloubret ont profond\u00e9ment renforc\u00e9 l\u2019attractivit\u00e9 de la ville. J\u2019ai toujours essay\u00e9 de faire avancer les dossiers, parfois en bousculant les habitudes, avec mon caract\u00e8re, mais avec une seule id\u00e9e en t\u00eate : l\u2019int\u00e9r\u00eat de la commune.<br \/>J\u2019ai accept\u00e9 d\u2019\u00eatre suppl\u00e9ant sur la liste d\u2019Alain Pibouleau, en fin de liste, par choix personnel. Mon objectif est simple : permettre la continuit\u00e9 du travail engag\u00e9, apporter mon exp\u00e9rience lorsqu\u2019elle est utile et rester disponible si la situation l\u2019exige.<br \/>Si je peux encore \u00eatre utile \u00e0 Ax-les-Thermes, alors je le fais, simplement.<\/p>\t\t\t\t\t\t\t\t<\/div>\n\t\t\t\t<\/div>\n\t\t\t\t\t<\/div>\n\t\t\t\t<\/div>\n\t\t<div class=\"elementor-element elementor-element-4d66415 e-flex e-con-boxed e-con e-parent\" data-id=\"4d66415\" data-element_type=\"container\" data-e-type=\"container\">\n\t\t\t\t\t<div class=\"e-con-inner\">\n\t\t\t\t<div class=\"elementor-element elementor-element-ccfba9e elementor-widget elementor-widget-text-editor\" data-id=\"ccfba9e\" data-element_type=\"widget\" data-e-type=\"widget\" data-widget_type=\"text-editor.default\">\n\t\t\t\t\t\t\t\t\t<p>Une question \u00e0 nous poser ?<\/p><p>Envoyez nous un mail \u00e0 <strong>axpourtous@gmail.com<\/strong> et nous vous r\u00e9pondrons au plus vite.<\/p>\t\t\t\t\t\t\t\t<\/div>\n\t\t\t\t\t<\/div>\n\t\t\t\t<\/div>\n\t\t\t\t<\/div>\n\t\t","protected":false},"excerpt":{"rendered":"<p>Alain MAYODON Je vis et travaille \u00e0 Ax-les-Thermes depuis plus de cinquante ans. J\u2019y suis arriv\u00e9 en d\u00e9cembre 1970 pour travailler \u00e0 la station, et depuis, ma vie personnelle, professionnelle et publique est profond\u00e9ment li\u00e9e \u00e0 la commune. Install\u00e9 depuis de nombreuses ann\u00e9es aux Bazerques, je suis mari\u00e9 \u00e0 une Ax\u00e9enne, p\u00e8re de trois enfants [&hellip;]<\/p>\n","protected":false},"author":1,"featured_media":0,"parent":0,"menu_order":0,"comment_status":"closed","ping_status":"closed","template":"","meta":{"_monsterinsights_skip_tracking":false,"_monsterinsights_sitenote_active":false,"_monsterinsights_sitenote_note":"","_monsterinsights_sitenote_category":0,"ocean_post_layout":"","ocean_both_sidebars_style":"","ocean_both_sidebars_content_width":0,"ocean_both_sidebars_sidebars_width":0,"ocean_sidebar":"","ocean_second_sidebar":"","ocean_disable_margins":"enable","ocean_add_body_class":"","ocean_shortcode_before_top_bar":"","ocean_shortcode_after_top_bar":"","ocean_shortcode_before_header":"","ocean_shortcode_after_header":"","ocean_has_shortcode":"","ocean_shortcode_after_title":"","ocean_shortcode_before_footer_widgets":"","ocean_shortcode_after_footer_widgets":"","ocean_shortcode_before_footer_bottom":"","ocean_shortcode_after_footer_bottom":"","ocean_display_top_bar":"default","ocean_display_header":"default","ocean_header_style":"","ocean_center_header_left_menu":"","ocean_custom_header_template":"","ocean_custom_logo":0,"ocean_custom_retina_logo":0,"ocean_custom_logo_max_width":0,"ocean_custom_logo_tablet_max_width":0,"ocean_custom_logo_mobile_max_width":0,"ocean_custom_logo_max_height":0,"ocean_custom_logo_tablet_max_height":0,"ocean_custom_logo_mobile_max_height":0,"ocean_header_custom_menu":"","ocean_menu_typo_font_family":"","ocean_menu_typo_font_subset":"","ocean_menu_typo_font_size":0,"ocean_menu_typo_font_size_tablet":0,"ocean_menu_typo_font_size_mobile":0,"ocean_menu_typo_font_size_unit":"px","ocean_menu_typo_font_weight":"","ocean_menu_typo_font_weight_tablet":"","ocean_menu_typo_font_weight_mobile":"","ocean_menu_typo_transform":"","ocean_menu_typo_transform_tablet":"","ocean_menu_typo_transform_mobile":"","ocean_menu_typo_line_height":0,"ocean_menu_typo_line_height_tablet":0,"ocean_menu_typo_line_height_mobile":0,"ocean_menu_typo_line_height_unit":"","ocean_menu_typo_spacing":0,"ocean_menu_typo_spacing_tablet":0,"ocean_menu_typo_spacing_mobile":0,"ocean_menu_typo_spacing_unit":"","ocean_menu_link_color":"","ocean_menu_link_color_hover":"","ocean_menu_link_color_active":"","ocean_menu_link_background":"","ocean_menu_link_hover_background":"","ocean_menu_link_active_background":"","ocean_menu_social_links_bg":"","ocean_menu_social_hover_links_bg":"","ocean_menu_social_links_color":"","ocean_menu_social_hover_links_color":"","ocean_disable_title":"default","ocean_disable_heading":"default","ocean_post_title":"","ocean_post_subheading":"","ocean_post_title_style":"","ocean_post_title_background_color":"","ocean_post_title_background":0,"ocean_post_title_bg_image_position":"","ocean_post_title_bg_image_attachment":"","ocean_post_title_bg_image_repeat":"","ocean_post_title_bg_image_size":"","ocean_post_title_height":0,"ocean_post_title_bg_overlay":0.5,"ocean_post_title_bg_overlay_color":"","ocean_disable_breadcrumbs":"default","ocean_breadcrumbs_color":"","ocean_breadcrumbs_separator_color":"","ocean_breadcrumbs_links_color":"","ocean_breadcrumbs_links_hover_color":"","ocean_display_footer_widgets":"default","ocean_display_footer_bottom":"default","ocean_custom_footer_template":"","footnotes":""},"class_list":["post-1525","page","type-page","status-publish","hentry","entry"],"yoast_head":"<!-- This site is optimized with the Yoast SEO plugin v27.0 - https:\/\/yoast.com\/product\/yoast-seo-wordpress\/ -->\n<title>Alain MAYODON - Ax Pour Tous<\/title>\n<meta name=\"robots\" content=\"index, follow, max-snippet:-1, max-image-preview:large, max-video-preview:-1\" \/>\n<link rel=\"canonical\" href=\"https:\/\/www.axpourtous.fr\/index.php\/alain-mayodon\/\" \/>\n<meta property=\"og:locale\" content=\"fr_FR\" \/>\n<meta property=\"og:type\" content=\"article\" \/>\n<meta property=\"og:title\" content=\"Alain MAYODON - Ax Pour Tous\" \/>\n<meta property=\"og:description\" content=\"Alain MAYODON Je vis et travaille \u00e0 Ax-les-Thermes depuis plus de cinquante ans. J\u2019y suis arriv\u00e9 en d\u00e9cembre 1970 pour travailler \u00e0 la station, et depuis, ma vie personnelle, professionnelle et publique est profond\u00e9ment li\u00e9e \u00e0 la commune. Install\u00e9 depuis de nombreuses ann\u00e9es aux Bazerques, je suis mari\u00e9 \u00e0 une Ax\u00e9enne, p\u00e8re de trois enfants [&hellip;]\" \/>\n<meta property=\"og:url\" content=\"https:\/\/www.axpourtous.fr\/index.php\/alain-mayodon\/\" \/>\n<meta property=\"og:site_name\" content=\"Ax Pour Tous\" \/>\n<meta property=\"article:modified_time\" content=\"2026-02-20T15:33:54+00:00\" \/>\n<meta property=\"og:image\" content=\"https:\/\/www.axpourtous.fr\/wp-content\/uploads\/2026\/01\/Alain-MAYODON.jpg\" \/>\n\t<meta property=\"og:image:width\" content=\"333\" \/>\n\t<meta property=\"og:image:height\" content=\"499\" \/>\n\t<meta property=\"og:image:type\" content=\"image\/jpeg\" \/>\n<meta name=\"twitter:card\" content=\"summary_large_image\" \/>\n<meta name=\"twitter:label1\" content=\"Dur\u00e9e de lecture estim\u00e9e\" \/>\n\t<meta name=\"twitter:data1\" content=\"2 minutes\" \/>\n<script type=\"application\/ld+json\" class=\"yoast-schema-graph\">{\"@context\":\"https:\/\/schema.org\",\"@graph\":[{\"@type\":\"WebPage\",\"@id\":\"https:\/\/www.axpourtous.fr\/index.php\/alain-mayodon\/\",\"url\":\"https:\/\/www.axpourtous.fr\/index.php\/alain-mayodon\/\",\"name\":\"Alain MAYODON - Ax Pour Tous\",\"isPartOf\":{\"@id\":\"https:\/\/www.axpourtous.fr\/#website\"},\"primaryImageOfPage\":{\"@id\":\"https:\/\/www.axpourtous.fr\/index.php\/alain-mayodon\/#primaryimage\"},\"image\":{\"@id\":\"https:\/\/www.axpourtous.fr\/index.php\/alain-mayodon\/#primaryimage\"},\"thumbnailUrl\":\"https:\/\/www.axpourtous.fr\/wp-content\/uploads\/2026\/01\/Alain-MAYODON.jpg\",\"datePublished\":\"2026-01-22T14:36:09+00:00\",\"dateModified\":\"2026-02-20T15:33:54+00:00\",\"breadcrumb\":{\"@id\":\"https:\/\/www.axpourtous.fr\/index.php\/alain-mayodon\/#breadcrumb\"},\"inLanguage\":\"fr-FR\",\"potentialAction\":[{\"@type\":\"ReadAction\",\"target\":[\"https:\/\/www.axpourtous.fr\/index.php\/alain-mayodon\/\"]}]},{\"@type\":\"ImageObject\",\"inLanguage\":\"fr-FR\",\"@id\":\"https:\/\/www.axpourtous.fr\/index.php\/alain-mayodon\/#primaryimage\",\"url\":\"https:\/\/www.axpourtous.fr\/wp-content\/uploads\/2026\/01\/Alain-MAYODON.jpg\",\"contentUrl\":\"https:\/\/www.axpourtous.fr\/wp-content\/uploads\/2026\/01\/Alain-MAYODON.jpg\",\"width\":333,\"height\":499,\"caption\":\"Alain MAYODON\"},{\"@type\":\"BreadcrumbList\",\"@id\":\"https:\/\/www.axpourtous.fr\/index.php\/alain-mayodon\/#breadcrumb\",\"itemListElement\":[{\"@type\":\"ListItem\",\"position\":1,\"name\":\"Accueil\",\"item\":\"https:\/\/www.axpourtous.fr\/\"},{\"@type\":\"ListItem\",\"position\":2,\"name\":\"Alain MAYODON\"}]},{\"@type\":\"WebSite\",\"@id\":\"https:\/\/www.axpourtous.fr\/#website\",\"url\":\"https:\/\/www.axpourtous.fr\/\",\"name\":\"Ax Pour Tous\",\"description\":\"Ax Pour Tous - Partageons Demain\",\"publisher\":{\"@id\":\"https:\/\/www.axpourtous.fr\/#organization\"},\"potentialAction\":[{\"@type\":\"SearchAction\",\"target\":{\"@type\":\"EntryPoint\",\"urlTemplate\":\"https:\/\/www.axpourtous.fr\/?s={search_term_string}\"},\"query-input\":{\"@type\":\"PropertyValueSpecification\",\"valueRequired\":true,\"valueName\":\"search_term_string\"}}],\"inLanguage\":\"fr-FR\"},{\"@type\":\"Organization\",\"@id\":\"https:\/\/www.axpourtous.fr\/#organization\",\"name\":\"Ax Pour Tous\",\"url\":\"https:\/\/www.axpourtous.fr\/\",\"logo\":{\"@type\":\"ImageObject\",\"inLanguage\":\"fr-FR\",\"@id\":\"https:\/\/www.axpourtous.fr\/#\/schema\/logo\/image\/\",\"url\":\"https:\/\/www.axpourtous.fr\/wp-content\/uploads\/2026\/01\/cropped-Logo-Ax-pour-tous-1.jpg\",\"contentUrl\":\"https:\/\/www.axpourtous.fr\/wp-content\/uploads\/2026\/01\/cropped-Logo-Ax-pour-tous-1.jpg\",\"width\":582,\"height\":271,\"caption\":\"Ax Pour Tous\"},\"image\":{\"@id\":\"https:\/\/www.axpourtous.fr\/#\/schema\/logo\/image\/\"}}]}<\/script>\n<!-- \/ Yoast SEO plugin. -->","yoast_head_json":{"title":"Alain MAYODON - Ax Pour Tous","robots":{"index":"index","follow":"follow","max-snippet":"max-snippet:-1","max-image-preview":"max-image-preview:large","max-video-preview":"max-video-preview:-1"},"canonical":"https:\/\/www.axpourtous.fr\/index.php\/alain-mayodon\/","og_locale":"fr_FR","og_type":"article","og_title":"Alain MAYODON - Ax Pour Tous","og_description":"Alain MAYODON Je vis et travaille \u00e0 Ax-les-Thermes depuis plus de cinquante ans. J\u2019y suis arriv\u00e9 en d\u00e9cembre 1970 pour travailler \u00e0 la station, et depuis, ma vie personnelle, professionnelle et publique est profond\u00e9ment li\u00e9e \u00e0 la commune. Install\u00e9 depuis de nombreuses ann\u00e9es aux Bazerques, je suis mari\u00e9 \u00e0 une Ax\u00e9enne, p\u00e8re de trois enfants [&hellip;]","og_url":"https:\/\/www.axpourtous.fr\/index.php\/alain-mayodon\/","og_site_name":"Ax Pour Tous","article_modified_time":"2026-02-20T15:33:54+00:00","og_image":[{"width":333,"height":499,"url":"https:\/\/www.axpourtous.fr\/wp-content\/uploads\/2026\/01\/Alain-MAYODON.jpg","type":"image\/jpeg"}],"twitter_card":"summary_large_image","twitter_misc":{"Dur\u00e9e de lecture estim\u00e9e":"2 minutes"},"schema":{"@context":"https:\/\/schema.org","@graph":[{"@type":"WebPage","@id":"https:\/\/www.axpourtous.fr\/index.php\/alain-mayodon\/","url":"https:\/\/www.axpourtous.fr\/index.php\/alain-mayodon\/","name":"Alain MAYODON - Ax Pour Tous","isPartOf":{"@id":"https:\/\/www.axpourtous.fr\/#website"},"primaryImageOfPage":{"@id":"https:\/\/www.axpourtous.fr\/index.php\/alain-mayodon\/#primaryimage"},"image":{"@id":"https:\/\/www.axpourtous.fr\/index.php\/alain-mayodon\/#primaryimage"},"thumbnailUrl":"https:\/\/www.axpourtous.fr\/wp-content\/uploads\/2026\/01\/Alain-MAYODON.jpg","datePublished":"2026-01-22T14:36:09+00:00","dateModified":"2026-02-20T15:33:54+00:00","breadcrumb":{"@id":"https:\/\/www.axpourtous.fr\/index.php\/alain-mayodon\/#breadcrumb"},"inLanguage":"fr-FR","potentialAction":[{"@type":"ReadAction","target":["https:\/\/www.axpourtous.fr\/index.php\/alain-mayodon\/"]}]},{"@type":"ImageObject","inLanguage":"fr-FR","@id":"https:\/\/www.axpourtous.fr\/index.php\/alain-mayodon\/#primaryimage","url":"https:\/\/www.axpourtous.fr\/wp-content\/uploads\/2026\/01\/Alain-MAYODON.jpg","contentUrl":"https:\/\/www.axpourtous.fr\/wp-content\/uploads\/2026\/01\/Alain-MAYODON.jpg","width":333,"height":499,"caption":"Alain MAYODON"},{"@type":"BreadcrumbList","@id":"https:\/\/www.axpourtous.fr\/index.php\/alain-mayodon\/#breadcrumb","itemListElement":[{"@type":"ListItem","position":1,"name":"Accueil","item":"https:\/\/www.axpourtous.fr\/"},{"@type":"ListItem","position":2,"name":"Alain MAYODON"}]},{"@type":"WebSite","@id":"https:\/\/www.axpourtous.fr\/#website","url":"https:\/\/www.axpourtous.fr\/","name":"Ax Pour Tous","description":"Ax Pour Tous - Partageons Demain","publisher":{"@id":"https:\/\/www.axpourtous.fr\/#organization"},"potentialAction":[{"@type":"SearchAction","target":{"@type":"EntryPoint","urlTemplate":"https:\/\/www.axpourtous.fr\/?s={search_term_string}"},"query-input":{"@type":"PropertyValueSpecification","valueRequired":true,"valueName":"search_term_string"}}],"inLanguage":"fr-FR"},{"@type":"Organization","@id":"https:\/\/www.axpourtous.fr\/#organization","name":"Ax Pour Tous","url":"https:\/\/www.axpourtous.fr\/","logo":{"@type":"ImageObject","inLanguage":"fr-FR","@id":"https:\/\/www.axpourtous.fr\/#\/schema\/logo\/image\/","url":"https:\/\/www.axpourtous.fr\/wp-content\/uploads\/2026\/01\/cropped-Logo-Ax-pour-tous-1.jpg","contentUrl":"https:\/\/www.axpourtous.fr\/wp-content\/uploads\/2026\/01\/cropped-Logo-Ax-pour-tous-1.jpg","width":582,"height":271,"caption":"Ax Pour Tous"},"image":{"@id":"https:\/\/www.axpourtous.fr\/#\/schema\/logo\/image\/"}}]}},"_links":{"self":[{"href":"https:\/\/www.axpourtous.fr\/index.php\/wp-json\/wp\/v2\/pages\/1525","targetHints":{"allow":["GET"]}}],"collection":[{"href":"https:\/\/www.axpourtous.fr\/index.php\/wp-json\/wp\/v2\/pages"}],"about":[{"href":"https:\/\/www.axpourtous.fr\/index.php\/wp-json\/wp\/v2\/types\/page"}],"author":[{"embeddable":true,"href":"https:\/\/www.axpourtous.fr\/index.php\/wp-json\/wp\/v2\/users\/1"}],"replies":[{"embeddable":true,"href":"https:\/\/www.axpourtous.fr\/index.php\/wp-json\/wp\/v2\/comments?post=1525"}],"version-history":[{"count":13,"href":"https:\/\/www.axpourtous.fr\/index.php\/wp-json\/wp\/v2\/pages\/1525\/revisions"}],"predecessor-version":[{"id":2021,"href":"https:\/\/www.axpourtous.fr\/index.php\/wp-json\/wp\/v2\/pages\/1525\/revisions\/2021"}],"wp:attachment":[{"href":"https:\/\/www.axpourtous.fr\/index.php\/wp-json\/wp\/v2\/media?parent=1525"}],"curies":[{"name":"wp","href":"https:\/\/api.w.org\/{rel}","templated":true}]}}